{"id":30253,"date":"2025-12-01T10:04:03","date_gmt":"2025-12-01T09:04:03","guid":{"rendered":"https:\/\/winstage.at\/?post_type=product&#038;p=30253"},"modified":"2025-12-01T10:04:04","modified_gmt":"2025-12-01T09:04:04","slug":"frau-mit-tasche-alfio-sacco","status":"publish","type":"product","link":"https:\/\/winstage.at\/en\/event\/frau-mit-tasche-alfio-sacco\/","title":{"rendered":"Frau mit Tasche"},"content":{"rendered":"<p>In diesem Werk wollte ich die Dynamik und das Chaos des Stadtlebens mit leuchtenden Farben und verschwommenen Bewegungen einfangen. Ich habe die pulsierende Energie der Stra\u00dfen zum Ausdruck gebracht und lade Sie ein, in diesen chaotischen Strom von Emotionen und sich \u00fcberschneidenden Geschichten einzutauchen. Dieses Bild verleiht jedem Raum Lebendigkeit und einen Hauch zeitgen\u00f6ssischer Mystik.<\/p>\n","protected":false},"excerpt":{"rendered":"<p>In diesem Werk wollte ich die Dynamik und das Chaos des Stadtlebens mit leuchtenden Farben&#8230;<\/p>\n","protected":false},"author":175,"featured_media":30233,"template":"","meta":{"_acf_changed":false,"iawp_total_views":0},"besichtigung":[1058],"filter_size":[1063],"filter_style":[1068],"filter_technique":[1092],"kunstler":[1231],"product_brand":[],"product_cat":[1130],"product_tag":[],"class_list":{"0":"post-30253","1":"product","2":"type-product","3":"status-publish","4":"has-post-thumbnail","6":"besichtigung-nur-online","7":"filter_size-m","8":"filter_style-photography","9":"filter_technique-print","10":"kunstler-alfio-sacco","11":"product_cat-pro","13":"first","14":"instock","15":"shipping-taxable","16":"purchasable","17":"product-type-simple"},"acf":[],"_links":{"self":[{"href":"https:\/\/winstage.at\/en\/wp-json\/wp\/v2\/product\/30253","targetHints":{"allow":["GET"]}}],"collection":[{"href":"https:\/\/winstage.at\/en\/wp-json\/wp\/v2\/product"}],"about":[{"href":"https:\/\/winstage.at\/en\/wp-json\/wp\/v2\/types\/product"}],"author":[{"embeddable":true,"href":"https:\/\/winstage.at\/en\/wp-json\/wp\/v2\/users\/175"}],"wp:featuredmedia":[{"embeddable":true,"href":"https:\/\/winstage.at\/en\/wp-json\/wp\/v2\/media\/30233"}],"wp:attachment":[{"href":"https:\/\/winstage.at\/en\/wp-json\/wp\/v2\/media?parent=30253"}],"wp:term":[{"taxonomy":"besichtigung","embeddable":true,"href":"https:\/\/winstage.at\/en\/wp-json\/wp\/v2\/besichtigung?post=30253"},{"taxonomy":"filter_size","embeddable":true,"href":"https:\/\/winstage.at\/en\/wp-json\/wp\/v2\/filter_size?post=30253"},{"taxonomy":"filter_style","embeddable":true,"href":"https:\/\/winstage.at\/en\/wp-json\/wp\/v2\/filter_style?post=30253"},{"taxonomy":"filter_technique","embeddable":true,"href":"https:\/\/winstage.at\/en\/wp-json\/wp\/v2\/filter_technique?post=30253"},{"taxonomy":"kunstler","embeddable":true,"href":"https:\/\/winstage.at\/en\/wp-json\/wp\/v2\/kunstler?post=30253"},{"taxonomy":"product_brand","embeddable":true,"href":"https:\/\/winstage.at\/en\/wp-json\/wp\/v2\/product_brand?post=30253"},{"taxonomy":"product_cat","embeddable":true,"href":"https:\/\/winstage.at\/en\/wp-json\/wp\/v2\/product_cat?post=30253"},{"taxonomy":"product_tag","embeddable":true,"href":"https:\/\/winstage.at\/en\/wp-json\/wp\/v2\/product_tag?post=30253"}],"curies":[{"name":"wp","href":"https:\/\/api.w.org\/{rel}","templated":true}]}}