{"id":30255,"date":"2025-12-01T10:04:15","date_gmt":"2025-12-01T09:04:15","guid":{"rendered":"https:\/\/winstage.at\/?post_type=product&#038;p=30255"},"modified":"2025-12-01T10:04:16","modified_gmt":"2025-12-01T09:04:16","slug":"kuba_1-alfio-sacco","status":"publish","type":"product","link":"https:\/\/winstage.at\/en\/event\/kuba_1-alfio-sacco\/","title":{"rendered":"Kuba_1"},"content":{"rendered":"<p>In diesem Werk fange ich das schwer fassbare Wesen der Stadt ein, einen Strudel aus Farben und Formen, die wie Emotionen in Bewegung verschmelzen. Ich wollte das Chaos und die unsichtbare Sch\u00f6nheit des Gro\u00dfstadtlebens vermitteln, eine pulsierende Energie, die Raum und Zeit transformiert. Stellen Sie sich vor, wie diese flie\u00dfende Energie Ihr Zuhause mit Lebendigkeit und Geheimnis erf\u00fcllt und jeden Blick zu einer emotionalen Reise macht.<\/p>\n","protected":false},"excerpt":{"rendered":"<p>In diesem Werk fange ich das schwer fassbare Wesen der Stadt ein, einen Strudel aus&#8230;<\/p>\n","protected":false},"author":175,"featured_media":30235,"template":"","meta":{"_acf_changed":false,"iawp_total_views":0},"besichtigung":[1058],"filter_size":[1064],"filter_style":[1068],"filter_technique":[1092],"kunstler":[1231],"product_brand":[],"product_cat":[1130],"product_tag":[],"class_list":{"0":"post-30255","1":"product","2":"type-product","3":"status-publish","4":"has-post-thumbnail","6":"besichtigung-nur-online","7":"filter_size-l","8":"filter_style-photography","9":"filter_technique-print","10":"kunstler-alfio-sacco","11":"product_cat-pro","13":"first","14":"instock","15":"shipping-taxable","16":"purchasable","17":"product-type-simple"},"acf":[],"_links":{"self":[{"href":"https:\/\/winstage.at\/en\/wp-json\/wp\/v2\/product\/30255","targetHints":{"allow":["GET"]}}],"collection":[{"href":"https:\/\/winstage.at\/en\/wp-json\/wp\/v2\/product"}],"about":[{"href":"https:\/\/winstage.at\/en\/wp-json\/wp\/v2\/types\/product"}],"author":[{"embeddable":true,"href":"https:\/\/winstage.at\/en\/wp-json\/wp\/v2\/users\/175"}],"wp:featuredmedia":[{"embeddable":true,"href":"https:\/\/winstage.at\/en\/wp-json\/wp\/v2\/media\/30235"}],"wp:attachment":[{"href":"https:\/\/winstage.at\/en\/wp-json\/wp\/v2\/media?parent=30255"}],"wp:term":[{"taxonomy":"besichtigung","embeddable":true,"href":"https:\/\/winstage.at\/en\/wp-json\/wp\/v2\/besichtigung?post=30255"},{"taxonomy":"filter_size","embeddable":true,"href":"https:\/\/winstage.at\/en\/wp-json\/wp\/v2\/filter_size?post=30255"},{"taxonomy":"filter_style","embeddable":true,"href":"https:\/\/winstage.at\/en\/wp-json\/wp\/v2\/filter_style?post=30255"},{"taxonomy":"filter_technique","embeddable":true,"href":"https:\/\/winstage.at\/en\/wp-json\/wp\/v2\/filter_technique?post=30255"},{"taxonomy":"kunstler","embeddable":true,"href":"https:\/\/winstage.at\/en\/wp-json\/wp\/v2\/kunstler?post=30255"},{"taxonomy":"product_brand","embeddable":true,"href":"https:\/\/winstage.at\/en\/wp-json\/wp\/v2\/product_brand?post=30255"},{"taxonomy":"product_cat","embeddable":true,"href":"https:\/\/winstage.at\/en\/wp-json\/wp\/v2\/product_cat?post=30255"},{"taxonomy":"product_tag","embeddable":true,"href":"https:\/\/winstage.at\/en\/wp-json\/wp\/v2\/product_tag?post=30255"}],"curies":[{"name":"wp","href":"https:\/\/api.w.org\/{rel}","templated":true}]}}