{"id":30628,"date":"2025-12-02T17:37:48","date_gmt":"2025-12-02T16:37:48","guid":{"rendered":"https:\/\/winstage.at\/?post_type=product&#038;p=30628"},"modified":"2025-12-02T17:37:49","modified_gmt":"2025-12-02T16:37:49","slug":"ari-alfio-sacco","status":"publish","type":"product","link":"https:\/\/winstage.at\/en\/event\/ari-alfio-sacco\/","title":{"rendered":"ARI"},"content":{"rendered":"<p>In diesem Foto habe ich die verborgene Seele der Stadt eingefangen, die Spuren der Zeit und die Spuren vergessener Geschichten. Ich wollte die Sch\u00f6nheit im Unvollkommenen, die rohe und authentische Energie, die in den Oberfl\u00e4chen des Stadtlebens schlummert, zum Ausdruck bringen. Dieses Bild vermittelt ein Gef\u00fchl von lebendiger Geschichte und Geheimnis \u2013 perfekt f\u00fcr alle, die sich eine lebendige und authentische Atmosph\u00e4re in ihren vier W\u00e4nden w\u00fcnschen.<\/p>\n","protected":false},"excerpt":{"rendered":"<p>In diesem Foto habe ich die verborgene Seele der Stadt eingefangen, die Spuren der Zeit&#8230;<\/p>\n","protected":false},"author":175,"featured_media":30625,"template":"","meta":{"_acf_changed":false,"iawp_total_views":0},"besichtigung":[762],"filter_size":[37],"filter_style":[888],"filter_technique":[108],"kunstler":[1230],"product_brand":[],"product_cat":[944],"product_tag":[],"class_list":{"0":"post-30628","1":"product","2":"type-product","3":"status-publish","4":"has-post-thumbnail","6":"besichtigung-nur-online","7":"filter_size-m","8":"filter_style-fotografie","9":"filter_technique-print","10":"kunstler-alfio-sacco","11":"product_cat-pro","13":"first","14":"instock","15":"shipping-taxable","16":"purchasable","17":"product-type-simple"},"acf":[],"_links":{"self":[{"href":"https:\/\/winstage.at\/en\/wp-json\/wp\/v2\/product\/30628","targetHints":{"allow":["GET"]}}],"collection":[{"href":"https:\/\/winstage.at\/en\/wp-json\/wp\/v2\/product"}],"about":[{"href":"https:\/\/winstage.at\/en\/wp-json\/wp\/v2\/types\/product"}],"author":[{"embeddable":true,"href":"https:\/\/winstage.at\/en\/wp-json\/wp\/v2\/users\/175"}],"wp:featuredmedia":[{"embeddable":true,"href":"https:\/\/winstage.at\/en\/wp-json\/wp\/v2\/media\/30625"}],"wp:attachment":[{"href":"https:\/\/winstage.at\/en\/wp-json\/wp\/v2\/media?parent=30628"}],"wp:term":[{"taxonomy":"besichtigung","embeddable":true,"href":"https:\/\/winstage.at\/en\/wp-json\/wp\/v2\/besichtigung?post=30628"},{"taxonomy":"filter_size","embeddable":true,"href":"https:\/\/winstage.at\/en\/wp-json\/wp\/v2\/filter_size?post=30628"},{"taxonomy":"filter_style","embeddable":true,"href":"https:\/\/winstage.at\/en\/wp-json\/wp\/v2\/filter_style?post=30628"},{"taxonomy":"filter_technique","embeddable":true,"href":"https:\/\/winstage.at\/en\/wp-json\/wp\/v2\/filter_technique?post=30628"},{"taxonomy":"kunstler","embeddable":true,"href":"https:\/\/winstage.at\/en\/wp-json\/wp\/v2\/kunstler?post=30628"},{"taxonomy":"product_brand","embeddable":true,"href":"https:\/\/winstage.at\/en\/wp-json\/wp\/v2\/product_brand?post=30628"},{"taxonomy":"product_cat","embeddable":true,"href":"https:\/\/winstage.at\/en\/wp-json\/wp\/v2\/product_cat?post=30628"},{"taxonomy":"product_tag","embeddable":true,"href":"https:\/\/winstage.at\/en\/wp-json\/wp\/v2\/product_tag?post=30628"}],"curies":[{"name":"wp","href":"https:\/\/api.w.org\/{rel}","templated":true}]}}