{"id":30637,"date":"2025-12-02T18:26:16","date_gmt":"2025-12-02T17:26:16","guid":{"rendered":"https:\/\/winstage.at\/?post_type=product&#038;p=30637"},"modified":"2025-12-02T18:27:12","modified_gmt":"2025-12-02T17:27:12","slug":"ombre_12-sacco-alfio","status":"publish","type":"product","link":"https:\/\/winstage.at\/en\/event\/ombre_12-sacco-alfio\/","title":{"rendered":"Ombre_12"},"content":{"rendered":"<p>In dieser digitalen Fotografie habe ich die fl\u00fcchtige Essenz der Stadt durch Schatten und Bewegung eingefangen. Ich wollte die Energie vermitteln, die in kleinen, allt\u00e4glichen Handlungen verborgen liegt, die geheimnisvolle und fast poetische Dynamik, die unter der sichtbaren Oberfl\u00e4che schlummert. Das Werk vermittelt ein Gef\u00fchl von Dynamik und Rhythmus und eignet sich perfekt, um jedem Raum eine lebendige und einzigartige Atmosph\u00e4re zu verleihen.<\/p>\n","protected":false},"excerpt":{"rendered":"<p>In dieser digitalen Fotografie habe ich die fl\u00fcchtige Essenz der Stadt durch Schatten und Bewegung&#8230;<\/p>\n","protected":false},"author":175,"featured_media":30635,"template":"","meta":{"_acf_changed":false,"iawp_total_views":0},"besichtigung":[762],"filter_size":[37],"filter_style":[888],"filter_technique":[108],"kunstler":[1230],"product_brand":[],"product_cat":[944],"product_tag":[],"class_list":{"0":"post-30637","1":"product","2":"type-product","3":"status-publish","4":"has-post-thumbnail","6":"besichtigung-nur-online","7":"filter_size-m","8":"filter_style-fotografie","9":"filter_technique-print","10":"kunstler-alfio-sacco","11":"product_cat-pro","13":"first","14":"instock","15":"shipping-taxable","16":"purchasable","17":"product-type-simple"},"acf":[],"_links":{"self":[{"href":"https:\/\/winstage.at\/en\/wp-json\/wp\/v2\/product\/30637","targetHints":{"allow":["GET"]}}],"collection":[{"href":"https:\/\/winstage.at\/en\/wp-json\/wp\/v2\/product"}],"about":[{"href":"https:\/\/winstage.at\/en\/wp-json\/wp\/v2\/types\/product"}],"author":[{"embeddable":true,"href":"https:\/\/winstage.at\/en\/wp-json\/wp\/v2\/users\/175"}],"wp:featuredmedia":[{"embeddable":true,"href":"https:\/\/winstage.at\/en\/wp-json\/wp\/v2\/media\/30635"}],"wp:attachment":[{"href":"https:\/\/winstage.at\/en\/wp-json\/wp\/v2\/media?parent=30637"}],"wp:term":[{"taxonomy":"besichtigung","embeddable":true,"href":"https:\/\/winstage.at\/en\/wp-json\/wp\/v2\/besichtigung?post=30637"},{"taxonomy":"filter_size","embeddable":true,"href":"https:\/\/winstage.at\/en\/wp-json\/wp\/v2\/filter_size?post=30637"},{"taxonomy":"filter_style","embeddable":true,"href":"https:\/\/winstage.at\/en\/wp-json\/wp\/v2\/filter_style?post=30637"},{"taxonomy":"filter_technique","embeddable":true,"href":"https:\/\/winstage.at\/en\/wp-json\/wp\/v2\/filter_technique?post=30637"},{"taxonomy":"kunstler","embeddable":true,"href":"https:\/\/winstage.at\/en\/wp-json\/wp\/v2\/kunstler?post=30637"},{"taxonomy":"product_brand","embeddable":true,"href":"https:\/\/winstage.at\/en\/wp-json\/wp\/v2\/product_brand?post=30637"},{"taxonomy":"product_cat","embeddable":true,"href":"https:\/\/winstage.at\/en\/wp-json\/wp\/v2\/product_cat?post=30637"},{"taxonomy":"product_tag","embeddable":true,"href":"https:\/\/winstage.at\/en\/wp-json\/wp\/v2\/product_tag?post=30637"}],"curies":[{"name":"wp","href":"https:\/\/api.w.org\/{rel}","templated":true}]}}