{"id":30648,"date":"2025-12-02T19:02:57","date_gmt":"2025-12-02T18:02:57","guid":{"rendered":"https:\/\/winstage.at\/?post_type=product&#038;p=30648"},"modified":"2026-03-19T11:41:16","modified_gmt":"2026-03-19T10:41:16","slug":"ni-contigo-ni-sin-ti-alexandra-pasing","status":"publish","type":"product","link":"https:\/\/winstage.at\/en\/event\/ni-contigo-ni-sin-ti-alexandra-pasing\/","title":{"rendered":"Ni contigo, ni sin ti"},"content":{"rendered":"<p>Ein farbintensives, modernes Gem\u00e4lde, das eine charakterstarke Frauenfigur vor lebendigem, floralen Hintergrund zeigt. Neben ihr steht ein Leopard, ihr W\u00e4chter, der dem Bild eine mystische, kraftvolle Note verleiht. Leuchtende Kontraste aus Korall-, Blau- und Gr\u00fcnt\u00f6nen sowie fein eingearbeitete Muster machen dieses Werk zu einem ausdrucksstarken Blickfang f\u00fcr jedes Zuhause.<\/p>\n","protected":false},"excerpt":{"rendered":"<p>Ein farbintensives, modernes Gem\u00e4lde, das eine charakterstarke Frauenfigur vor lebendigem, floralen Hintergrund zeigt. Neben ihr&#8230;<\/p>\n","protected":false},"author":159,"featured_media":30646,"template":"","meta":{"_acf_changed":false,"iawp_total_views":0},"besichtigung":[762],"filter_size":[34],"filter_style":[856],"filter_technique":[102],"kunstler":[1186],"product_brand":[],"product_cat":[943],"product_tag":[],"class_list":{"0":"post-30648","1":"product","2":"type-product","3":"status-publish","4":"has-post-thumbnail","6":"besichtigung-nur-online","7":"filter_size-l","8":"filter_style-gemaelde","9":"filter_technique-malerei","10":"kunstler-alexandra-pasing","11":"product_cat-starter","13":"first","14":"instock","15":"shipping-taxable","16":"purchasable","17":"product-type-simple"},"acf":[],"_links":{"self":[{"href":"https:\/\/winstage.at\/en\/wp-json\/wp\/v2\/product\/30648","targetHints":{"allow":["GET"]}}],"collection":[{"href":"https:\/\/winstage.at\/en\/wp-json\/wp\/v2\/product"}],"about":[{"href":"https:\/\/winstage.at\/en\/wp-json\/wp\/v2\/types\/product"}],"author":[{"embeddable":true,"href":"https:\/\/winstage.at\/en\/wp-json\/wp\/v2\/users\/159"}],"wp:featuredmedia":[{"embeddable":true,"href":"https:\/\/winstage.at\/en\/wp-json\/wp\/v2\/media\/30646"}],"wp:attachment":[{"href":"https:\/\/winstage.at\/en\/wp-json\/wp\/v2\/media?parent=30648"}],"wp:term":[{"taxonomy":"besichtigung","embeddable":true,"href":"https:\/\/winstage.at\/en\/wp-json\/wp\/v2\/besichtigung?post=30648"},{"taxonomy":"filter_size","embeddable":true,"href":"https:\/\/winstage.at\/en\/wp-json\/wp\/v2\/filter_size?post=30648"},{"taxonomy":"filter_style","embeddable":true,"href":"https:\/\/winstage.at\/en\/wp-json\/wp\/v2\/filter_style?post=30648"},{"taxonomy":"filter_technique","embeddable":true,"href":"https:\/\/winstage.at\/en\/wp-json\/wp\/v2\/filter_technique?post=30648"},{"taxonomy":"kunstler","embeddable":true,"href":"https:\/\/winstage.at\/en\/wp-json\/wp\/v2\/kunstler?post=30648"},{"taxonomy":"product_brand","embeddable":true,"href":"https:\/\/winstage.at\/en\/wp-json\/wp\/v2\/product_brand?post=30648"},{"taxonomy":"product_cat","embeddable":true,"href":"https:\/\/winstage.at\/en\/wp-json\/wp\/v2\/product_cat?post=30648"},{"taxonomy":"product_tag","embeddable":true,"href":"https:\/\/winstage.at\/en\/wp-json\/wp\/v2\/product_tag?post=30648"}],"curies":[{"name":"wp","href":"https:\/\/api.w.org\/{rel}","templated":true}]}}