{"id":30730,"date":"2025-12-03T12:48:49","date_gmt":"2025-12-03T11:48:49","guid":{"rendered":"https:\/\/winstage.at\/?post_type=product&#038;p=30730"},"modified":"2025-12-03T12:48:50","modified_gmt":"2025-12-03T11:48:50","slug":"einkaufspassage-tom-cecon","status":"publish","type":"product","link":"https:\/\/winstage.at\/en\/event\/einkaufspassage-tom-cecon\/","title":{"rendered":"Einkaufspassage"},"content":{"rendered":"<p>In diesem kurzen und zuf\u00e4lligen Moment zur Mittagszeit geht eine Frau mit Taschen und Kleidung durch eine Unterf\u00fchrung in Wien Meidling, was zu einer besonderen kontrastreichen Schwarz-Weiss &#8211; Aufnahme f\u00fchrt.<\/p>\n","protected":false},"excerpt":{"rendered":"<p>In diesem kurzen und zuf\u00e4lligen Moment zur Mittagszeit geht eine Frau mit Taschen und Kleidung&#8230;<\/p>\n","protected":false},"author":186,"featured_media":30728,"template":"","meta":{"_acf_changed":false,"iawp_total_views":0},"besichtigung":[1058],"filter_size":[1063],"filter_style":[1068],"filter_technique":[1092],"kunstler":[1246],"product_brand":[],"product_cat":[1099],"product_tag":[],"class_list":{"0":"post-30730","1":"product","2":"type-product","3":"status-publish","4":"has-post-thumbnail","6":"besichtigung-nur-online","7":"filter_size-m","8":"filter_style-photography","9":"filter_technique-print","10":"kunstler-tom-cecon","11":"product_cat-basic","13":"first","14":"instock","15":"shipping-taxable","16":"product-type-simple"},"acf":[],"_links":{"self":[{"href":"https:\/\/winstage.at\/en\/wp-json\/wp\/v2\/product\/30730","targetHints":{"allow":["GET"]}}],"collection":[{"href":"https:\/\/winstage.at\/en\/wp-json\/wp\/v2\/product"}],"about":[{"href":"https:\/\/winstage.at\/en\/wp-json\/wp\/v2\/types\/product"}],"author":[{"embeddable":true,"href":"https:\/\/winstage.at\/en\/wp-json\/wp\/v2\/users\/186"}],"wp:featuredmedia":[{"embeddable":true,"href":"https:\/\/winstage.at\/en\/wp-json\/wp\/v2\/media\/30728"}],"wp:attachment":[{"href":"https:\/\/winstage.at\/en\/wp-json\/wp\/v2\/media?parent=30730"}],"wp:term":[{"taxonomy":"besichtigung","embeddable":true,"href":"https:\/\/winstage.at\/en\/wp-json\/wp\/v2\/besichtigung?post=30730"},{"taxonomy":"filter_size","embeddable":true,"href":"https:\/\/winstage.at\/en\/wp-json\/wp\/v2\/filter_size?post=30730"},{"taxonomy":"filter_style","embeddable":true,"href":"https:\/\/winstage.at\/en\/wp-json\/wp\/v2\/filter_style?post=30730"},{"taxonomy":"filter_technique","embeddable":true,"href":"https:\/\/winstage.at\/en\/wp-json\/wp\/v2\/filter_technique?post=30730"},{"taxonomy":"kunstler","embeddable":true,"href":"https:\/\/winstage.at\/en\/wp-json\/wp\/v2\/kunstler?post=30730"},{"taxonomy":"product_brand","embeddable":true,"href":"https:\/\/winstage.at\/en\/wp-json\/wp\/v2\/product_brand?post=30730"},{"taxonomy":"product_cat","embeddable":true,"href":"https:\/\/winstage.at\/en\/wp-json\/wp\/v2\/product_cat?post=30730"},{"taxonomy":"product_tag","embeddable":true,"href":"https:\/\/winstage.at\/en\/wp-json\/wp\/v2\/product_tag?post=30730"}],"curies":[{"name":"wp","href":"https:\/\/api.w.org\/{rel}","templated":true}]}}