{"id":30902,"date":"2025-12-04T19:45:54","date_gmt":"2025-12-04T18:45:54","guid":{"rendered":"https:\/\/winstage.at\/?post_type=product&#038;p=30902"},"modified":"2026-01-21T19:43:45","modified_gmt":"2026-01-21T18:43:45","slug":"chromatic-tears-daniel-exoblack","status":"publish","type":"product","link":"https:\/\/winstage.at\/en\/event\/chromatic-tears-daniel-exoblack\/","title":{"rendered":"Chromatic Tears"},"content":{"rendered":"<p>\u201eChromatic Tears\u201c zeigt ein Gesicht, das in leuchtende Farbfelder zerf\u00e4llt, als w\u00fcrde die emotionale Realit\u00e4t der Figur in Schichten offenbart werden. Die intensiven Rot-, Pink- und Schwarzt\u00f6ne wirken wie innere St\u00fcrme, w\u00e4hrend helle Kontraste und Farbspritzer die fragile Balance zwischen St\u00e4rke und Verletzlichkeit sichtbar machen. Das Werk verbindet expressive Spontanit\u00e4t mit fein gesetzten Details \u2013 ein Portr\u00e4t des inneren Aufruhrs, eingefangen in einem Moment stiller Verletzlichkeit. Eine kraftvolle Mischung aus Chaos, Sch\u00f6nheit und emotionaler Tiefe.<\/p>\n","protected":false},"excerpt":{"rendered":"<p>\u201eChromatic Tears\u201c zeigt ein Gesicht, das in leuchtende Farbfelder zerf\u00e4llt, als w\u00fcrde die emotionale Realit\u00e4t&#8230;<\/p>\n","protected":false},"author":191,"featured_media":30900,"template":"","meta":{"_acf_changed":false,"iawp_total_views":0},"besichtigung":[1058],"filter_size":[],"filter_style":[1059],"filter_technique":[1086],"kunstler":[1254],"product_brand":[],"product_cat":[1099],"product_tag":[],"class_list":{"0":"post-30902","1":"product","2":"type-product","3":"status-publish","4":"has-post-thumbnail","6":"besichtigung-nur-online","7":"filter_style-paintings","8":"filter_technique-mixed-media","9":"kunstler-daniel-exoblack","10":"product_cat-basic","12":"first","13":"outofstock","14":"shipping-taxable","15":"product-type-simple"},"acf":[],"_links":{"self":[{"href":"https:\/\/winstage.at\/en\/wp-json\/wp\/v2\/product\/30902","targetHints":{"allow":["GET"]}}],"collection":[{"href":"https:\/\/winstage.at\/en\/wp-json\/wp\/v2\/product"}],"about":[{"href":"https:\/\/winstage.at\/en\/wp-json\/wp\/v2\/types\/product"}],"author":[{"embeddable":true,"href":"https:\/\/winstage.at\/en\/wp-json\/wp\/v2\/users\/191"}],"wp:featuredmedia":[{"embeddable":true,"href":"https:\/\/winstage.at\/en\/wp-json\/wp\/v2\/media\/30900"}],"wp:attachment":[{"href":"https:\/\/winstage.at\/en\/wp-json\/wp\/v2\/media?parent=30902"}],"wp:term":[{"taxonomy":"besichtigung","embeddable":true,"href":"https:\/\/winstage.at\/en\/wp-json\/wp\/v2\/besichtigung?post=30902"},{"taxonomy":"filter_size","embeddable":true,"href":"https:\/\/winstage.at\/en\/wp-json\/wp\/v2\/filter_size?post=30902"},{"taxonomy":"filter_style","embeddable":true,"href":"https:\/\/winstage.at\/en\/wp-json\/wp\/v2\/filter_style?post=30902"},{"taxonomy":"filter_technique","embeddable":true,"href":"https:\/\/winstage.at\/en\/wp-json\/wp\/v2\/filter_technique?post=30902"},{"taxonomy":"kunstler","embeddable":true,"href":"https:\/\/winstage.at\/en\/wp-json\/wp\/v2\/kunstler?post=30902"},{"taxonomy":"product_brand","embeddable":true,"href":"https:\/\/winstage.at\/en\/wp-json\/wp\/v2\/product_brand?post=30902"},{"taxonomy":"product_cat","embeddable":true,"href":"https:\/\/winstage.at\/en\/wp-json\/wp\/v2\/product_cat?post=30902"},{"taxonomy":"product_tag","embeddable":true,"href":"https:\/\/winstage.at\/en\/wp-json\/wp\/v2\/product_tag?post=30902"}],"curies":[{"name":"wp","href":"https:\/\/api.w.org\/{rel}","templated":true}]}}