{"id":31361,"date":"2025-12-09T14:34:59","date_gmt":"2025-12-09T13:34:59","guid":{"rendered":"https:\/\/winstage.at\/?post_type=product&#038;p=31361"},"modified":"2025-12-09T14:35:00","modified_gmt":"2025-12-09T13:35:00","slug":"erdzeit-cornelia-hauch","status":"publish","type":"product","link":"https:\/\/winstage.at\/en\/event\/erdzeit-cornelia-hauch\/","title":{"rendered":"Erdzeit"},"content":{"rendered":"<p>\u201eErdzeit\u201c l\u00e4dt Sie ein, die Schichten der Erde und die Tiefe der Zeit zu entdecken. Dieses abstrakte Originalgem\u00e4lde besticht durch erdige Farbt\u00f6ne, goldene Akzente und eine facettenreiche Textur, die die Verbindung zwischen der Natur und unserem eigenen Inneren sichtbar macht. Mit seinen harmonischen Kontrasten und der Balance zwischen ruhigen Fl\u00e4chen und dynamischen Strukturen verleiht \u201eErdzeit\u201c Ihrem Raum eine zeitlose Eleganz. Ob als Blickfang im Wohnzimmer, inspirierendes Element im B\u00fcro oder Ausdruck von Pers\u00f6nlichkeit in Ihrem Atelier \u2013 dieses Werk erz\u00e4hlt von der Sch\u00f6nheit, die unter der Oberfl\u00e4che liegt.<\/p>\n","protected":false},"excerpt":{"rendered":"<p>\u201eErdzeit\u201c l\u00e4dt Sie ein, die Schichten der Erde und die Tiefe der Zeit zu entdecken&#8230;.<\/p>\n","protected":false},"author":174,"featured_media":31316,"template":"","meta":{"_acf_changed":false,"iawp_total_views":0},"besichtigung":[762],"filter_size":[34],"filter_style":[856],"filter_technique":[107],"kunstler":[1228],"product_brand":[],"product_cat":[943],"product_tag":[],"class_list":{"0":"post-31361","1":"product","2":"type-product","3":"status-publish","4":"has-post-thumbnail","6":"besichtigung-nur-online","7":"filter_size-l","8":"filter_style-gemaelde","9":"filter_technique-oel-auf-leinwand","10":"kunstler-cornelia-hauch","11":"product_cat-starter","13":"first","14":"instock","15":"shipping-taxable","16":"purchasable","17":"product-type-simple"},"acf":[],"_links":{"self":[{"href":"https:\/\/winstage.at\/en\/wp-json\/wp\/v2\/product\/31361","targetHints":{"allow":["GET"]}}],"collection":[{"href":"https:\/\/winstage.at\/en\/wp-json\/wp\/v2\/product"}],"about":[{"href":"https:\/\/winstage.at\/en\/wp-json\/wp\/v2\/types\/product"}],"author":[{"embeddable":true,"href":"https:\/\/winstage.at\/en\/wp-json\/wp\/v2\/users\/174"}],"wp:featuredmedia":[{"embeddable":true,"href":"https:\/\/winstage.at\/en\/wp-json\/wp\/v2\/media\/31316"}],"wp:attachment":[{"href":"https:\/\/winstage.at\/en\/wp-json\/wp\/v2\/media?parent=31361"}],"wp:term":[{"taxonomy":"besichtigung","embeddable":true,"href":"https:\/\/winstage.at\/en\/wp-json\/wp\/v2\/besichtigung?post=31361"},{"taxonomy":"filter_size","embeddable":true,"href":"https:\/\/winstage.at\/en\/wp-json\/wp\/v2\/filter_size?post=31361"},{"taxonomy":"filter_style","embeddable":true,"href":"https:\/\/winstage.at\/en\/wp-json\/wp\/v2\/filter_style?post=31361"},{"taxonomy":"filter_technique","embeddable":true,"href":"https:\/\/winstage.at\/en\/wp-json\/wp\/v2\/filter_technique?post=31361"},{"taxonomy":"kunstler","embeddable":true,"href":"https:\/\/winstage.at\/en\/wp-json\/wp\/v2\/kunstler?post=31361"},{"taxonomy":"product_brand","embeddable":true,"href":"https:\/\/winstage.at\/en\/wp-json\/wp\/v2\/product_brand?post=31361"},{"taxonomy":"product_cat","embeddable":true,"href":"https:\/\/winstage.at\/en\/wp-json\/wp\/v2\/product_cat?post=31361"},{"taxonomy":"product_tag","embeddable":true,"href":"https:\/\/winstage.at\/en\/wp-json\/wp\/v2\/product_tag?post=31361"}],"curies":[{"name":"wp","href":"https:\/\/api.w.org\/{rel}","templated":true}]}}