{"id":31364,"date":"2025-12-09T14:38:22","date_gmt":"2025-12-09T13:38:22","guid":{"rendered":"https:\/\/winstage.at\/?post_type=product&#038;p=31364"},"modified":"2025-12-09T14:38:22","modified_gmt":"2025-12-09T13:38:22","slug":"dort-wo-die-baeume-den-himmel-beruehren-cornelia-hauch","status":"publish","type":"product","link":"https:\/\/winstage.at\/en\/event\/dort-wo-die-baeume-den-himmel-beruehren-cornelia-hauch\/","title":{"rendered":"Dort wo die B\u00e4ume den Himmel ber\u00fchren"},"content":{"rendered":"<p>In einem abgelegenen Waldst\u00fcck, fernab der Hektik der Welt, erheben sich B\u00e4ume so hoch, dass sie den Himmel zu ber\u00fchren scheinen. Diese B\u00e4ume sind keine gew\u00f6hnlichen Gew\u00e4chse; sie sind Zeugen der Zeit und H\u00fcter uralter Geheimnisse, die die Seelen der Wanderer ber\u00fchren und ihre Herzen erleuchten. Jeden Morgen erwacht der Wald mit dem sanften Licht, das durch das dichte Bl\u00e4tterdach bricht, und erf\u00fcllt den Ort mit einem warmen Gl\u00fchen. Es f\u00fchlt sich an, als ob der Wald selbst atmen w\u00fcrde, als ob er die Liebe und die Tr\u00e4ume derer einsaugt, die ihn durchstreifen.<\/p>\n","protected":false},"excerpt":{"rendered":"<p>In einem abgelegenen Waldst\u00fcck, fernab der Hektik der Welt, erheben sich B\u00e4ume so hoch, dass&#8230;<\/p>\n","protected":false},"author":174,"featured_media":31333,"template":"","meta":{"_acf_changed":false,"iawp_total_views":0},"besichtigung":[762],"filter_size":[34],"filter_style":[856],"filter_technique":[107],"kunstler":[1228],"product_brand":[],"product_cat":[943],"product_tag":[],"class_list":{"0":"post-31364","1":"product","2":"type-product","3":"status-publish","4":"has-post-thumbnail","6":"besichtigung-nur-online","7":"filter_size-l","8":"filter_style-gemaelde","9":"filter_technique-oel-auf-leinwand","10":"kunstler-cornelia-hauch","11":"product_cat-starter","13":"first","14":"instock","15":"shipping-taxable","16":"purchasable","17":"product-type-simple"},"acf":[],"_links":{"self":[{"href":"https:\/\/winstage.at\/en\/wp-json\/wp\/v2\/product\/31364","targetHints":{"allow":["GET"]}}],"collection":[{"href":"https:\/\/winstage.at\/en\/wp-json\/wp\/v2\/product"}],"about":[{"href":"https:\/\/winstage.at\/en\/wp-json\/wp\/v2\/types\/product"}],"author":[{"embeddable":true,"href":"https:\/\/winstage.at\/en\/wp-json\/wp\/v2\/users\/174"}],"wp:featuredmedia":[{"embeddable":true,"href":"https:\/\/winstage.at\/en\/wp-json\/wp\/v2\/media\/31333"}],"wp:attachment":[{"href":"https:\/\/winstage.at\/en\/wp-json\/wp\/v2\/media?parent=31364"}],"wp:term":[{"taxonomy":"besichtigung","embeddable":true,"href":"https:\/\/winstage.at\/en\/wp-json\/wp\/v2\/besichtigung?post=31364"},{"taxonomy":"filter_size","embeddable":true,"href":"https:\/\/winstage.at\/en\/wp-json\/wp\/v2\/filter_size?post=31364"},{"taxonomy":"filter_style","embeddable":true,"href":"https:\/\/winstage.at\/en\/wp-json\/wp\/v2\/filter_style?post=31364"},{"taxonomy":"filter_technique","embeddable":true,"href":"https:\/\/winstage.at\/en\/wp-json\/wp\/v2\/filter_technique?post=31364"},{"taxonomy":"kunstler","embeddable":true,"href":"https:\/\/winstage.at\/en\/wp-json\/wp\/v2\/kunstler?post=31364"},{"taxonomy":"product_brand","embeddable":true,"href":"https:\/\/winstage.at\/en\/wp-json\/wp\/v2\/product_brand?post=31364"},{"taxonomy":"product_cat","embeddable":true,"href":"https:\/\/winstage.at\/en\/wp-json\/wp\/v2\/product_cat?post=31364"},{"taxonomy":"product_tag","embeddable":true,"href":"https:\/\/winstage.at\/en\/wp-json\/wp\/v2\/product_tag?post=31364"}],"curies":[{"name":"wp","href":"https:\/\/api.w.org\/{rel}","templated":true}]}}