{"id":31365,"date":"2025-12-09T14:39:31","date_gmt":"2025-12-09T13:39:31","guid":{"rendered":"https:\/\/winstage.at\/?post_type=product&#038;p=31365"},"modified":"2025-12-09T14:39:31","modified_gmt":"2025-12-09T13:39:31","slug":"geheimnisvolle-stille-am-ufer-des-gardasees-cornelia-hauch","status":"publish","type":"product","link":"https:\/\/winstage.at\/en\/event\/geheimnisvolle-stille-am-ufer-des-gardasees-cornelia-hauch\/","title":{"rendered":"Geheimnisvolle Stille am Ufer des Gardasee`s"},"content":{"rendered":"<p>Stille, Weite und das Echo vergangener Momente \u2013 \u201eErinnerung an Sal\u00f2\u201c f\u00e4ngt die mystische Atmosph\u00e4re des Gardasees in einer ausdrucksstarken, abstrakten Landschaft ein. Die tiefen, erdigen T\u00f6ne aus \u00d6lfarben, Asche und Erde verschmelzen mit sanften goldenen Reflexen und erzeugen eine harmonische Balance zwischen Licht und Schatten. Die weichen Konturen und die nat\u00fcrliche Textur verleihen dem Werk eine fast zeitlose Qualit\u00e4t \u2013 wie eine verblassende Erinnerung, die in den Nebeln des Sees weiterlebt. Eine Br\u00fccke oder ein Tor in der Ferne l\u00e4dt den Betrachter ein, in die Szenerie einzutauchen und eigene Geschichten zu entdecken.<\/p>\n","protected":false},"excerpt":{"rendered":"<p>Stille, Weite und das Echo vergangener Momente \u2013 \u201eErinnerung an Sal\u00f2\u201c f\u00e4ngt die mystische Atmosph\u00e4re&#8230;<\/p>\n","protected":false},"author":174,"featured_media":31335,"template":"","meta":{"_acf_changed":false,"iawp_total_views":1},"besichtigung":[762],"filter_size":[37],"filter_style":[856],"filter_technique":[107],"kunstler":[1228],"product_brand":[],"product_cat":[943],"product_tag":[],"class_list":{"0":"post-31365","1":"product","2":"type-product","3":"status-publish","4":"has-post-thumbnail","6":"besichtigung-nur-online","7":"filter_size-m","8":"filter_style-gemaelde","9":"filter_technique-oel-auf-leinwand","10":"kunstler-cornelia-hauch","11":"product_cat-starter","13":"first","14":"instock","15":"shipping-taxable","16":"purchasable","17":"product-type-simple"},"acf":[],"_links":{"self":[{"href":"https:\/\/winstage.at\/en\/wp-json\/wp\/v2\/product\/31365","targetHints":{"allow":["GET"]}}],"collection":[{"href":"https:\/\/winstage.at\/en\/wp-json\/wp\/v2\/product"}],"about":[{"href":"https:\/\/winstage.at\/en\/wp-json\/wp\/v2\/types\/product"}],"author":[{"embeddable":true,"href":"https:\/\/winstage.at\/en\/wp-json\/wp\/v2\/users\/174"}],"wp:featuredmedia":[{"embeddable":true,"href":"https:\/\/winstage.at\/en\/wp-json\/wp\/v2\/media\/31335"}],"wp:attachment":[{"href":"https:\/\/winstage.at\/en\/wp-json\/wp\/v2\/media?parent=31365"}],"wp:term":[{"taxonomy":"besichtigung","embeddable":true,"href":"https:\/\/winstage.at\/en\/wp-json\/wp\/v2\/besichtigung?post=31365"},{"taxonomy":"filter_size","embeddable":true,"href":"https:\/\/winstage.at\/en\/wp-json\/wp\/v2\/filter_size?post=31365"},{"taxonomy":"filter_style","embeddable":true,"href":"https:\/\/winstage.at\/en\/wp-json\/wp\/v2\/filter_style?post=31365"},{"taxonomy":"filter_technique","embeddable":true,"href":"https:\/\/winstage.at\/en\/wp-json\/wp\/v2\/filter_technique?post=31365"},{"taxonomy":"kunstler","embeddable":true,"href":"https:\/\/winstage.at\/en\/wp-json\/wp\/v2\/kunstler?post=31365"},{"taxonomy":"product_brand","embeddable":true,"href":"https:\/\/winstage.at\/en\/wp-json\/wp\/v2\/product_brand?post=31365"},{"taxonomy":"product_cat","embeddable":true,"href":"https:\/\/winstage.at\/en\/wp-json\/wp\/v2\/product_cat?post=31365"},{"taxonomy":"product_tag","embeddable":true,"href":"https:\/\/winstage.at\/en\/wp-json\/wp\/v2\/product_tag?post=31365"}],"curies":[{"name":"wp","href":"https:\/\/api.w.org\/{rel}","templated":true}]}}