{"id":31366,"date":"2025-12-09T14:40:31","date_gmt":"2025-12-09T13:40:31","guid":{"rendered":"https:\/\/winstage.at\/?post_type=product&#038;p=31366"},"modified":"2025-12-09T14:40:31","modified_gmt":"2025-12-09T13:40:31","slug":"zeit-der-stille-und-reflexion-cornelia-hauch","status":"publish","type":"product","link":"https:\/\/winstage.at\/en\/event\/zeit-der-stille-und-reflexion-cornelia-hauch\/","title":{"rendered":"Zeit der Stille und Reflexion"},"content":{"rendered":"<p>Erleben Sie die beruhigende Kraft der Stille und die Tiefe der Reflexion mit dem Originalgem\u00e4lde \u201eZeit der Stille und Reflexion\u201c. Dieses einzigartige Kunstwerk l\u00e4dt ein, innezuhalten und sich mit der Balance von Dunkelheit und Licht auseinanderzusetzen \u2013 ein Moment der Einkehr und der Hoffnung, eingefangen in Farbe und Struktur. Die Kombination aus nat\u00fcrlichen Elementen wie Erde und Asche mit warmen \u00d6lfarben schafft eine faszinierende Tiefe und Vielschichtigkeit. Die erdigen T\u00f6ne in Verbindung mit dem harmonischen Kreis im Zentrum des Werks symbolisieren den Kreislauf des Lebens und die Verbindung zwischen Verg\u00e4nglichkeit und Erneuerung. Dieses Gem\u00e4lde bringt Ruhe, Harmonie und eine zeitlose Eleganz in jedes Ambiente \u2013 ob Wohnraum, B\u00fcro oder Praxis.<\/p>\n","protected":false},"excerpt":{"rendered":"<p>Erleben Sie die beruhigende Kraft der Stille und die Tiefe der Reflexion mit dem Originalgem\u00e4lde&#8230;<\/p>\n","protected":false},"author":174,"featured_media":31353,"template":"","meta":{"_acf_changed":false,"iawp_total_views":0},"besichtigung":[762],"filter_size":[34],"filter_style":[856],"filter_technique":[103],"kunstler":[1228],"product_brand":[],"product_cat":[943],"product_tag":[],"class_list":{"0":"post-31366","1":"product","2":"type-product","3":"status-publish","4":"has-post-thumbnail","6":"besichtigung-nur-online","7":"filter_size-l","8":"filter_style-gemaelde","9":"filter_technique-mischtechnik","10":"kunstler-cornelia-hauch","11":"product_cat-starter","13":"first","14":"instock","15":"shipping-taxable","16":"purchasable","17":"product-type-simple"},"acf":[],"_links":{"self":[{"href":"https:\/\/winstage.at\/en\/wp-json\/wp\/v2\/product\/31366","targetHints":{"allow":["GET"]}}],"collection":[{"href":"https:\/\/winstage.at\/en\/wp-json\/wp\/v2\/product"}],"about":[{"href":"https:\/\/winstage.at\/en\/wp-json\/wp\/v2\/types\/product"}],"author":[{"embeddable":true,"href":"https:\/\/winstage.at\/en\/wp-json\/wp\/v2\/users\/174"}],"wp:featuredmedia":[{"embeddable":true,"href":"https:\/\/winstage.at\/en\/wp-json\/wp\/v2\/media\/31353"}],"wp:attachment":[{"href":"https:\/\/winstage.at\/en\/wp-json\/wp\/v2\/media?parent=31366"}],"wp:term":[{"taxonomy":"besichtigung","embeddable":true,"href":"https:\/\/winstage.at\/en\/wp-json\/wp\/v2\/besichtigung?post=31366"},{"taxonomy":"filter_size","embeddable":true,"href":"https:\/\/winstage.at\/en\/wp-json\/wp\/v2\/filter_size?post=31366"},{"taxonomy":"filter_style","embeddable":true,"href":"https:\/\/winstage.at\/en\/wp-json\/wp\/v2\/filter_style?post=31366"},{"taxonomy":"filter_technique","embeddable":true,"href":"https:\/\/winstage.at\/en\/wp-json\/wp\/v2\/filter_technique?post=31366"},{"taxonomy":"kunstler","embeddable":true,"href":"https:\/\/winstage.at\/en\/wp-json\/wp\/v2\/kunstler?post=31366"},{"taxonomy":"product_brand","embeddable":true,"href":"https:\/\/winstage.at\/en\/wp-json\/wp\/v2\/product_brand?post=31366"},{"taxonomy":"product_cat","embeddable":true,"href":"https:\/\/winstage.at\/en\/wp-json\/wp\/v2\/product_cat?post=31366"},{"taxonomy":"product_tag","embeddable":true,"href":"https:\/\/winstage.at\/en\/wp-json\/wp\/v2\/product_tag?post=31366"}],"curies":[{"name":"wp","href":"https:\/\/api.w.org\/{rel}","templated":true}]}}