{"id":31367,"date":"2025-12-09T14:41:43","date_gmt":"2025-12-09T13:41:43","guid":{"rendered":"https:\/\/winstage.at\/?post_type=product&#038;p=31367"},"modified":"2025-12-09T14:41:43","modified_gmt":"2025-12-09T13:41:43","slug":"im-fluss-des-wandels-cornelia-hauch","status":"publish","type":"product","link":"https:\/\/winstage.at\/en\/event\/im-fluss-des-wandels-cornelia-hauch\/","title":{"rendered":"Im Fluss des Wandels"},"content":{"rendered":"<p>Verg\u00e4nglichkeit, Ver\u00e4nderung und Neubeginn \u2013 \u201eIm Fluss des Wandels\u201c f\u00e4ngt den Moment zwischen Sein und Vergehen in einer einzigartigen, abstrakten Komposition ein. Der dunkle, kreisf\u00f6rmige Mittelpunkt strahlt Ruhe aus, w\u00e4hrend die aufgebrochene, rissige Struktur die Sch\u00f6nheit des Wandels sichtbar macht. Die Kombination aus \u00d6lfarben, Marmormehl und echter Erde verleiht der Oberfl\u00e4che eine faszinierende Haptik und Tiefe. Feine Risse und handgeschriebene Fragmente aus Kohle verst\u00e4rken die poetische Wirkung des Werks.<\/p>\n","protected":false},"excerpt":{"rendered":"<p>Verg\u00e4nglichkeit, Ver\u00e4nderung und Neubeginn \u2013 \u201eIm Fluss des Wandels\u201c f\u00e4ngt den Moment zwischen Sein und&#8230;<\/p>\n","protected":false},"author":174,"featured_media":31355,"template":"","meta":{"_acf_changed":false,"iawp_total_views":1},"besichtigung":[762],"filter_size":[37],"filter_style":[856],"filter_technique":[103],"kunstler":[1228],"product_brand":[],"product_cat":[943],"product_tag":[],"class_list":{"0":"post-31367","1":"product","2":"type-product","3":"status-publish","4":"has-post-thumbnail","6":"besichtigung-nur-online","7":"filter_size-m","8":"filter_style-gemaelde","9":"filter_technique-mischtechnik","10":"kunstler-cornelia-hauch","11":"product_cat-starter","13":"first","14":"instock","15":"shipping-taxable","16":"purchasable","17":"product-type-simple"},"acf":[],"_links":{"self":[{"href":"https:\/\/winstage.at\/en\/wp-json\/wp\/v2\/product\/31367","targetHints":{"allow":["GET"]}}],"collection":[{"href":"https:\/\/winstage.at\/en\/wp-json\/wp\/v2\/product"}],"about":[{"href":"https:\/\/winstage.at\/en\/wp-json\/wp\/v2\/types\/product"}],"author":[{"embeddable":true,"href":"https:\/\/winstage.at\/en\/wp-json\/wp\/v2\/users\/174"}],"wp:featuredmedia":[{"embeddable":true,"href":"https:\/\/winstage.at\/en\/wp-json\/wp\/v2\/media\/31355"}],"wp:attachment":[{"href":"https:\/\/winstage.at\/en\/wp-json\/wp\/v2\/media?parent=31367"}],"wp:term":[{"taxonomy":"besichtigung","embeddable":true,"href":"https:\/\/winstage.at\/en\/wp-json\/wp\/v2\/besichtigung?post=31367"},{"taxonomy":"filter_size","embeddable":true,"href":"https:\/\/winstage.at\/en\/wp-json\/wp\/v2\/filter_size?post=31367"},{"taxonomy":"filter_style","embeddable":true,"href":"https:\/\/winstage.at\/en\/wp-json\/wp\/v2\/filter_style?post=31367"},{"taxonomy":"filter_technique","embeddable":true,"href":"https:\/\/winstage.at\/en\/wp-json\/wp\/v2\/filter_technique?post=31367"},{"taxonomy":"kunstler","embeddable":true,"href":"https:\/\/winstage.at\/en\/wp-json\/wp\/v2\/kunstler?post=31367"},{"taxonomy":"product_brand","embeddable":true,"href":"https:\/\/winstage.at\/en\/wp-json\/wp\/v2\/product_brand?post=31367"},{"taxonomy":"product_cat","embeddable":true,"href":"https:\/\/winstage.at\/en\/wp-json\/wp\/v2\/product_cat?post=31367"},{"taxonomy":"product_tag","embeddable":true,"href":"https:\/\/winstage.at\/en\/wp-json\/wp\/v2\/product_tag?post=31367"}],"curies":[{"name":"wp","href":"https:\/\/api.w.org\/{rel}","templated":true}]}}