{"id":31787,"date":"2025-12-13T11:36:37","date_gmt":"2025-12-13T10:36:37","guid":{"rendered":"https:\/\/winstage.at\/?post_type=product&#038;p=31787"},"modified":"2025-12-19T12:24:17","modified_gmt":"2025-12-19T11:24:17","slug":"der-krebs-2-fleck-peter","status":"publish","type":"product","link":"https:\/\/winstage.at\/en\/event\/der-krebs-2-fleck-peter\/","title":{"rendered":"Der Krebs"},"content":{"rendered":"<p><span style=\"font-weight: 400;\">2017 lernte ich auf Facebook schrieb mich eine Frau oder M\u00e4dchen an, das Sie ein Bewunderin ist meiner Bilder.<\/span><span style=\"font-weight: 400;\">So schrieben wir fast t\u00e4glich \u00fcber Messenger, wenn ich ein neues Werk fertig gestellt hatte sendet ich es ihr.<\/span><span style=\"font-weight: 400;\">Wir schrieben \u00fcber unterschiedliche Themen, unter anderen das Sie Krebs hat.<\/span><span style=\"font-weight: 400;\">Mir war gleich ganz anders, es stieg die G\u00e4nsehaut auf, und kalt lief es beim R\u00fccken runter.\u00a0<\/span><span style=\"font-weight: 400;\">Sie Fragte, ob ich Sie malen w\u00fcrde. Ein Freund von ihr hat mal ein Fotoshooting, Sie w\u00fcrde mir ein paar Fotos senden.\u00a0<\/span><span style=\"font-weight: 400;\">Ich sagte ja gerne! Schau ich mir an, es waren sehr sch\u00f6nen aufnahmen dabei.\u00a0<\/span><span style=\"font-weight: 400;\">Danach h\u00f6rte ich nichts mehr, hab es nicht wirklich wahrgenommen, da ich immer mit anderen Dingen Besch\u00e4ftigt war.\u00a0<\/span><\/p>\n<p><span style=\"font-weight: 400;\">Im Jahr 2022 kam mir die Lust sie zu malen, ich suchte die Fotos von ihr, die wahren alle verschwunden.\u00a0<\/span><span style=\"font-weight: 400;\">Ich dachte wahrscheinlich irrt\u00fcmlich gel\u00f6scht, ich schaute ob ich noch die mailadresse hab, alles gel\u00f6scht.\u00a0<\/span><span style=\"font-weight: 400;\">Warum weshalb kann ich nicht sagen, Egal ich malte Sie nach meinen Gef\u00fchlen und Gedanken.\u00a0<\/span><span style=\"font-weight: 400;\">Ich kann nicht sagen ob ihre Darstellung richtig ist, aber so hab ich Sie im Gedanken. <\/span><span style=\"font-weight: 400;\">Und es war mir ein Bed\u00fcrfnis Sie zu malen. <\/span><\/p>\n","protected":false},"excerpt":{"rendered":"<p>2017 lernte ich auf Facebook schrieb mich eine Frau oder M\u00e4dchen an, das Sie ein&#8230;<\/p>\n","protected":false},"author":213,"featured_media":31767,"template":"","meta":{"_acf_changed":false,"iawp_total_views":0},"besichtigung":[1058],"filter_size":[1063],"filter_style":[1059],"filter_technique":[1090],"kunstler":[1301],"product_brand":[],"product_cat":[1062],"product_tag":[],"class_list":{"0":"post-31787","1":"product","2":"type-product","3":"status-publish","4":"has-post-thumbnail","6":"besichtigung-nur-online","7":"filter_size-m","8":"filter_style-paintings","9":"filter_technique-oil-on-canvas","10":"kunstler-peter-fleck-en","11":"product_cat-starter","13":"first","14":"instock","15":"shipping-taxable","16":"product-type-simple"},"acf":[],"_links":{"self":[{"href":"https:\/\/winstage.at\/en\/wp-json\/wp\/v2\/product\/31787","targetHints":{"allow":["GET"]}}],"collection":[{"href":"https:\/\/winstage.at\/en\/wp-json\/wp\/v2\/product"}],"about":[{"href":"https:\/\/winstage.at\/en\/wp-json\/wp\/v2\/types\/product"}],"author":[{"embeddable":true,"href":"https:\/\/winstage.at\/en\/wp-json\/wp\/v2\/users\/213"}],"wp:featuredmedia":[{"embeddable":true,"href":"https:\/\/winstage.at\/en\/wp-json\/wp\/v2\/media\/31767"}],"wp:attachment":[{"href":"https:\/\/winstage.at\/en\/wp-json\/wp\/v2\/media?parent=31787"}],"wp:term":[{"taxonomy":"besichtigung","embeddable":true,"href":"https:\/\/winstage.at\/en\/wp-json\/wp\/v2\/besichtigung?post=31787"},{"taxonomy":"filter_size","embeddable":true,"href":"https:\/\/winstage.at\/en\/wp-json\/wp\/v2\/filter_size?post=31787"},{"taxonomy":"filter_style","embeddable":true,"href":"https:\/\/winstage.at\/en\/wp-json\/wp\/v2\/filter_style?post=31787"},{"taxonomy":"filter_technique","embeddable":true,"href":"https:\/\/winstage.at\/en\/wp-json\/wp\/v2\/filter_technique?post=31787"},{"taxonomy":"kunstler","embeddable":true,"href":"https:\/\/winstage.at\/en\/wp-json\/wp\/v2\/kunstler?post=31787"},{"taxonomy":"product_brand","embeddable":true,"href":"https:\/\/winstage.at\/en\/wp-json\/wp\/v2\/product_brand?post=31787"},{"taxonomy":"product_cat","embeddable":true,"href":"https:\/\/winstage.at\/en\/wp-json\/wp\/v2\/product_cat?post=31787"},{"taxonomy":"product_tag","embeddable":true,"href":"https:\/\/winstage.at\/en\/wp-json\/wp\/v2\/product_tag?post=31787"}],"curies":[{"name":"wp","href":"https:\/\/api.w.org\/{rel}","templated":true}]}}