{"id":31991,"date":"2025-12-16T22:59:43","date_gmt":"2025-12-16T21:59:43","guid":{"rendered":"https:\/\/winstage.at\/?post_type=product&#038;p=31991"},"modified":"2025-12-16T23:23:44","modified_gmt":"2025-12-16T22:23:44","slug":"wenn-kunst-wohnen-darf-indianliving-x-daniela-varga","status":"publish","type":"product","link":"https:\/\/winstage.at\/en\/event\/wenn-kunst-wohnen-darf-indianliving-x-daniela-varga\/","title":{"rendered":"Wenn Kunst wohnen darf: IndianLiving x Daniela Varga"},"content":{"rendered":"<p class=\"p3\">Von <strong>18. Dezember bis <span class=\"s1\">11. Januar 2026<\/span><\/strong> zeigt WinStage eine beeindruckende Ausstellung von <span class=\"s1\"><b><a href=\"https:\/\/winstage.at\/en\/kunstler\/daniela-varga\/\" target=\"_blank\" rel=\"noopener\">Daniela Varga<\/a><\/b>&#8216;s einzigartigen Kunstwerken fusioniert mit indischer Handwerkskunst von <a href=\"http:\/\/www.indianliving.at\"><strong>IndianLiving<\/strong><\/a>.<\/span><\/p>\n<h4 class=\"p1\"><b>Thematische Tiefe<\/b><b><\/b><\/h4>\n<p class=\"p2\">Wenn handgefertigte M\u00f6bel auf zeitgen\u00f6ssische Kunst treffen, entsteht ein Raum, der mehr ist als Ausstellung. Indian Living und die K\u00fcnstlerin Daniela Varga laden zu einer besonderen Begegnung von Wohnen, Kunst und Emotion ein.<\/p>\n<p class=\"p2\">Die aus Indien stammenden M\u00f6bel und Wohnobjekte von Indian Living erz\u00e4hlen Geschichten von Handwerk, Tradition und Charakter. Daniela Vargas Werke treten mit ihnen in einen ruhigen, kraftvollen Dialog. Ihre Kunst bewegt sich zwischen Ausdruck, Gef\u00fchl und innerer Balance und entfaltet ihre Wirkung besonders stark in einem Raum, der W\u00e4rme und Authentizit\u00e4t ausstrahlt.<\/p>\n<p class=\"p2\">Diese Ausstellung zeigt Kunst nicht isoliert an der Wand, sondern eingebettet in ein lebendiges Wohnkonzept. Werke und M\u00f6bel erg\u00e4nzen einander, verst\u00e4rken ihre Wirkung und laden dazu ein, Kunst im Alltag zu erleben. Nicht als Dekoration, sondern als Teil eines pers\u00f6nlichen Lebensraums.<\/p>\n<p class=\"p2\">Ein Ort zum Ankommen, Entdecken und Verweilen. Ein Zusammenspiel aus Farben, Formen, Materialien und Emotionen.<\/p>\n<h4 class=\"p1\"><b>Die K\u00fcnstlerin<\/b><b><\/b><\/h4>\n<p class=\"p2\">Daniela Varga lebt und arbeitet in Nieder\u00f6sterreich. Seit vielen Jahren besch\u00e4ftigt sie sich mit kreativen Ausdrucksformen \u2013 ihre gro\u00dfe Leidenschaft gilt der Malerei. In ihren Arbeiten vereint sie spirituelle Symbolik mit abstrakter Dynamik und landschaftlicher Harmonie. Seit 2024 zeigt sie ihre Werke regelm\u00e4\u00dfig in Ausstellungen \u2013 unter anderem in Wien und Wiener Neustadt.<\/p>\n<h4 class=\"p1\"><b>Ihre Technik<\/b><b><\/b><\/h4>\n<p class=\"p1\">Daniela Varga arbeitet facettenreich: Sie schafft kraftvolle <span class=\"s1\"><b>spirituell-abstrakte Bilder<\/b><\/span> mit intensiven Farben und dynamischer Fluid\u2011Art, ebenso wie <span class=\"s1\"><b>stimmungsvolle Landschafts\u2011 und Naturkompositionen<\/b><\/span>, die durch atmosph\u00e4risches Licht und Harmonie bestechen. Ihre k\u00fcnstlerische Bandbreite reicht von meditativen Symbolwelten bis zu expressiven Farbexplosionen \u2013 jedes Werk ist ein einzigartiger Ausdruck innerer Vielfalt.<\/p>\n<h3 class=\"p1\"><b>Ausstellungsdetails<\/b><b><\/b><\/h3>\n<p class=\"p3\"><span class=\"s1\"><b>Titel:<\/b><\/span> Wenn Kunst wohnen darf: IndianLiving x Daniela Varga<i><\/i><\/p>\n<p class=\"p3\"><span class=\"s1\"><b>Ort:<\/b><\/span> WinStage \u2013 The New Home of Art<\/p>\n<p class=\"p3\"><span class=\"s1\"><b>Adresse:<\/b><\/span> Wiener Stra\u00dfe \u2013 Werkstra\u00dfe 111, 2700 Wiener Neustadt<\/p>\n<p class=\"p3\"><span class=\"s1\"><b>Laufzeit:<\/b><\/span> 18. Dezember 2025 bis 11. Januar 2026<\/p>\n<p class=\"p1\"><b>Eintritt:<\/b><span class=\"s2\"> frei<\/span><\/p>\n<p>&nbsp;<\/p>\n","protected":false},"excerpt":{"rendered":"<p>Von 18. Dezember bis 11. Januar 2026 zeigt WinStage eine beeindruckende Ausstellung von Daniela Varga&#8216;s&#8230;<\/p>\n","protected":false},"author":3,"featured_media":31992,"template":"","meta":{"_acf_changed":false,"iawp_total_views":7},"besichtigung":[],"filter_size":[],"filter_style":[],"filter_technique":[],"kunstler":[],"product_brand":[],"product_cat":[28],"product_tag":[],"class_list":{"0":"post-31991","1":"product","2":"type-product","3":"status-publish","4":"has-post-thumbnail","6":"product_cat-ausstellung","8":"first","9":"instock","10":"downloadable","11":"virtual","12":"purchasable","13":"product-type-simple"},"acf":[],"_links":{"self":[{"href":"https:\/\/winstage.at\/en\/wp-json\/wp\/v2\/product\/31991","targetHints":{"allow":["GET"]}}],"collection":[{"href":"https:\/\/winstage.at\/en\/wp-json\/wp\/v2\/product"}],"about":[{"href":"https:\/\/winstage.at\/en\/wp-json\/wp\/v2\/types\/product"}],"author":[{"embeddable":true,"href":"https:\/\/winstage.at\/en\/wp-json\/wp\/v2\/users\/3"}],"wp:featuredmedia":[{"embeddable":true,"href":"https:\/\/winstage.at\/en\/wp-json\/wp\/v2\/media\/31992"}],"wp:attachment":[{"href":"https:\/\/winstage.at\/en\/wp-json\/wp\/v2\/media?parent=31991"}],"wp:term":[{"taxonomy":"besichtigung","embeddable":true,"href":"https:\/\/winstage.at\/en\/wp-json\/wp\/v2\/besichtigung?post=31991"},{"taxonomy":"filter_size","embeddable":true,"href":"https:\/\/winstage.at\/en\/wp-json\/wp\/v2\/filter_size?post=31991"},{"taxonomy":"filter_style","embeddable":true,"href":"https:\/\/winstage.at\/en\/wp-json\/wp\/v2\/filter_style?post=31991"},{"taxonomy":"filter_technique","embeddable":true,"href":"https:\/\/winstage.at\/en\/wp-json\/wp\/v2\/filter_technique?post=31991"},{"taxonomy":"kunstler","embeddable":true,"href":"https:\/\/winstage.at\/en\/wp-json\/wp\/v2\/kunstler?post=31991"},{"taxonomy":"product_brand","embeddable":true,"href":"https:\/\/winstage.at\/en\/wp-json\/wp\/v2\/product_brand?post=31991"},{"taxonomy":"product_cat","embeddable":true,"href":"https:\/\/winstage.at\/en\/wp-json\/wp\/v2\/product_cat?post=31991"},{"taxonomy":"product_tag","embeddable":true,"href":"https:\/\/winstage.at\/en\/wp-json\/wp\/v2\/product_tag?post=31991"}],"curies":[{"name":"wp","href":"https:\/\/api.w.org\/{rel}","templated":true}]}}