{"id":32077,"date":"2025-12-19T12:06:46","date_gmt":"2025-12-19T11:06:46","guid":{"rendered":"https:\/\/winstage.at\/?post_type=product&#038;p=32077"},"modified":"2025-12-19T12:09:08","modified_gmt":"2025-12-19T11:09:08","slug":"die-umweltbelastung-peter-fleck","status":"publish","type":"product","link":"https:\/\/winstage.at\/en\/event\/die-umweltbelastung-peter-fleck\/","title":{"rendered":"Die Umweltbelastung"},"content":{"rendered":"<p><span style=\"font-weight: 400;\">DIESES BILD ENTSTAND: WENN ICH IN DEN W\u00c4LDER; MEER: KRIEGE UND ERDBEBEN; DIE EISSCHMELZE.<\/span><\/p>\n<p><span style=\"font-weight: 400;\">Warum werden die W\u00e4lder mit riesigen Maschinen ausgerottet und viel Kleinholz bleibt liegen, somit z\u00fcchtet man den Borkenk\u00e4fer.\u00a0<\/span><\/p>\n<p><span style=\"font-weight: 400;\">Den Plastikm\u00fcll im Meer oder Seen, W\u00e4lder, Stra\u00dfenrand usw.\u00a0<\/span><\/p>\n<p><span style=\"font-weight: 400;\">M\u00fcssen Kriege sein nein\u2026 Erdbeben sind die Erdverschiebungen die gab es immer\u2026<\/span><\/p>\n<p><span style=\"font-weight: 400;\">Die Eisschmelze das ist der Klimawandel\u2026.<\/span><\/p>\n<p><span style=\"font-weight: 400;\">,DAS BETRIFFT UNS ALLE<\/span><\/p>\n","protected":false},"excerpt":{"rendered":"<p>DIESES BILD ENTSTAND: WENN ICH IN DEN W\u00c4LDER; MEER: KRIEGE UND ERDBEBEN; DIE EISSCHMELZE. Warum&#8230;<\/p>\n","protected":false},"author":97,"featured_media":32057,"template":"","meta":{"_acf_changed":false,"iawp_total_views":0},"besichtigung":[1058],"filter_size":[1064],"filter_style":[1059],"filter_technique":[1090],"kunstler":[1301],"product_brand":[],"product_cat":[1062],"product_tag":[],"class_list":{"0":"post-32077","1":"product","2":"type-product","3":"status-publish","4":"has-post-thumbnail","6":"besichtigung-nur-online","7":"filter_size-l","8":"filter_style-paintings","9":"filter_technique-oil-on-canvas","10":"kunstler-peter-fleck-en","11":"product_cat-starter","13":"first","14":"instock","15":"shipping-taxable","16":"product-type-simple"},"acf":[],"_links":{"self":[{"href":"https:\/\/winstage.at\/en\/wp-json\/wp\/v2\/product\/32077","targetHints":{"allow":["GET"]}}],"collection":[{"href":"https:\/\/winstage.at\/en\/wp-json\/wp\/v2\/product"}],"about":[{"href":"https:\/\/winstage.at\/en\/wp-json\/wp\/v2\/types\/product"}],"author":[{"embeddable":true,"href":"https:\/\/winstage.at\/en\/wp-json\/wp\/v2\/users\/97"}],"wp:featuredmedia":[{"embeddable":true,"href":"https:\/\/winstage.at\/en\/wp-json\/wp\/v2\/media\/32057"}],"wp:attachment":[{"href":"https:\/\/winstage.at\/en\/wp-json\/wp\/v2\/media?parent=32077"}],"wp:term":[{"taxonomy":"besichtigung","embeddable":true,"href":"https:\/\/winstage.at\/en\/wp-json\/wp\/v2\/besichtigung?post=32077"},{"taxonomy":"filter_size","embeddable":true,"href":"https:\/\/winstage.at\/en\/wp-json\/wp\/v2\/filter_size?post=32077"},{"taxonomy":"filter_style","embeddable":true,"href":"https:\/\/winstage.at\/en\/wp-json\/wp\/v2\/filter_style?post=32077"},{"taxonomy":"filter_technique","embeddable":true,"href":"https:\/\/winstage.at\/en\/wp-json\/wp\/v2\/filter_technique?post=32077"},{"taxonomy":"kunstler","embeddable":true,"href":"https:\/\/winstage.at\/en\/wp-json\/wp\/v2\/kunstler?post=32077"},{"taxonomy":"product_brand","embeddable":true,"href":"https:\/\/winstage.at\/en\/wp-json\/wp\/v2\/product_brand?post=32077"},{"taxonomy":"product_cat","embeddable":true,"href":"https:\/\/winstage.at\/en\/wp-json\/wp\/v2\/product_cat?post=32077"},{"taxonomy":"product_tag","embeddable":true,"href":"https:\/\/winstage.at\/en\/wp-json\/wp\/v2\/product_tag?post=32077"}],"curies":[{"name":"wp","href":"https:\/\/api.w.org\/{rel}","templated":true}]}}