{"id":32081,"date":"2025-12-19T12:10:04","date_gmt":"2025-12-19T11:10:04","guid":{"rendered":"https:\/\/winstage.at\/?post_type=product&#038;p=32081"},"modified":"2025-12-29T13:41:58","modified_gmt":"2025-12-29T12:41:58","slug":"die-sieben-lebenselemente-peter-fleck","status":"publish","type":"product","link":"https:\/\/winstage.at\/en\/event\/die-sieben-lebenselemente-peter-fleck\/","title":{"rendered":"Die sieben Lebenselemente"},"content":{"rendered":"<p><span style=\"font-weight: 400;\">Fantasie wie die Zeit l\u00e4uft, so wie die Str\u00f6mung des Wasser oder Wind von Jung auf Alt oder wie die V\u00f6gel ziehen, alles dreht sich im Kreis oder spiegelt sich.\u00a0<\/span><\/p>\n","protected":false},"excerpt":{"rendered":"<p>Fantasie wie die Zeit l\u00e4uft, so wie die Str\u00f6mung des Wasser oder Wind von Jung&#8230;<\/p>\n","protected":false},"author":97,"featured_media":32055,"template":"","meta":{"_acf_changed":false,"iawp_total_views":0},"besichtigung":[1058],"filter_size":[1064],"filter_style":[1059],"filter_technique":[1311],"kunstler":[1301],"product_brand":[],"product_cat":[1062],"product_tag":[],"class_list":{"0":"post-32081","1":"product","2":"type-product","3":"status-publish","4":"has-post-thumbnail","6":"besichtigung-nur-online","7":"filter_size-l","8":"filter_style-paintings","9":"filter_technique-clay-granules","10":"kunstler-peter-fleck-en","11":"product_cat-starter","13":"first","14":"instock","15":"shipping-taxable","16":"product-type-simple"},"acf":[],"_links":{"self":[{"href":"https:\/\/winstage.at\/en\/wp-json\/wp\/v2\/product\/32081","targetHints":{"allow":["GET"]}}],"collection":[{"href":"https:\/\/winstage.at\/en\/wp-json\/wp\/v2\/product"}],"about":[{"href":"https:\/\/winstage.at\/en\/wp-json\/wp\/v2\/types\/product"}],"author":[{"embeddable":true,"href":"https:\/\/winstage.at\/en\/wp-json\/wp\/v2\/users\/97"}],"wp:featuredmedia":[{"embeddable":true,"href":"https:\/\/winstage.at\/en\/wp-json\/wp\/v2\/media\/32055"}],"wp:attachment":[{"href":"https:\/\/winstage.at\/en\/wp-json\/wp\/v2\/media?parent=32081"}],"wp:term":[{"taxonomy":"besichtigung","embeddable":true,"href":"https:\/\/winstage.at\/en\/wp-json\/wp\/v2\/besichtigung?post=32081"},{"taxonomy":"filter_size","embeddable":true,"href":"https:\/\/winstage.at\/en\/wp-json\/wp\/v2\/filter_size?post=32081"},{"taxonomy":"filter_style","embeddable":true,"href":"https:\/\/winstage.at\/en\/wp-json\/wp\/v2\/filter_style?post=32081"},{"taxonomy":"filter_technique","embeddable":true,"href":"https:\/\/winstage.at\/en\/wp-json\/wp\/v2\/filter_technique?post=32081"},{"taxonomy":"kunstler","embeddable":true,"href":"https:\/\/winstage.at\/en\/wp-json\/wp\/v2\/kunstler?post=32081"},{"taxonomy":"product_brand","embeddable":true,"href":"https:\/\/winstage.at\/en\/wp-json\/wp\/v2\/product_brand?post=32081"},{"taxonomy":"product_cat","embeddable":true,"href":"https:\/\/winstage.at\/en\/wp-json\/wp\/v2\/product_cat?post=32081"},{"taxonomy":"product_tag","embeddable":true,"href":"https:\/\/winstage.at\/en\/wp-json\/wp\/v2\/product_tag?post=32081"}],"curies":[{"name":"wp","href":"https:\/\/api.w.org\/{rel}","templated":true}]}}