{"id":32485,"date":"2025-12-29T13:18:49","date_gmt":"2025-12-29T12:18:49","guid":{"rendered":"https:\/\/winstage.at\/?post_type=product&#038;p=32485"},"modified":"2025-12-29T13:18:49","modified_gmt":"2025-12-29T12:18:49","slug":"flowers-in-my-head-christina-braulik","status":"publish","type":"product","link":"https:\/\/winstage.at\/en\/event\/flowers-in-my-head-christina-braulik\/","title":{"rendered":"Flowers in my Head"},"content":{"rendered":"<p>&#8220;Flowers in my Head&#8221; inspiriert durch Alice im Wunderland und Frida Kahlo. Die knalligen Farben laden ein, in die Fantasy-Welt abzutauchen. Das Werk \u00fcbermittelt beim Anblick eine Leichtigkeit und ein Wohlf\u00fchlfaktor. An einer wei\u00dfen Wand, ein absoluter Eyecatcher!<\/p>\n","protected":false},"excerpt":{"rendered":"<p>&#8220;Flowers in my Head&#8221; inspiriert durch Alice im Wunderland und Frida Kahlo. Die knalligen Farben&#8230;<\/p>\n","protected":false},"author":156,"featured_media":32483,"template":"","meta":{"_acf_changed":false,"iawp_total_views":0},"besichtigung":[762],"filter_size":[37],"filter_style":[856],"filter_technique":[30],"kunstler":[1180],"product_brand":[],"product_cat":[943],"product_tag":[],"class_list":{"0":"post-32485","1":"product","2":"type-product","3":"status-publish","4":"has-post-thumbnail","6":"besichtigung-nur-online","7":"filter_size-m","8":"filter_style-gemaelde","9":"filter_technique-acryl","10":"kunstler-christina-braulik","11":"product_cat-starter","13":"first","14":"instock","15":"shipping-taxable","16":"purchasable","17":"product-type-simple"},"acf":[],"_links":{"self":[{"href":"https:\/\/winstage.at\/en\/wp-json\/wp\/v2\/product\/32485","targetHints":{"allow":["GET"]}}],"collection":[{"href":"https:\/\/winstage.at\/en\/wp-json\/wp\/v2\/product"}],"about":[{"href":"https:\/\/winstage.at\/en\/wp-json\/wp\/v2\/types\/product"}],"author":[{"embeddable":true,"href":"https:\/\/winstage.at\/en\/wp-json\/wp\/v2\/users\/156"}],"wp:featuredmedia":[{"embeddable":true,"href":"https:\/\/winstage.at\/en\/wp-json\/wp\/v2\/media\/32483"}],"wp:attachment":[{"href":"https:\/\/winstage.at\/en\/wp-json\/wp\/v2\/media?parent=32485"}],"wp:term":[{"taxonomy":"besichtigung","embeddable":true,"href":"https:\/\/winstage.at\/en\/wp-json\/wp\/v2\/besichtigung?post=32485"},{"taxonomy":"filter_size","embeddable":true,"href":"https:\/\/winstage.at\/en\/wp-json\/wp\/v2\/filter_size?post=32485"},{"taxonomy":"filter_style","embeddable":true,"href":"https:\/\/winstage.at\/en\/wp-json\/wp\/v2\/filter_style?post=32485"},{"taxonomy":"filter_technique","embeddable":true,"href":"https:\/\/winstage.at\/en\/wp-json\/wp\/v2\/filter_technique?post=32485"},{"taxonomy":"kunstler","embeddable":true,"href":"https:\/\/winstage.at\/en\/wp-json\/wp\/v2\/kunstler?post=32485"},{"taxonomy":"product_brand","embeddable":true,"href":"https:\/\/winstage.at\/en\/wp-json\/wp\/v2\/product_brand?post=32485"},{"taxonomy":"product_cat","embeddable":true,"href":"https:\/\/winstage.at\/en\/wp-json\/wp\/v2\/product_cat?post=32485"},{"taxonomy":"product_tag","embeddable":true,"href":"https:\/\/winstage.at\/en\/wp-json\/wp\/v2\/product_tag?post=32485"}],"curies":[{"name":"wp","href":"https:\/\/api.w.org\/{rel}","templated":true}]}}