{"id":32698,"date":"2026-01-07T15:53:12","date_gmt":"2026-01-07T14:53:12","guid":{"rendered":"https:\/\/winstage.at\/?post_type=product&#038;p=32698"},"modified":"2026-01-07T15:53:14","modified_gmt":"2026-01-07T14:53:14","slug":"maria-harald-brandl","status":"publish","type":"product","link":"https:\/\/winstage.at\/en\/event\/maria-harald-brandl\/","title":{"rendered":"Maria"},"content":{"rendered":"<p>Maria wurde von mir als relgi\u00f6s motiviertes Bild konzipiert. Es geh\u00f6rt zu dieser Serie, in der auch das Bild Gabriel beinhaltet ist. Maria habe ich zum Ehrentag der Mutter Gottes am 8. Dezember gemalt. Maria Empf\u00e4ngnis. Das Gold im Bild dr\u00fcckt Freude und das Gl\u00fcck aus. Die dunklen Elemente stehen f\u00fcr die Schwere, nicht nur im Bereich des Empfanges sondern auch in der besonderen Zeit damals aber auch heute. Nicht nur Maria hatte es schwer, auch Frauen der Gegenwart stehen oft vor unl\u00f6sbaren Problemen. Die Figuren und bildhaften Elemente stehen symbolisch f\u00fcr das G\u00f6ttliche, die Engelscharen, die Verk\u00fcndung des freudigen Ereignisses, wobei ich tiefgreifende Interpretationen dem Betrachter \u00fcberlassen m\u00f6chte und nicht b\u00f6se bin wenn jemand im Bild etwas anderes sieht. Die hellen Goldt\u00f6ne stehen jedenfalls f\u00fcr den Weg Richtung Weihnachten und der Geburt.<\/p>\n","protected":false},"excerpt":{"rendered":"<p>Maria wurde von mir als relgi\u00f6s motiviertes Bild konzipiert. Es geh\u00f6rt zu dieser Serie, in&#8230;<\/p>\n","protected":false},"author":135,"featured_media":32696,"template":"","meta":{"_acf_changed":false,"iawp_total_views":0},"besichtigung":[762],"filter_size":[37],"filter_style":[856],"filter_technique":[30],"kunstler":[1053],"product_brand":[],"product_cat":[944],"product_tag":[],"class_list":{"0":"post-32698","1":"product","2":"type-product","3":"status-publish","4":"has-post-thumbnail","6":"besichtigung-nur-online","7":"filter_size-m","8":"filter_style-gemaelde","9":"filter_technique-acryl","10":"kunstler-harald-brandl","11":"product_cat-pro","13":"first","14":"instock","15":"shipping-taxable","16":"purchasable","17":"product-type-simple"},"acf":[],"_links":{"self":[{"href":"https:\/\/winstage.at\/en\/wp-json\/wp\/v2\/product\/32698","targetHints":{"allow":["GET"]}}],"collection":[{"href":"https:\/\/winstage.at\/en\/wp-json\/wp\/v2\/product"}],"about":[{"href":"https:\/\/winstage.at\/en\/wp-json\/wp\/v2\/types\/product"}],"author":[{"embeddable":true,"href":"https:\/\/winstage.at\/en\/wp-json\/wp\/v2\/users\/135"}],"wp:featuredmedia":[{"embeddable":true,"href":"https:\/\/winstage.at\/en\/wp-json\/wp\/v2\/media\/32696"}],"wp:attachment":[{"href":"https:\/\/winstage.at\/en\/wp-json\/wp\/v2\/media?parent=32698"}],"wp:term":[{"taxonomy":"besichtigung","embeddable":true,"href":"https:\/\/winstage.at\/en\/wp-json\/wp\/v2\/besichtigung?post=32698"},{"taxonomy":"filter_size","embeddable":true,"href":"https:\/\/winstage.at\/en\/wp-json\/wp\/v2\/filter_size?post=32698"},{"taxonomy":"filter_style","embeddable":true,"href":"https:\/\/winstage.at\/en\/wp-json\/wp\/v2\/filter_style?post=32698"},{"taxonomy":"filter_technique","embeddable":true,"href":"https:\/\/winstage.at\/en\/wp-json\/wp\/v2\/filter_technique?post=32698"},{"taxonomy":"kunstler","embeddable":true,"href":"https:\/\/winstage.at\/en\/wp-json\/wp\/v2\/kunstler?post=32698"},{"taxonomy":"product_brand","embeddable":true,"href":"https:\/\/winstage.at\/en\/wp-json\/wp\/v2\/product_brand?post=32698"},{"taxonomy":"product_cat","embeddable":true,"href":"https:\/\/winstage.at\/en\/wp-json\/wp\/v2\/product_cat?post=32698"},{"taxonomy":"product_tag","embeddable":true,"href":"https:\/\/winstage.at\/en\/wp-json\/wp\/v2\/product_tag?post=32698"}],"curies":[{"name":"wp","href":"https:\/\/api.w.org\/{rel}","templated":true}]}}