{"id":33036,"date":"2026-01-14T19:00:58","date_gmt":"2026-01-14T18:00:58","guid":{"rendered":"https:\/\/winstage.at\/?post_type=product&#038;p=33036"},"modified":"2026-01-14T19:01:03","modified_gmt":"2026-01-14T18:01:03","slug":"ohne-titel-3-hubert-sieverding","status":"publish","type":"product","link":"https:\/\/winstage.at\/en\/event\/ohne-titel-3-hubert-sieverding\/","title":{"rendered":"Ohne Titel"},"content":{"rendered":"<p>Eine spontane Malaktion endete in diesem Kunstwerk. Manchmal \u00fcberf\u00e4llt es mich. Dann mu\u00df es raus&#8230;<\/p>\n","protected":false},"excerpt":{"rendered":"<p>Eine spontane Malaktion endete in diesem Kunstwerk. Manchmal \u00fcberf\u00e4llt es mich. Dann mu\u00df es raus&#8230;<\/p>\n","protected":false},"author":219,"featured_media":33032,"template":"","meta":{"_acf_changed":false,"iawp_total_views":0},"besichtigung":[1058],"filter_size":[1063],"filter_style":[1059],"filter_technique":[1090],"kunstler":[1325],"product_brand":[],"product_cat":[1062],"product_tag":[],"class_list":{"0":"post-33036","1":"product","2":"type-product","3":"status-publish","4":"has-post-thumbnail","6":"besichtigung-nur-online","7":"filter_size-m","8":"filter_style-paintings","9":"filter_technique-oil-on-canvas","10":"kunstler-hubert-sieverding-en","11":"product_cat-starter","13":"first","14":"instock","15":"shipping-taxable","16":"purchasable","17":"product-type-simple"},"acf":[],"_links":{"self":[{"href":"https:\/\/winstage.at\/en\/wp-json\/wp\/v2\/product\/33036","targetHints":{"allow":["GET"]}}],"collection":[{"href":"https:\/\/winstage.at\/en\/wp-json\/wp\/v2\/product"}],"about":[{"href":"https:\/\/winstage.at\/en\/wp-json\/wp\/v2\/types\/product"}],"author":[{"embeddable":true,"href":"https:\/\/winstage.at\/en\/wp-json\/wp\/v2\/users\/219"}],"wp:featuredmedia":[{"embeddable":true,"href":"https:\/\/winstage.at\/en\/wp-json\/wp\/v2\/media\/33032"}],"wp:attachment":[{"href":"https:\/\/winstage.at\/en\/wp-json\/wp\/v2\/media?parent=33036"}],"wp:term":[{"taxonomy":"besichtigung","embeddable":true,"href":"https:\/\/winstage.at\/en\/wp-json\/wp\/v2\/besichtigung?post=33036"},{"taxonomy":"filter_size","embeddable":true,"href":"https:\/\/winstage.at\/en\/wp-json\/wp\/v2\/filter_size?post=33036"},{"taxonomy":"filter_style","embeddable":true,"href":"https:\/\/winstage.at\/en\/wp-json\/wp\/v2\/filter_style?post=33036"},{"taxonomy":"filter_technique","embeddable":true,"href":"https:\/\/winstage.at\/en\/wp-json\/wp\/v2\/filter_technique?post=33036"},{"taxonomy":"kunstler","embeddable":true,"href":"https:\/\/winstage.at\/en\/wp-json\/wp\/v2\/kunstler?post=33036"},{"taxonomy":"product_brand","embeddable":true,"href":"https:\/\/winstage.at\/en\/wp-json\/wp\/v2\/product_brand?post=33036"},{"taxonomy":"product_cat","embeddable":true,"href":"https:\/\/winstage.at\/en\/wp-json\/wp\/v2\/product_cat?post=33036"},{"taxonomy":"product_tag","embeddable":true,"href":"https:\/\/winstage.at\/en\/wp-json\/wp\/v2\/product_tag?post=33036"}],"curies":[{"name":"wp","href":"https:\/\/api.w.org\/{rel}","templated":true}]}}