{"id":33389,"date":"2026-01-20T12:15:47","date_gmt":"2026-01-20T11:15:47","guid":{"rendered":"https:\/\/winstage.at\/?post_type=product&#038;p=33389"},"modified":"2026-01-20T12:15:49","modified_gmt":"2026-01-20T11:15:49","slug":"fragmented-gaze-daniel-exoblack","status":"publish","type":"product","link":"https:\/\/winstage.at\/en\/event\/fragmented-gaze-daniel-exoblack\/","title":{"rendered":"Fragmented Gaze"},"content":{"rendered":"<p>Dieses Werk zeigt ein Gesicht im Wandel \u2013 zerrissen, \u00fcberlagert und zugleich kraftvoll pr\u00e4sent. Flie\u00dfende Formen, expressive Farbverl\u00e4ufe und gezielte Farbspritzer verschmelzen zu einem intensiven Spannungsfeld zwischen Identit\u00e4t und Aufl\u00f6sung. Der Blick wirkt ruhig und doch innerlich bewegt \u2013 als w\u00fcrde er mehr f\u00fchlen als zeigen. Typisch f\u00fcr ExoBlack verbindet das Bild abstrakte Malerei mit digital-organischer \u00c4sthetik. Die Farbschichten stehen f\u00fcr innere Gegens\u00e4tze: Kontrolle und Chaos, Stille und Energie, Verletzlichkeit und St\u00e4rke. Ein ausdrucksstarkes Kunstwerk f\u00fcr R\u00e4ume, die Tiefe, Emotion und Individualit\u00e4t ausstrahlen sollen. Details: K\u00fcnstler: ExoBlack Gr\u00f6\u00dfe: 70 \u00d7 50 cm Technik: Mixed Media \/ abstrakt-expressiv Unikat \u2013 Originalkunstwerk<\/p>\n","protected":false},"excerpt":{"rendered":"<p>Dieses Werk zeigt ein Gesicht im Wandel \u2013 zerrissen, \u00fcberlagert und zugleich kraftvoll pr\u00e4sent. Flie\u00dfende&#8230;<\/p>\n","protected":false},"author":191,"featured_media":33430,"template":"","meta":{"_acf_changed":false,"iawp_total_views":0},"besichtigung":[1058],"filter_size":[1063],"filter_style":[1059],"filter_technique":[1086],"kunstler":[1254],"product_brand":[],"product_cat":[1062],"product_tag":[],"class_list":{"0":"post-33389","1":"product","2":"type-product","3":"status-publish","4":"has-post-thumbnail","6":"besichtigung-nur-online","7":"filter_size-m","8":"filter_style-paintings","9":"filter_technique-mixed-media","10":"kunstler-daniel-exoblack","11":"product_cat-starter","13":"first","14":"instock","15":"shipping-taxable","16":"purchasable","17":"product-type-simple"},"acf":[],"_links":{"self":[{"href":"https:\/\/winstage.at\/en\/wp-json\/wp\/v2\/product\/33389","targetHints":{"allow":["GET"]}}],"collection":[{"href":"https:\/\/winstage.at\/en\/wp-json\/wp\/v2\/product"}],"about":[{"href":"https:\/\/winstage.at\/en\/wp-json\/wp\/v2\/types\/product"}],"author":[{"embeddable":true,"href":"https:\/\/winstage.at\/en\/wp-json\/wp\/v2\/users\/191"}],"wp:featuredmedia":[{"embeddable":true,"href":"https:\/\/winstage.at\/en\/wp-json\/wp\/v2\/media\/33430"}],"wp:attachment":[{"href":"https:\/\/winstage.at\/en\/wp-json\/wp\/v2\/media?parent=33389"}],"wp:term":[{"taxonomy":"besichtigung","embeddable":true,"href":"https:\/\/winstage.at\/en\/wp-json\/wp\/v2\/besichtigung?post=33389"},{"taxonomy":"filter_size","embeddable":true,"href":"https:\/\/winstage.at\/en\/wp-json\/wp\/v2\/filter_size?post=33389"},{"taxonomy":"filter_style","embeddable":true,"href":"https:\/\/winstage.at\/en\/wp-json\/wp\/v2\/filter_style?post=33389"},{"taxonomy":"filter_technique","embeddable":true,"href":"https:\/\/winstage.at\/en\/wp-json\/wp\/v2\/filter_technique?post=33389"},{"taxonomy":"kunstler","embeddable":true,"href":"https:\/\/winstage.at\/en\/wp-json\/wp\/v2\/kunstler?post=33389"},{"taxonomy":"product_brand","embeddable":true,"href":"https:\/\/winstage.at\/en\/wp-json\/wp\/v2\/product_brand?post=33389"},{"taxonomy":"product_cat","embeddable":true,"href":"https:\/\/winstage.at\/en\/wp-json\/wp\/v2\/product_cat?post=33389"},{"taxonomy":"product_tag","embeddable":true,"href":"https:\/\/winstage.at\/en\/wp-json\/wp\/v2\/product_tag?post=33389"}],"curies":[{"name":"wp","href":"https:\/\/api.w.org\/{rel}","templated":true}]}}