{"id":33391,"date":"2026-01-20T12:15:06","date_gmt":"2026-01-20T11:15:06","guid":{"rendered":"https:\/\/winstage.at\/?post_type=product&#038;p=33391"},"modified":"2026-01-20T12:15:08","modified_gmt":"2026-01-20T11:15:08","slug":"chromatic-faceshift-daniel-exoblack","status":"publish","type":"product","link":"https:\/\/winstage.at\/en\/event\/chromatic-faceshift-daniel-exoblack\/","title":{"rendered":"Chromatic Faceshift"},"content":{"rendered":"<p>Chromatic Faceshift\u201c ist ein eindrucksvolles Originalgem\u00e4lde, das Identit\u00e4t, Verformung und farbintensive Emotionen zu einer modernen, kraftvollen Komposition verschmelzen l\u00e4sst. Das Gesicht wirkt wie in mehreren Ebenen gleichzeitig existierend \u2013 verzerrt, verschoben und dennoch voller Ausdruckskraft. Diagonal verlaufende Linien durchschneiden die Komposition und erzeugen ein Gef\u00fchl von Bewegung und Transformation. Explosive Spritzer in Gelb, Gr\u00fcn und Rot durchbrechen die ruhigen Fl\u00e4chen und bringen eine dynamische, fast elektrische Energie in das Werk. Die Kombination aus abstrakten Mustern, digital anmutenden Strukturen und deiner charakteristischen ExoBlack-Spritzttechnik schafft eine visuelle Spannung zwischen Chaos und Kontrolle. Das Bild zieht sofort in seinen Bann \u2013 ein Werk, das nicht nur betrachtet, sondern erlebt wird. Ein intensives Einzelst\u00fcck, das R\u00e4ume dominiert und Emotionen freilegt.<\/p>\n","protected":false},"excerpt":{"rendered":"<p>Chromatic Faceshift\u201c ist ein eindrucksvolles Originalgem\u00e4lde, das Identit\u00e4t, Verformung und farbintensive Emotionen zu einer modernen,&#8230;<\/p>\n","protected":false},"author":191,"featured_media":33426,"template":"","meta":{"_acf_changed":false,"iawp_total_views":0},"besichtigung":[1058],"filter_size":[1063],"filter_style":[1059],"filter_technique":[1086],"kunstler":[1254],"product_brand":[],"product_cat":[1062],"product_tag":[],"class_list":{"0":"post-33391","1":"product","2":"type-product","3":"status-publish","4":"has-post-thumbnail","6":"besichtigung-nur-online","7":"filter_size-m","8":"filter_style-paintings","9":"filter_technique-mixed-media","10":"kunstler-daniel-exoblack","11":"product_cat-starter","13":"first","14":"instock","15":"shipping-taxable","16":"purchasable","17":"product-type-simple"},"acf":[],"_links":{"self":[{"href":"https:\/\/winstage.at\/en\/wp-json\/wp\/v2\/product\/33391","targetHints":{"allow":["GET"]}}],"collection":[{"href":"https:\/\/winstage.at\/en\/wp-json\/wp\/v2\/product"}],"about":[{"href":"https:\/\/winstage.at\/en\/wp-json\/wp\/v2\/types\/product"}],"author":[{"embeddable":true,"href":"https:\/\/winstage.at\/en\/wp-json\/wp\/v2\/users\/191"}],"wp:featuredmedia":[{"embeddable":true,"href":"https:\/\/winstage.at\/en\/wp-json\/wp\/v2\/media\/33426"}],"wp:attachment":[{"href":"https:\/\/winstage.at\/en\/wp-json\/wp\/v2\/media?parent=33391"}],"wp:term":[{"taxonomy":"besichtigung","embeddable":true,"href":"https:\/\/winstage.at\/en\/wp-json\/wp\/v2\/besichtigung?post=33391"},{"taxonomy":"filter_size","embeddable":true,"href":"https:\/\/winstage.at\/en\/wp-json\/wp\/v2\/filter_size?post=33391"},{"taxonomy":"filter_style","embeddable":true,"href":"https:\/\/winstage.at\/en\/wp-json\/wp\/v2\/filter_style?post=33391"},{"taxonomy":"filter_technique","embeddable":true,"href":"https:\/\/winstage.at\/en\/wp-json\/wp\/v2\/filter_technique?post=33391"},{"taxonomy":"kunstler","embeddable":true,"href":"https:\/\/winstage.at\/en\/wp-json\/wp\/v2\/kunstler?post=33391"},{"taxonomy":"product_brand","embeddable":true,"href":"https:\/\/winstage.at\/en\/wp-json\/wp\/v2\/product_brand?post=33391"},{"taxonomy":"product_cat","embeddable":true,"href":"https:\/\/winstage.at\/en\/wp-json\/wp\/v2\/product_cat?post=33391"},{"taxonomy":"product_tag","embeddable":true,"href":"https:\/\/winstage.at\/en\/wp-json\/wp\/v2\/product_tag?post=33391"}],"curies":[{"name":"wp","href":"https:\/\/api.w.org\/{rel}","templated":true}]}}