{"id":33467,"date":"2026-01-22T13:44:56","date_gmt":"2026-01-22T12:44:56","guid":{"rendered":"https:\/\/winstage.at\/?post_type=product&#038;p=33467"},"modified":"2026-01-22T13:44:59","modified_gmt":"2026-01-22T12:44:59","slug":"held-still-daniel-muhr","status":"publish","type":"product","link":"https:\/\/winstage.at\/en\/event\/held-still-daniel-muhr\/","title":{"rendered":"Held Still"},"content":{"rendered":"<p>Ein Blick, der bleibt. Unverf\u00e4lscht. Direkt. Unausweichlich. Dieses Werk lebt von Spannung und Gegens\u00e4tzen: Roh aufgetragene Farbschichten treffen auf ein nahezu realistisches Gesicht, das sich durch Chaos und Struktur seinen Weg nach au\u00dfen bahnt. Kr\u00e4ftige Rot-, Blau- und Gelbt\u00f6ne stehen im Kontrast zu erdigen Nuancen und lassen Emotionen zwischen Verletzlichkeit und St\u00e4rke entstehen. Die Augen sind der Ankerpunkt \u2013 sie beobachten, fordern heraus und spiegeln innere Tiefe wider. Nichts ist glatt, nichts perfekt. Jede Spur, jede Linie erz\u00e4hlt von Bewegung, von innerem Druck, von gelebter Intensit\u00e4t. Ein Werk \u00fcber Identit\u00e4t, Ausdruck und das Sichtbarwerden dessen, was oft verborgen bleibt.<\/p>\n","protected":false},"excerpt":{"rendered":"<p>Ein Blick, der bleibt. Unverf\u00e4lscht. Direkt. Unausweichlich. Dieses Werk lebt von Spannung und Gegens\u00e4tzen: Roh&#8230;<\/p>\n","protected":false},"author":191,"featured_media":33465,"template":"","meta":{"_acf_changed":false,"iawp_total_views":0},"besichtigung":[1058],"filter_size":[],"filter_style":[1059],"filter_technique":[1060],"kunstler":[1254],"product_brand":[],"product_cat":[1062],"product_tag":[],"class_list":{"0":"post-33467","1":"product","2":"type-product","3":"status-publish","4":"has-post-thumbnail","6":"besichtigung-nur-online","7":"filter_style-paintings","8":"filter_technique-acryl","9":"kunstler-daniel-exoblack","10":"product_cat-starter","12":"first","13":"instock","14":"shipping-taxable","15":"purchasable","16":"product-type-simple"},"acf":[],"_links":{"self":[{"href":"https:\/\/winstage.at\/en\/wp-json\/wp\/v2\/product\/33467","targetHints":{"allow":["GET"]}}],"collection":[{"href":"https:\/\/winstage.at\/en\/wp-json\/wp\/v2\/product"}],"about":[{"href":"https:\/\/winstage.at\/en\/wp-json\/wp\/v2\/types\/product"}],"author":[{"embeddable":true,"href":"https:\/\/winstage.at\/en\/wp-json\/wp\/v2\/users\/191"}],"wp:featuredmedia":[{"embeddable":true,"href":"https:\/\/winstage.at\/en\/wp-json\/wp\/v2\/media\/33465"}],"wp:attachment":[{"href":"https:\/\/winstage.at\/en\/wp-json\/wp\/v2\/media?parent=33467"}],"wp:term":[{"taxonomy":"besichtigung","embeddable":true,"href":"https:\/\/winstage.at\/en\/wp-json\/wp\/v2\/besichtigung?post=33467"},{"taxonomy":"filter_size","embeddable":true,"href":"https:\/\/winstage.at\/en\/wp-json\/wp\/v2\/filter_size?post=33467"},{"taxonomy":"filter_style","embeddable":true,"href":"https:\/\/winstage.at\/en\/wp-json\/wp\/v2\/filter_style?post=33467"},{"taxonomy":"filter_technique","embeddable":true,"href":"https:\/\/winstage.at\/en\/wp-json\/wp\/v2\/filter_technique?post=33467"},{"taxonomy":"kunstler","embeddable":true,"href":"https:\/\/winstage.at\/en\/wp-json\/wp\/v2\/kunstler?post=33467"},{"taxonomy":"product_brand","embeddable":true,"href":"https:\/\/winstage.at\/en\/wp-json\/wp\/v2\/product_brand?post=33467"},{"taxonomy":"product_cat","embeddable":true,"href":"https:\/\/winstage.at\/en\/wp-json\/wp\/v2\/product_cat?post=33467"},{"taxonomy":"product_tag","embeddable":true,"href":"https:\/\/winstage.at\/en\/wp-json\/wp\/v2\/product_tag?post=33467"}],"curies":[{"name":"wp","href":"https:\/\/api.w.org\/{rel}","templated":true}]}}