{"id":33515,"date":"2026-01-23T16:54:16","date_gmt":"2026-01-23T15:54:16","guid":{"rendered":"https:\/\/winstage.at\/?post_type=product&#038;p=33515"},"modified":"2026-01-23T16:54:19","modified_gmt":"2026-01-23T15:54:19","slug":"die-botschaft-elke-hieden","status":"publish","type":"product","link":"https:\/\/winstage.at\/en\/event\/die-botschaft-elke-hieden\/","title":{"rendered":"Die Botschaft"},"content":{"rendered":"<p>Das Bild enth\u00e4lt eine Botschaft f\u00fcr 2026 eingearbeitet in Acrylfarben und Rost Effekten schafft es Tiefe und \u00f6ffnet R\u00e4ume f\u00fcr eigene Interpretationen.<\/p>\n","protected":false},"excerpt":{"rendered":"<p>Das Bild enth\u00e4lt eine Botschaft f\u00fcr 2026 eingearbeitet in Acrylfarben und Rost Effekten schafft es&#8230;<\/p>\n","protected":false},"author":229,"featured_media":33512,"template":"","meta":{"_acf_changed":false,"iawp_total_views":0},"besichtigung":[1058],"filter_size":[1063],"filter_style":[1059],"filter_technique":[1086],"kunstler":[1401],"product_brand":[],"product_cat":[1062],"product_tag":[],"class_list":{"0":"post-33515","1":"product","2":"type-product","3":"status-publish","4":"has-post-thumbnail","6":"besichtigung-nur-online","7":"filter_size-m","8":"filter_style-paintings","9":"filter_technique-mixed-media","10":"kunstler-elke-hieden-en","11":"product_cat-starter","13":"first","14":"instock","15":"shipping-taxable","16":"product-type-simple"},"acf":[],"_links":{"self":[{"href":"https:\/\/winstage.at\/en\/wp-json\/wp\/v2\/product\/33515","targetHints":{"allow":["GET"]}}],"collection":[{"href":"https:\/\/winstage.at\/en\/wp-json\/wp\/v2\/product"}],"about":[{"href":"https:\/\/winstage.at\/en\/wp-json\/wp\/v2\/types\/product"}],"author":[{"embeddable":true,"href":"https:\/\/winstage.at\/en\/wp-json\/wp\/v2\/users\/229"}],"wp:featuredmedia":[{"embeddable":true,"href":"https:\/\/winstage.at\/en\/wp-json\/wp\/v2\/media\/33512"}],"wp:attachment":[{"href":"https:\/\/winstage.at\/en\/wp-json\/wp\/v2\/media?parent=33515"}],"wp:term":[{"taxonomy":"besichtigung","embeddable":true,"href":"https:\/\/winstage.at\/en\/wp-json\/wp\/v2\/besichtigung?post=33515"},{"taxonomy":"filter_size","embeddable":true,"href":"https:\/\/winstage.at\/en\/wp-json\/wp\/v2\/filter_size?post=33515"},{"taxonomy":"filter_style","embeddable":true,"href":"https:\/\/winstage.at\/en\/wp-json\/wp\/v2\/filter_style?post=33515"},{"taxonomy":"filter_technique","embeddable":true,"href":"https:\/\/winstage.at\/en\/wp-json\/wp\/v2\/filter_technique?post=33515"},{"taxonomy":"kunstler","embeddable":true,"href":"https:\/\/winstage.at\/en\/wp-json\/wp\/v2\/kunstler?post=33515"},{"taxonomy":"product_brand","embeddable":true,"href":"https:\/\/winstage.at\/en\/wp-json\/wp\/v2\/product_brand?post=33515"},{"taxonomy":"product_cat","embeddable":true,"href":"https:\/\/winstage.at\/en\/wp-json\/wp\/v2\/product_cat?post=33515"},{"taxonomy":"product_tag","embeddable":true,"href":"https:\/\/winstage.at\/en\/wp-json\/wp\/v2\/product_tag?post=33515"}],"curies":[{"name":"wp","href":"https:\/\/api.w.org\/{rel}","templated":true}]}}