{"id":33533,"date":"2026-01-23T18:42:17","date_gmt":"2026-01-23T17:42:17","guid":{"rendered":"https:\/\/winstage.at\/?post_type=product&#038;p=33533"},"modified":"2026-01-23T18:42:19","modified_gmt":"2026-01-23T17:42:19","slug":"elle-under-water-elke-hieden","status":"publish","type":"product","link":"https:\/\/winstage.at\/en\/event\/elle-under-water-elke-hieden\/","title":{"rendered":"Elle &#8211; Under Water"},"content":{"rendered":"<p>Pure Hingabe an den Moment, ans Leben. Weibliche Sinnlichkeit, Sch\u00f6nheit , die sich aufl\u00f6st im Element Wasser. Besonders sch\u00f6n zur Geltung gesetzt in einem Naturholz Schattenfugenrahmen<\/p>\n","protected":false},"excerpt":{"rendered":"<p>Pure Hingabe an den Moment, ans Leben. Weibliche Sinnlichkeit, Sch\u00f6nheit , die sich aufl\u00f6st im&#8230;<\/p>\n","protected":false},"author":229,"featured_media":33531,"template":"","meta":{"_acf_changed":false,"iawp_total_views":0},"besichtigung":[1058],"filter_size":[1063],"filter_style":[1059],"filter_technique":[1090],"kunstler":[1401],"product_brand":[],"product_cat":[1062],"product_tag":[],"class_list":{"0":"post-33533","1":"product","2":"type-product","3":"status-publish","4":"has-post-thumbnail","6":"besichtigung-nur-online","7":"filter_size-m","8":"filter_style-paintings","9":"filter_technique-oil-on-canvas","10":"kunstler-elke-hieden-en","11":"product_cat-starter","13":"first","14":"instock","15":"shipping-taxable","16":"purchasable","17":"product-type-simple"},"acf":[],"_links":{"self":[{"href":"https:\/\/winstage.at\/en\/wp-json\/wp\/v2\/product\/33533","targetHints":{"allow":["GET"]}}],"collection":[{"href":"https:\/\/winstage.at\/en\/wp-json\/wp\/v2\/product"}],"about":[{"href":"https:\/\/winstage.at\/en\/wp-json\/wp\/v2\/types\/product"}],"author":[{"embeddable":true,"href":"https:\/\/winstage.at\/en\/wp-json\/wp\/v2\/users\/229"}],"wp:featuredmedia":[{"embeddable":true,"href":"https:\/\/winstage.at\/en\/wp-json\/wp\/v2\/media\/33531"}],"wp:attachment":[{"href":"https:\/\/winstage.at\/en\/wp-json\/wp\/v2\/media?parent=33533"}],"wp:term":[{"taxonomy":"besichtigung","embeddable":true,"href":"https:\/\/winstage.at\/en\/wp-json\/wp\/v2\/besichtigung?post=33533"},{"taxonomy":"filter_size","embeddable":true,"href":"https:\/\/winstage.at\/en\/wp-json\/wp\/v2\/filter_size?post=33533"},{"taxonomy":"filter_style","embeddable":true,"href":"https:\/\/winstage.at\/en\/wp-json\/wp\/v2\/filter_style?post=33533"},{"taxonomy":"filter_technique","embeddable":true,"href":"https:\/\/winstage.at\/en\/wp-json\/wp\/v2\/filter_technique?post=33533"},{"taxonomy":"kunstler","embeddable":true,"href":"https:\/\/winstage.at\/en\/wp-json\/wp\/v2\/kunstler?post=33533"},{"taxonomy":"product_brand","embeddable":true,"href":"https:\/\/winstage.at\/en\/wp-json\/wp\/v2\/product_brand?post=33533"},{"taxonomy":"product_cat","embeddable":true,"href":"https:\/\/winstage.at\/en\/wp-json\/wp\/v2\/product_cat?post=33533"},{"taxonomy":"product_tag","embeddable":true,"href":"https:\/\/winstage.at\/en\/wp-json\/wp\/v2\/product_tag?post=33533"}],"curies":[{"name":"wp","href":"https:\/\/api.w.org\/{rel}","templated":true}]}}