{"id":33537,"date":"2026-01-23T18:43:25","date_gmt":"2026-01-23T17:43:25","guid":{"rendered":"https:\/\/winstage.at\/?post_type=product&#038;p=33537"},"modified":"2026-01-23T18:43:27","modified_gmt":"2026-01-23T17:43:27","slug":"die-welle-2-elke-hieden","status":"publish","type":"product","link":"https:\/\/winstage.at\/en\/event\/die-welle-2-elke-hieden\/","title":{"rendered":"Die Welle"},"content":{"rendered":"<p>Die Welle &#8211; steht f\u00fcr das Leben, das manchmal \u00fcber uns zusammenbricht. Du kannst dich ihr entweder hilflos ergeben, unter ihr zerbrechen, oder sie annehmen, wie sie ist, in all ihrer Gr\u00f6\u00dfe und Sch\u00f6nheit. Dann wird sie dich k selbst wenn sie dich hinweg sp\u00fclt, zu deiner wahren Sch\u00f6nheit polieren. Sie zu reiten ist die Kunst des Lebens.<\/p>\n","protected":false},"excerpt":{"rendered":"<p>Die Welle &#8211; steht f\u00fcr das Leben, das manchmal \u00fcber uns zusammenbricht. Du kannst dich&#8230;<\/p>\n","protected":false},"author":229,"featured_media":33535,"template":"","meta":{"_acf_changed":false,"iawp_total_views":0},"besichtigung":[1058],"filter_size":[1064],"filter_style":[1059],"filter_technique":[1060],"kunstler":[1401],"product_brand":[],"product_cat":[1062],"product_tag":[],"class_list":{"0":"post-33537","1":"product","2":"type-product","3":"status-publish","4":"has-post-thumbnail","6":"besichtigung-nur-online","7":"filter_size-l","8":"filter_style-paintings","9":"filter_technique-acryl","10":"kunstler-elke-hieden-en","11":"product_cat-starter","13":"first","14":"instock","15":"shipping-taxable","16":"purchasable","17":"product-type-simple"},"acf":[],"_links":{"self":[{"href":"https:\/\/winstage.at\/en\/wp-json\/wp\/v2\/product\/33537","targetHints":{"allow":["GET"]}}],"collection":[{"href":"https:\/\/winstage.at\/en\/wp-json\/wp\/v2\/product"}],"about":[{"href":"https:\/\/winstage.at\/en\/wp-json\/wp\/v2\/types\/product"}],"author":[{"embeddable":true,"href":"https:\/\/winstage.at\/en\/wp-json\/wp\/v2\/users\/229"}],"wp:featuredmedia":[{"embeddable":true,"href":"https:\/\/winstage.at\/en\/wp-json\/wp\/v2\/media\/33535"}],"wp:attachment":[{"href":"https:\/\/winstage.at\/en\/wp-json\/wp\/v2\/media?parent=33537"}],"wp:term":[{"taxonomy":"besichtigung","embeddable":true,"href":"https:\/\/winstage.at\/en\/wp-json\/wp\/v2\/besichtigung?post=33537"},{"taxonomy":"filter_size","embeddable":true,"href":"https:\/\/winstage.at\/en\/wp-json\/wp\/v2\/filter_size?post=33537"},{"taxonomy":"filter_style","embeddable":true,"href":"https:\/\/winstage.at\/en\/wp-json\/wp\/v2\/filter_style?post=33537"},{"taxonomy":"filter_technique","embeddable":true,"href":"https:\/\/winstage.at\/en\/wp-json\/wp\/v2\/filter_technique?post=33537"},{"taxonomy":"kunstler","embeddable":true,"href":"https:\/\/winstage.at\/en\/wp-json\/wp\/v2\/kunstler?post=33537"},{"taxonomy":"product_brand","embeddable":true,"href":"https:\/\/winstage.at\/en\/wp-json\/wp\/v2\/product_brand?post=33537"},{"taxonomy":"product_cat","embeddable":true,"href":"https:\/\/winstage.at\/en\/wp-json\/wp\/v2\/product_cat?post=33537"},{"taxonomy":"product_tag","embeddable":true,"href":"https:\/\/winstage.at\/en\/wp-json\/wp\/v2\/product_tag?post=33537"}],"curies":[{"name":"wp","href":"https:\/\/api.w.org\/{rel}","templated":true}]}}