{"id":33832,"date":"2026-01-30T16:37:04","date_gmt":"2026-01-30T15:37:04","guid":{"rendered":"https:\/\/winstage.at\/?post_type=product&#038;p=33832"},"modified":"2026-01-30T16:37:07","modified_gmt":"2026-01-30T15:37:07","slug":"rover-tuere","status":"publish","type":"product","link":"https:\/\/winstage.at\/en\/event\/rover-tuere\/","title":{"rendered":"(R)over t\u00fcre"},"content":{"rendered":"<p>Heckt\u00fcre eines abgest\u00fcrzten Landrovers<\/p>\n","protected":false},"excerpt":{"rendered":"<p>Heckt\u00fcre eines abgest\u00fcrzten Landrovers<\/p>\n","protected":false},"author":97,"featured_media":33812,"template":"","meta":{"_acf_changed":false,"iawp_total_views":0},"besichtigung":[1058],"filter_size":[1063],"filter_style":[1071],"filter_technique":[1095],"kunstler":[1427],"product_brand":[],"product_cat":[1062],"product_tag":[],"class_list":{"0":"post-33832","1":"product","2":"type-product","3":"status-publish","4":"has-post-thumbnail","6":"besichtigung-nur-online","7":"filter_size-m","8":"filter_style-sculpture","9":"filter_technique-sculpture","10":"kunstler-rudolf-weber-en","11":"product_cat-starter","13":"first","14":"instock","15":"shipping-taxable","16":"purchasable","17":"product-type-simple"},"acf":[],"_links":{"self":[{"href":"https:\/\/winstage.at\/en\/wp-json\/wp\/v2\/product\/33832","targetHints":{"allow":["GET"]}}],"collection":[{"href":"https:\/\/winstage.at\/en\/wp-json\/wp\/v2\/product"}],"about":[{"href":"https:\/\/winstage.at\/en\/wp-json\/wp\/v2\/types\/product"}],"author":[{"embeddable":true,"href":"https:\/\/winstage.at\/en\/wp-json\/wp\/v2\/users\/97"}],"wp:featuredmedia":[{"embeddable":true,"href":"https:\/\/winstage.at\/en\/wp-json\/wp\/v2\/media\/33812"}],"wp:attachment":[{"href":"https:\/\/winstage.at\/en\/wp-json\/wp\/v2\/media?parent=33832"}],"wp:term":[{"taxonomy":"besichtigung","embeddable":true,"href":"https:\/\/winstage.at\/en\/wp-json\/wp\/v2\/besichtigung?post=33832"},{"taxonomy":"filter_size","embeddable":true,"href":"https:\/\/winstage.at\/en\/wp-json\/wp\/v2\/filter_size?post=33832"},{"taxonomy":"filter_style","embeddable":true,"href":"https:\/\/winstage.at\/en\/wp-json\/wp\/v2\/filter_style?post=33832"},{"taxonomy":"filter_technique","embeddable":true,"href":"https:\/\/winstage.at\/en\/wp-json\/wp\/v2\/filter_technique?post=33832"},{"taxonomy":"kunstler","embeddable":true,"href":"https:\/\/winstage.at\/en\/wp-json\/wp\/v2\/kunstler?post=33832"},{"taxonomy":"product_brand","embeddable":true,"href":"https:\/\/winstage.at\/en\/wp-json\/wp\/v2\/product_brand?post=33832"},{"taxonomy":"product_cat","embeddable":true,"href":"https:\/\/winstage.at\/en\/wp-json\/wp\/v2\/product_cat?post=33832"},{"taxonomy":"product_tag","embeddable":true,"href":"https:\/\/winstage.at\/en\/wp-json\/wp\/v2\/product_tag?post=33832"}],"curies":[{"name":"wp","href":"https:\/\/api.w.org\/{rel}","templated":true}]}}