{"id":33853,"date":"2026-01-31T10:10:43","date_gmt":"2026-01-31T09:10:43","guid":{"rendered":"https:\/\/winstage.at\/?post_type=product&#038;p=33853"},"modified":"2026-01-31T10:10:46","modified_gmt":"2026-01-31T09:10:46","slug":"erscheinung","status":"publish","type":"product","link":"https:\/\/winstage.at\/en\/event\/erscheinung\/","title":{"rendered":"Erscheinung"},"content":{"rendered":"<p>Komplexit\u00e4t und Tiefe des Kunstwerks entsteht durch geschicktes Auftragen von vielen transparenten oder halbtransparenten Schichten. Merkmal auch dieses vielschichtigen, lebendigen Gem\u00e4ldes. Gegenst\u00e4nde und Vorg\u00e4nge offenbaren sich; entsprungen einem unwillk\u00fcrlichem innerem Erleben plastisch visueller Erschaffung einer vertieften Wirklichkeit.<\/p>\n","protected":false},"excerpt":{"rendered":"<p>Komplexit\u00e4t und Tiefe des Kunstwerks entsteht durch geschicktes Auftragen von vielen transparenten oder halbtransparenten Schichten&#8230;.<\/p>\n","protected":false},"author":225,"featured_media":33798,"template":"","meta":{"_acf_changed":false,"iawp_total_views":0},"besichtigung":[1058],"filter_size":[1063],"filter_style":[1059],"filter_technique":[1090],"kunstler":[1393],"product_brand":[],"product_cat":[1062],"product_tag":[],"class_list":{"0":"post-33853","1":"product","2":"type-product","3":"status-publish","4":"has-post-thumbnail","6":"besichtigung-nur-online","7":"filter_size-m","8":"filter_style-paintings","9":"filter_technique-oil-on-canvas","10":"kunstler-heinrich-wagner-en","11":"product_cat-starter","13":"first","14":"instock","15":"shipping-taxable","16":"purchasable","17":"product-type-simple"},"acf":[],"_links":{"self":[{"href":"https:\/\/winstage.at\/en\/wp-json\/wp\/v2\/product\/33853","targetHints":{"allow":["GET"]}}],"collection":[{"href":"https:\/\/winstage.at\/en\/wp-json\/wp\/v2\/product"}],"about":[{"href":"https:\/\/winstage.at\/en\/wp-json\/wp\/v2\/types\/product"}],"author":[{"embeddable":true,"href":"https:\/\/winstage.at\/en\/wp-json\/wp\/v2\/users\/225"}],"wp:featuredmedia":[{"embeddable":true,"href":"https:\/\/winstage.at\/en\/wp-json\/wp\/v2\/media\/33798"}],"wp:attachment":[{"href":"https:\/\/winstage.at\/en\/wp-json\/wp\/v2\/media?parent=33853"}],"wp:term":[{"taxonomy":"besichtigung","embeddable":true,"href":"https:\/\/winstage.at\/en\/wp-json\/wp\/v2\/besichtigung?post=33853"},{"taxonomy":"filter_size","embeddable":true,"href":"https:\/\/winstage.at\/en\/wp-json\/wp\/v2\/filter_size?post=33853"},{"taxonomy":"filter_style","embeddable":true,"href":"https:\/\/winstage.at\/en\/wp-json\/wp\/v2\/filter_style?post=33853"},{"taxonomy":"filter_technique","embeddable":true,"href":"https:\/\/winstage.at\/en\/wp-json\/wp\/v2\/filter_technique?post=33853"},{"taxonomy":"kunstler","embeddable":true,"href":"https:\/\/winstage.at\/en\/wp-json\/wp\/v2\/kunstler?post=33853"},{"taxonomy":"product_brand","embeddable":true,"href":"https:\/\/winstage.at\/en\/wp-json\/wp\/v2\/product_brand?post=33853"},{"taxonomy":"product_cat","embeddable":true,"href":"https:\/\/winstage.at\/en\/wp-json\/wp\/v2\/product_cat?post=33853"},{"taxonomy":"product_tag","embeddable":true,"href":"https:\/\/winstage.at\/en\/wp-json\/wp\/v2\/product_tag?post=33853"}],"curies":[{"name":"wp","href":"https:\/\/api.w.org\/{rel}","templated":true}]}}