{"id":33863,"date":"2026-01-31T10:09:26","date_gmt":"2026-01-31T09:09:26","guid":{"rendered":"https:\/\/winstage.at\/?post_type=product&#038;p=33863"},"modified":"2026-01-31T10:09:31","modified_gmt":"2026-01-31T09:09:31","slug":"monade","status":"publish","type":"product","link":"https:\/\/winstage.at\/en\/event\/monade\/","title":{"rendered":"Monade"},"content":{"rendered":"<p>Monaden haben \u201ekeine Fenster\u201c oder T\u00fcren, \u201edurch die irgendetwas in sie hinein- oder heraustreten k\u00f6nnte\u201c, \u2026.jedoch erbringt die Monade, die Bewegungen der sie umgebenden Welt individualperspektivisch zu repr\u00e4sentieren. (zitiert auszugsweise aus: Wikipedia &#8211; Monade (Philosophie)) D\u00fcnne Lasuren feinf\u00fchlig aufgetragen erzeugen die Reliefdarstellung auf der glatten, abweisenden Darstellung des schwebenden Cubus.<\/p>\n","protected":false},"excerpt":{"rendered":"<p>Monaden haben \u201ekeine Fenster\u201c oder T\u00fcren, \u201edurch die irgendetwas in sie hinein- oder heraustreten k\u00f6nnte\u201c,&#8230;<\/p>\n","protected":false},"author":225,"featured_media":33808,"template":"","meta":{"_acf_changed":false,"iawp_total_views":0},"besichtigung":[1058],"filter_size":[1063],"filter_style":[1059],"filter_technique":[1090],"kunstler":[1393],"product_brand":[],"product_cat":[1062],"product_tag":[],"class_list":{"0":"post-33863","1":"product","2":"type-product","3":"status-publish","4":"has-post-thumbnail","6":"besichtigung-nur-online","7":"filter_size-m","8":"filter_style-paintings","9":"filter_technique-oil-on-canvas","10":"kunstler-heinrich-wagner-en","11":"product_cat-starter","13":"first","14":"instock","15":"shipping-taxable","16":"purchasable","17":"product-type-simple"},"acf":[],"_links":{"self":[{"href":"https:\/\/winstage.at\/en\/wp-json\/wp\/v2\/product\/33863","targetHints":{"allow":["GET"]}}],"collection":[{"href":"https:\/\/winstage.at\/en\/wp-json\/wp\/v2\/product"}],"about":[{"href":"https:\/\/winstage.at\/en\/wp-json\/wp\/v2\/types\/product"}],"author":[{"embeddable":true,"href":"https:\/\/winstage.at\/en\/wp-json\/wp\/v2\/users\/225"}],"wp:featuredmedia":[{"embeddable":true,"href":"https:\/\/winstage.at\/en\/wp-json\/wp\/v2\/media\/33808"}],"wp:attachment":[{"href":"https:\/\/winstage.at\/en\/wp-json\/wp\/v2\/media?parent=33863"}],"wp:term":[{"taxonomy":"besichtigung","embeddable":true,"href":"https:\/\/winstage.at\/en\/wp-json\/wp\/v2\/besichtigung?post=33863"},{"taxonomy":"filter_size","embeddable":true,"href":"https:\/\/winstage.at\/en\/wp-json\/wp\/v2\/filter_size?post=33863"},{"taxonomy":"filter_style","embeddable":true,"href":"https:\/\/winstage.at\/en\/wp-json\/wp\/v2\/filter_style?post=33863"},{"taxonomy":"filter_technique","embeddable":true,"href":"https:\/\/winstage.at\/en\/wp-json\/wp\/v2\/filter_technique?post=33863"},{"taxonomy":"kunstler","embeddable":true,"href":"https:\/\/winstage.at\/en\/wp-json\/wp\/v2\/kunstler?post=33863"},{"taxonomy":"product_brand","embeddable":true,"href":"https:\/\/winstage.at\/en\/wp-json\/wp\/v2\/product_brand?post=33863"},{"taxonomy":"product_cat","embeddable":true,"href":"https:\/\/winstage.at\/en\/wp-json\/wp\/v2\/product_cat?post=33863"},{"taxonomy":"product_tag","embeddable":true,"href":"https:\/\/winstage.at\/en\/wp-json\/wp\/v2\/product_tag?post=33863"}],"curies":[{"name":"wp","href":"https:\/\/api.w.org\/{rel}","templated":true}]}}