{"id":33898,"date":"2026-02-03T09:40:18","date_gmt":"2026-02-03T08:40:18","guid":{"rendered":"https:\/\/winstage.at\/?post_type=product&#038;p=33898"},"modified":"2026-02-03T10:19:54","modified_gmt":"2026-02-03T09:19:54","slug":"imperium","status":"publish","type":"product","link":"https:\/\/winstage.at\/en\/event\/imperium\/","title":{"rendered":"&#8222;Imperium&#8220;"},"content":{"rendered":"<p>\u201eImperium\u201c, 36 x 28 cm. 2025. Das Gem\u00e4lde ist mit schwarzer Tusche auf wei\u00dfem Aquarellpapier ausgef\u00fchrt. Fantasy-Stil. Farbstift. Originalidee. Unikat. Mischtechnik. ( In einem dunklen Kartonrahmen.)<\/p>\n","protected":false},"excerpt":{"rendered":"<p>\u201eImperium\u201c, 36 x 28 cm. 2025. Das Gem\u00e4lde ist mit schwarzer Tusche auf wei\u00dfem Aquarellpapier&#8230;<\/p>\n","protected":false},"author":230,"featured_media":33896,"template":"","meta":{"_acf_changed":false,"iawp_total_views":0},"besichtigung":[1058],"filter_size":[1063],"filter_style":[1059],"filter_technique":[1076],"kunstler":[1422],"product_brand":[],"product_cat":[1062],"product_tag":[],"class_list":{"0":"post-33898","1":"product","2":"type-product","3":"status-publish","4":"has-post-thumbnail","6":"besichtigung-nur-online","7":"filter_size-m","8":"filter_style-paintings","9":"filter_technique-art","10":"kunstler-oleksandr-ochkal-en","11":"product_cat-starter","13":"first","14":"instock","15":"shipping-taxable","16":"purchasable","17":"product-type-simple"},"acf":[],"_links":{"self":[{"href":"https:\/\/winstage.at\/en\/wp-json\/wp\/v2\/product\/33898","targetHints":{"allow":["GET"]}}],"collection":[{"href":"https:\/\/winstage.at\/en\/wp-json\/wp\/v2\/product"}],"about":[{"href":"https:\/\/winstage.at\/en\/wp-json\/wp\/v2\/types\/product"}],"author":[{"embeddable":true,"href":"https:\/\/winstage.at\/en\/wp-json\/wp\/v2\/users\/230"}],"wp:featuredmedia":[{"embeddable":true,"href":"https:\/\/winstage.at\/en\/wp-json\/wp\/v2\/media\/33896"}],"wp:attachment":[{"href":"https:\/\/winstage.at\/en\/wp-json\/wp\/v2\/media?parent=33898"}],"wp:term":[{"taxonomy":"besichtigung","embeddable":true,"href":"https:\/\/winstage.at\/en\/wp-json\/wp\/v2\/besichtigung?post=33898"},{"taxonomy":"filter_size","embeddable":true,"href":"https:\/\/winstage.at\/en\/wp-json\/wp\/v2\/filter_size?post=33898"},{"taxonomy":"filter_style","embeddable":true,"href":"https:\/\/winstage.at\/en\/wp-json\/wp\/v2\/filter_style?post=33898"},{"taxonomy":"filter_technique","embeddable":true,"href":"https:\/\/winstage.at\/en\/wp-json\/wp\/v2\/filter_technique?post=33898"},{"taxonomy":"kunstler","embeddable":true,"href":"https:\/\/winstage.at\/en\/wp-json\/wp\/v2\/kunstler?post=33898"},{"taxonomy":"product_brand","embeddable":true,"href":"https:\/\/winstage.at\/en\/wp-json\/wp\/v2\/product_brand?post=33898"},{"taxonomy":"product_cat","embeddable":true,"href":"https:\/\/winstage.at\/en\/wp-json\/wp\/v2\/product_cat?post=33898"},{"taxonomy":"product_tag","embeddable":true,"href":"https:\/\/winstage.at\/en\/wp-json\/wp\/v2\/product_tag?post=33898"}],"curies":[{"name":"wp","href":"https:\/\/api.w.org\/{rel}","templated":true}]}}