{"id":34378,"date":"2026-02-20T10:36:20","date_gmt":"2026-02-20T09:36:20","guid":{"rendered":"https:\/\/winstage.at\/?post_type=product&#038;p=34378"},"modified":"2026-02-20T10:36:22","modified_gmt":"2026-02-20T09:36:22","slug":"never-ending","status":"publish","type":"product","link":"https:\/\/winstage.at\/en\/event\/never-ending\/","title":{"rendered":"&#8222;Never ending&#8230;&#8220;"},"content":{"rendered":"<p>Das Gem\u00e4lde ist ein \u00d6lgem\u00e4lde auf Leinwand. Es ist ungerahmt. Die romantische und symbolische Natur des Motivs ist fesselnd und inspiriert zur Liebe zwischen zwei Menschen\u2026 \u201eUnendlichkeit\u2026\u201c 2025<\/p>\n","protected":false},"excerpt":{"rendered":"<p>Das Gem\u00e4lde ist ein \u00d6lgem\u00e4lde auf Leinwand. Es ist ungerahmt. Die romantische und symbolische Natur&#8230;<\/p>\n","protected":false},"author":230,"featured_media":34376,"template":"","meta":{"_acf_changed":false,"iawp_total_views":0},"besichtigung":[1058],"filter_size":[1063],"filter_style":[1059],"filter_technique":[1091],"kunstler":[1422],"product_brand":[],"product_cat":[1062],"product_tag":[],"class_list":{"0":"post-34378","1":"product","2":"type-product","3":"status-publish","4":"has-post-thumbnail","6":"besichtigung-nur-online","7":"filter_size-m","8":"filter_style-paintings","9":"filter_technique-painting","10":"kunstler-oleksandr-ochkal-en","11":"product_cat-starter","13":"first","14":"instock","15":"shipping-taxable","16":"purchasable","17":"product-type-simple"},"acf":[],"_links":{"self":[{"href":"https:\/\/winstage.at\/en\/wp-json\/wp\/v2\/product\/34378","targetHints":{"allow":["GET"]}}],"collection":[{"href":"https:\/\/winstage.at\/en\/wp-json\/wp\/v2\/product"}],"about":[{"href":"https:\/\/winstage.at\/en\/wp-json\/wp\/v2\/types\/product"}],"author":[{"embeddable":true,"href":"https:\/\/winstage.at\/en\/wp-json\/wp\/v2\/users\/230"}],"wp:featuredmedia":[{"embeddable":true,"href":"https:\/\/winstage.at\/en\/wp-json\/wp\/v2\/media\/34376"}],"wp:attachment":[{"href":"https:\/\/winstage.at\/en\/wp-json\/wp\/v2\/media?parent=34378"}],"wp:term":[{"taxonomy":"besichtigung","embeddable":true,"href":"https:\/\/winstage.at\/en\/wp-json\/wp\/v2\/besichtigung?post=34378"},{"taxonomy":"filter_size","embeddable":true,"href":"https:\/\/winstage.at\/en\/wp-json\/wp\/v2\/filter_size?post=34378"},{"taxonomy":"filter_style","embeddable":true,"href":"https:\/\/winstage.at\/en\/wp-json\/wp\/v2\/filter_style?post=34378"},{"taxonomy":"filter_technique","embeddable":true,"href":"https:\/\/winstage.at\/en\/wp-json\/wp\/v2\/filter_technique?post=34378"},{"taxonomy":"kunstler","embeddable":true,"href":"https:\/\/winstage.at\/en\/wp-json\/wp\/v2\/kunstler?post=34378"},{"taxonomy":"product_brand","embeddable":true,"href":"https:\/\/winstage.at\/en\/wp-json\/wp\/v2\/product_brand?post=34378"},{"taxonomy":"product_cat","embeddable":true,"href":"https:\/\/winstage.at\/en\/wp-json\/wp\/v2\/product_cat?post=34378"},{"taxonomy":"product_tag","embeddable":true,"href":"https:\/\/winstage.at\/en\/wp-json\/wp\/v2\/product_tag?post=34378"}],"curies":[{"name":"wp","href":"https:\/\/api.w.org\/{rel}","templated":true}]}}