{"id":35572,"date":"2026-03-16T11:09:57","date_gmt":"2026-03-16T10:09:57","guid":{"rendered":"https:\/\/winstage.at\/?post_type=product&#038;p=35572"},"modified":"2026-03-16T11:09:58","modified_gmt":"2026-03-16T10:09:58","slug":"eisenwaren-riel-stein","status":"publish","type":"product","link":"https:\/\/winstage.at\/en\/event\/eisenwaren-riel-stein\/","title":{"rendered":"Eisenwaren Riel &amp; Stein"},"content":{"rendered":"<p>Ein weiteres Gesch\u00e4ft in der W\u00e4hringer Stra\u00dfe. Ein Kuriosum mit treuer Stammkundschaft. Die Auslagen mit vielen Details habe ich mit Begeisterung gemalt.<\/p>\n","protected":false},"excerpt":{"rendered":"<p>Ein weiteres Gesch\u00e4ft in der W\u00e4hringer Stra\u00dfe. Ein Kuriosum mit treuer Stammkundschaft. Die Auslagen mit&#8230;<\/p>\n","protected":false},"author":0,"featured_media":35549,"template":"","meta":{"_acf_changed":false,"iawp_total_views":6},"besichtigung":[1058],"filter_size":[1064],"filter_style":[1059],"filter_technique":[1075],"kunstler":[1534],"product_brand":[],"product_cat":[1130],"product_tag":[],"class_list":{"0":"post-35572","1":"product","2":"type-product","3":"status-publish","4":"has-post-thumbnail","6":"besichtigung-nur-online","7":"filter_size-l","8":"filter_style-paintings","9":"filter_technique-watercolor-on-paper","10":"kunstler-adelheid-schwarz-en","11":"product_cat-pro","13":"first","14":"instock","15":"shipping-taxable","16":"product-type-simple"},"acf":[],"_links":{"self":[{"href":"https:\/\/winstage.at\/en\/wp-json\/wp\/v2\/product\/35572","targetHints":{"allow":["GET"]}}],"collection":[{"href":"https:\/\/winstage.at\/en\/wp-json\/wp\/v2\/product"}],"about":[{"href":"https:\/\/winstage.at\/en\/wp-json\/wp\/v2\/types\/product"}],"wp:featuredmedia":[{"embeddable":true,"href":"https:\/\/winstage.at\/en\/wp-json\/wp\/v2\/media\/35549"}],"wp:attachment":[{"href":"https:\/\/winstage.at\/en\/wp-json\/wp\/v2\/media?parent=35572"}],"wp:term":[{"taxonomy":"besichtigung","embeddable":true,"href":"https:\/\/winstage.at\/en\/wp-json\/wp\/v2\/besichtigung?post=35572"},{"taxonomy":"filter_size","embeddable":true,"href":"https:\/\/winstage.at\/en\/wp-json\/wp\/v2\/filter_size?post=35572"},{"taxonomy":"filter_style","embeddable":true,"href":"https:\/\/winstage.at\/en\/wp-json\/wp\/v2\/filter_style?post=35572"},{"taxonomy":"filter_technique","embeddable":true,"href":"https:\/\/winstage.at\/en\/wp-json\/wp\/v2\/filter_technique?post=35572"},{"taxonomy":"kunstler","embeddable":true,"href":"https:\/\/winstage.at\/en\/wp-json\/wp\/v2\/kunstler?post=35572"},{"taxonomy":"product_brand","embeddable":true,"href":"https:\/\/winstage.at\/en\/wp-json\/wp\/v2\/product_brand?post=35572"},{"taxonomy":"product_cat","embeddable":true,"href":"https:\/\/winstage.at\/en\/wp-json\/wp\/v2\/product_cat?post=35572"},{"taxonomy":"product_tag","embeddable":true,"href":"https:\/\/winstage.at\/en\/wp-json\/wp\/v2\/product_tag?post=35572"}],"curies":[{"name":"wp","href":"https:\/\/api.w.org\/{rel}","templated":true}]}}