{"id":35574,"date":"2026-03-16T11:11:26","date_gmt":"2026-03-16T10:11:26","guid":{"rendered":"https:\/\/winstage.at\/?post_type=product&#038;p=35574"},"modified":"2026-03-16T11:11:28","modified_gmt":"2026-03-16T10:11:28","slug":"papierwaren","status":"publish","type":"product","link":"https:\/\/winstage.at\/en\/event\/papierwaren\/","title":{"rendered":"Papierwaren"},"content":{"rendered":"<p>Dieses Gesch\u00e4ft in der D\u00f6blinger Hauptstra\u00dfe ist bereits geschlossen. Nun ist es in Aquarell verewigt.<\/p>\n","protected":false},"excerpt":{"rendered":"<p>Dieses Gesch\u00e4ft in der D\u00f6blinger Hauptstra\u00dfe ist bereits geschlossen. Nun ist es in Aquarell verewigt.<\/p>\n","protected":false},"author":0,"featured_media":35551,"template":"","meta":{"_acf_changed":false,"iawp_total_views":0},"besichtigung":[1058],"filter_size":[1064],"filter_style":[1059],"filter_technique":[1075],"kunstler":[1534],"product_brand":[],"product_cat":[1130],"product_tag":[],"class_list":{"0":"post-35574","1":"product","2":"type-product","3":"status-publish","4":"has-post-thumbnail","6":"besichtigung-nur-online","7":"filter_size-l","8":"filter_style-paintings","9":"filter_technique-watercolor-on-paper","10":"kunstler-adelheid-schwarz-en","11":"product_cat-pro","13":"first","14":"instock","15":"shipping-taxable","16":"product-type-simple"},"acf":[],"_links":{"self":[{"href":"https:\/\/winstage.at\/en\/wp-json\/wp\/v2\/product\/35574","targetHints":{"allow":["GET"]}}],"collection":[{"href":"https:\/\/winstage.at\/en\/wp-json\/wp\/v2\/product"}],"about":[{"href":"https:\/\/winstage.at\/en\/wp-json\/wp\/v2\/types\/product"}],"wp:featuredmedia":[{"embeddable":true,"href":"https:\/\/winstage.at\/en\/wp-json\/wp\/v2\/media\/35551"}],"wp:attachment":[{"href":"https:\/\/winstage.at\/en\/wp-json\/wp\/v2\/media?parent=35574"}],"wp:term":[{"taxonomy":"besichtigung","embeddable":true,"href":"https:\/\/winstage.at\/en\/wp-json\/wp\/v2\/besichtigung?post=35574"},{"taxonomy":"filter_size","embeddable":true,"href":"https:\/\/winstage.at\/en\/wp-json\/wp\/v2\/filter_size?post=35574"},{"taxonomy":"filter_style","embeddable":true,"href":"https:\/\/winstage.at\/en\/wp-json\/wp\/v2\/filter_style?post=35574"},{"taxonomy":"filter_technique","embeddable":true,"href":"https:\/\/winstage.at\/en\/wp-json\/wp\/v2\/filter_technique?post=35574"},{"taxonomy":"kunstler","embeddable":true,"href":"https:\/\/winstage.at\/en\/wp-json\/wp\/v2\/kunstler?post=35574"},{"taxonomy":"product_brand","embeddable":true,"href":"https:\/\/winstage.at\/en\/wp-json\/wp\/v2\/product_brand?post=35574"},{"taxonomy":"product_cat","embeddable":true,"href":"https:\/\/winstage.at\/en\/wp-json\/wp\/v2\/product_cat?post=35574"},{"taxonomy":"product_tag","embeddable":true,"href":"https:\/\/winstage.at\/en\/wp-json\/wp\/v2\/product_tag?post=35574"}],"curies":[{"name":"wp","href":"https:\/\/api.w.org\/{rel}","templated":true}]}}