{"id":35900,"date":"2026-03-25T12:56:09","date_gmt":"2026-03-25T11:56:09","guid":{"rendered":"https:\/\/winstage.at\/?post_type=product&#038;p=35900"},"modified":"2026-03-25T13:07:59","modified_gmt":"2026-03-25T12:07:59","slug":"black-light-friday-vol-4","status":"publish","type":"product","link":"https:\/\/winstage.at\/en\/event\/black-light-friday-vol-4\/","title":{"rendered":"BLACK LIGHT FRIDAY vol.4"},"content":{"rendered":"<h2 class=\"p1\"><span class=\"s1\">\ud83c\udf11<\/span> <b>BLACK LIGHT FRIDAY: Licht aus, Taschenlampen an!<\/b> <span class=\"s1\">\ud83d\udd26\u2728<\/span><br \/>\n<i>feat. La Manda Luminescent (AT) &amp; Art by Doped Out M. (IT)<\/i><\/h2>\n<p class=\"p1\"><b>Folge dem wei\u00dfen Kaninchen in das Erlebnis Lichtkunst!<\/b> <span class=\"s1\">\ud83d\udc07<\/span><br \/>\nAm <b>Freitag, den 03.04.2026 <\/b>, wird es dunkel in WinStage. Keine Scheinwerfer, keine Fluter &#8211; nur du, eine UV-Taschenlampe und 5.000 m\u00b2 voller Geheimnisse.<\/p>\n<p class=\"p1\">Erlebe zwei v\u00f6llig unterschiedliche Welten, die im Schwarzlicht explodieren:<\/p>\n<p class=\"p1\"><span class=\"s1\">\ud83c\udfa8<\/span> <b>Die Kunst: <a href=\"https:\/\/winstage.at\/en\/kunstler\/doped-out-m\/\">DOPED OUT M.<\/a> (Rom)<\/b> Vom Beton auf die Leinwand. <span class=\"s1\">\ud83e\uddf1<\/span> Geboren 1988 in den rauen Vororten Roms, gepr\u00e4gt von Hip-Hop und illegalem Graffiti, passt Doped Out M. in keine Schublade. Kritiker nennen es <b>&#8220;Psychedelic Pop Brutalism&#8221;<\/b> &#8211; wir nennen es pure Energie. Seine Werke sind explosive Kompositionen, die schreien, pulsieren und im UV-Licht eine v\u00f6llig neue Dimension der Streetart offenbaren.<\/p>\n<p class=\"p1\"><span class=\"s1\">\u2728<\/span> <b>Live Appearance: <a href=\"https:\/\/winstage.at\/en\/kunstler\/la-manda-luminescent\/\">LA MANDA LUMINESCENT<\/a><\/b> <i>&#8220;Bereits als Kind verliebte ich mich in die Lichtkunst.&#8221;<\/i> Die Grazer K\u00fcnstlerin ist pers\u00f6nlich vor Ort und entf\u00fchrt uns in ihren <b>&#8220;phantastischen Expressionismus&#8221;<\/b>. Ihre Kunst verbindet das Alte mit dem Neuen: Tiere als Botschafter der Natur, eingefangen in antiken Rahmen, gemalt mit selbstgemachten Neonpigmenten. Good Vibes bei Tag \u2013 und eine magische, leuchtende Realit\u00e4t im Dunkeln.<\/p>\n<p><span class=\"s1\">\ud83c\udf0c<\/span> <b>&#8230;und noch viel mehr &#8220;Glow in the Dark&#8221;!<\/b> Doch die beiden sind nicht allein! Unsere riesige Halle birgt noch viele weitere \u00dcberraschungen. Zahlreiche Werke unserer anderen WinStage-Artists enth\u00fcllen im Schein deiner Taschenlampe pl\u00f6tzlich neonfarbene Details und versteckte Facetten. Geh auf Entdeckungstour \u2013 du wirst staunen, welches Bild im UV-Licht pl\u00f6tzlich ein v\u00f6llig neues Gesicht zeigt!<\/p>\n<p class=\"p1\"><span class=\"s1\">\ud83d\udd26<\/span> <b>SPECIAL EVENT: Suche die Hasen<\/b>\u00a0<span class=\"s1\">\ud83d\udd26<\/span> Schnapp dir eine unserer UV-Taschenlampen und werde zum &#8220;Gl\u00fchw\u00fcrmchen&#8221;:<\/p>\n<p class=\"p1\"><span class=\"s1\">\ud83d\udd75\ufe0f<\/span> <b>Deine Mission:<\/b> Finde die Kaninchen, die La Manda Luminescent versteckt hat. Sowohl in Ihren Bildern als auch die 3D gedruckten Hasen die in WinStage platziert wurden<span class=\"s1\">\ud83c\udf81\u00a0 Wenn du eine kleine Hilfe ben\u00f6tigst &#8211; auf YouTube gibt es einen <a href=\"https:\/\/www.youtube.com\/watch?v=jFjCZffWU6Q&amp;t=6s\">R\u00fcckblick<\/a> von BLF vol.1<\/span><br \/>\n<b>Der Lohn:<\/b> Wer die richtige Anzahl z\u00e4hlt, nimmt eine <b>leuchtende \u00dcberraschung<\/b> mit nach Hause!<\/p>\n<p class=\"p1\"><span class=\"s1\">\ud83e\udd42<\/span> <b>Cheers:<\/b> Zur Einstimmung auf die dunkle Reise geht das erste Glas <b>Prosecco auf uns!<\/b><b><\/b><\/p>\n<p class=\"p1\"><b>Komm vorbei und sieh die Kunst mit anderen Augen!<\/b><b><\/b><\/p>\n<p class=\"p1\"><span class=\"s1\">\ud83d\uddd3<\/span> <b>WANN?<\/b> Freitag, 03.04.2026 <span class=\"s1\">\u23f0<\/span> 16:30 \u2013 18:00 Uhr<\/p>\n<p class=\"p1\"><span class=\"s1\">\ud83d\udccd<\/span> <b>WO?<\/b> WinStage \u2013 The New Home of Art (WINPARK Wiener Neustadt)<br \/>\n<span class=\"s2\">Anfahrtstipp<\/span>: GoogleMaps: WinStage anstatt der Adresse eingeben !<\/p>\n<p class=\"p1\"><b>Eintritt frei.<\/b><\/p>\n","protected":false},"excerpt":{"rendered":"<p>\ud83c\udf11 BLACK LIGHT FRIDAY: Licht aus, Taschenlampen an! \ud83d\udd26\u2728 feat. La Manda Luminescent (AT) &amp;&#8230;<\/p>\n","protected":false},"author":3,"featured_media":35901,"template":"","meta":{"_acf_changed":false,"iawp_total_views":93},"besichtigung":[],"filter_size":[],"filter_style":[],"filter_technique":[],"kunstler":[],"product_brand":[],"product_cat":[28],"product_tag":[],"class_list":{"0":"post-35900","1":"product","2":"type-product","3":"status-publish","4":"has-post-thumbnail","6":"product_cat-ausstellung","8":"first","9":"instock","10":"downloadable","11":"virtual","12":"purchasable","13":"product-type-simple"},"acf":[],"_links":{"self":[{"href":"https:\/\/winstage.at\/en\/wp-json\/wp\/v2\/product\/35900","targetHints":{"allow":["GET"]}}],"collection":[{"href":"https:\/\/winstage.at\/en\/wp-json\/wp\/v2\/product"}],"about":[{"href":"https:\/\/winstage.at\/en\/wp-json\/wp\/v2\/types\/product"}],"author":[{"embeddable":true,"href":"https:\/\/winstage.at\/en\/wp-json\/wp\/v2\/users\/3"}],"wp:featuredmedia":[{"embeddable":true,"href":"https:\/\/winstage.at\/en\/wp-json\/wp\/v2\/media\/35901"}],"wp:attachment":[{"href":"https:\/\/winstage.at\/en\/wp-json\/wp\/v2\/media?parent=35900"}],"wp:term":[{"taxonomy":"besichtigung","embeddable":true,"href":"https:\/\/winstage.at\/en\/wp-json\/wp\/v2\/besichtigung?post=35900"},{"taxonomy":"filter_size","embeddable":true,"href":"https:\/\/winstage.at\/en\/wp-json\/wp\/v2\/filter_size?post=35900"},{"taxonomy":"filter_style","embeddable":true,"href":"https:\/\/winstage.at\/en\/wp-json\/wp\/v2\/filter_style?post=35900"},{"taxonomy":"filter_technique","embeddable":true,"href":"https:\/\/winstage.at\/en\/wp-json\/wp\/v2\/filter_technique?post=35900"},{"taxonomy":"kunstler","embeddable":true,"href":"https:\/\/winstage.at\/en\/wp-json\/wp\/v2\/kunstler?post=35900"},{"taxonomy":"product_brand","embeddable":true,"href":"https:\/\/winstage.at\/en\/wp-json\/wp\/v2\/product_brand?post=35900"},{"taxonomy":"product_cat","embeddable":true,"href":"https:\/\/winstage.at\/en\/wp-json\/wp\/v2\/product_cat?post=35900"},{"taxonomy":"product_tag","embeddable":true,"href":"https:\/\/winstage.at\/en\/wp-json\/wp\/v2\/product_tag?post=35900"}],"curies":[{"name":"wp","href":"https:\/\/api.w.org\/{rel}","templated":true}]}}