{"id":35916,"date":"2026-03-27T10:23:54","date_gmt":"2026-03-27T09:23:54","guid":{"rendered":"https:\/\/winstage.at\/?post_type=product&#038;p=35916"},"modified":"2026-03-27T10:23:56","modified_gmt":"2026-03-27T09:23:56","slug":"andrea-the-swan-tamer","status":"publish","type":"product","link":"https:\/\/winstage.at\/en\/event\/andrea-the-swan-tamer\/","title":{"rendered":"&#8222;Andrea&#8220; The Swan Tamer"},"content":{"rendered":"<p>Das Bild zeigt ein Kind, das ruhig vor einer farblich reduzierten, flaggenartigen Kulisse sitzt und einen Schwan mit einer gro\u00dfen roten Schleife im Arm h\u00e4lt. Die Symbolik wirkt vielschichtig: Der Schwan steht h\u00e4ufig f\u00fcr Reinheit, Sch\u00f6nheit und Unschuld, w\u00e4hrend die rote Schleife Liebe, aber auch Besitz oder \u201eGeschenksein\u201c andeuten kann. Die Kombination aus Kind und Tier verst\u00e4rkt das Motiv von Zerbrechlichkeit und Schutzbed\u00fcrfnis. Die klaren, kontrastierenden Farbfl\u00e4chen im Hintergrund erinnern an nationale oder politische Zugeh\u00f6rigkeit und k\u00f6nnen Identit\u00e4t oder Herkunft symbolisieren. Gleichzeitig entsteht durch die ruhige Haltung des Kindes ein Spannungsfeld zwischen Unschuld und m\u00f6glichen \u00e4u\u00dferen Einfl\u00fcssen oder Erwartungen. Insgesamt vermittelt das Bild eine Mischung aus Sanftheit, Verletzlichkeit und subtiler gesellschaftlicher Aussage.<\/p>\n","protected":false},"excerpt":{"rendered":"<p>Das Bild zeigt ein Kind, das ruhig vor einer farblich reduzierten, flaggenartigen Kulisse sitzt und&#8230;<\/p>\n","protected":false},"author":156,"featured_media":35914,"template":"","meta":{"_acf_changed":false,"iawp_total_views":0},"besichtigung":[1058],"filter_size":[1064],"filter_style":[1059],"filter_technique":[1060],"kunstler":[1181],"product_brand":[],"product_cat":[1062],"product_tag":[],"class_list":{"0":"post-35916","1":"product","2":"type-product","3":"status-publish","4":"has-post-thumbnail","6":"besichtigung-nur-online","7":"filter_size-l","8":"filter_style-paintings","9":"filter_technique-acryl","10":"kunstler-christina-braulik","11":"product_cat-starter","13":"first","14":"instock","15":"shipping-taxable","16":"purchasable","17":"product-type-simple"},"acf":[],"_links":{"self":[{"href":"https:\/\/winstage.at\/en\/wp-json\/wp\/v2\/product\/35916","targetHints":{"allow":["GET"]}}],"collection":[{"href":"https:\/\/winstage.at\/en\/wp-json\/wp\/v2\/product"}],"about":[{"href":"https:\/\/winstage.at\/en\/wp-json\/wp\/v2\/types\/product"}],"author":[{"embeddable":true,"href":"https:\/\/winstage.at\/en\/wp-json\/wp\/v2\/users\/156"}],"wp:featuredmedia":[{"embeddable":true,"href":"https:\/\/winstage.at\/en\/wp-json\/wp\/v2\/media\/35914"}],"wp:attachment":[{"href":"https:\/\/winstage.at\/en\/wp-json\/wp\/v2\/media?parent=35916"}],"wp:term":[{"taxonomy":"besichtigung","embeddable":true,"href":"https:\/\/winstage.at\/en\/wp-json\/wp\/v2\/besichtigung?post=35916"},{"taxonomy":"filter_size","embeddable":true,"href":"https:\/\/winstage.at\/en\/wp-json\/wp\/v2\/filter_size?post=35916"},{"taxonomy":"filter_style","embeddable":true,"href":"https:\/\/winstage.at\/en\/wp-json\/wp\/v2\/filter_style?post=35916"},{"taxonomy":"filter_technique","embeddable":true,"href":"https:\/\/winstage.at\/en\/wp-json\/wp\/v2\/filter_technique?post=35916"},{"taxonomy":"kunstler","embeddable":true,"href":"https:\/\/winstage.at\/en\/wp-json\/wp\/v2\/kunstler?post=35916"},{"taxonomy":"product_brand","embeddable":true,"href":"https:\/\/winstage.at\/en\/wp-json\/wp\/v2\/product_brand?post=35916"},{"taxonomy":"product_cat","embeddable":true,"href":"https:\/\/winstage.at\/en\/wp-json\/wp\/v2\/product_cat?post=35916"},{"taxonomy":"product_tag","embeddable":true,"href":"https:\/\/winstage.at\/en\/wp-json\/wp\/v2\/product_tag?post=35916"}],"curies":[{"name":"wp","href":"https:\/\/api.w.org\/{rel}","templated":true}]}}