{"id":35973,"date":"2026-03-28T11:46:33","date_gmt":"2026-03-28T10:46:33","guid":{"rendered":"https:\/\/winstage.at\/?post_type=product&#038;p=35973"},"modified":"2026-03-28T11:46:35","modified_gmt":"2026-03-28T10:46:35","slug":"electric-pulse","status":"publish","type":"product","link":"https:\/\/winstage.at\/en\/event\/electric-pulse\/","title":{"rendered":"Electric Pulse"},"content":{"rendered":"<p>Electric Pulse f\u00e4ngt Rhythmus und Energie im Moment ein \u2013 ein Spiel aus Spannung, Bewegung und Vibration. Mit Acrylfarbe und Spachtel auf Leinwand entstehen Schichten in tiefem Ozeanblau, leuchtendem T\u00fcrkis und wei\u00dfen Akzenten. Das Werk macht die unsichtbare Energie sp\u00fcrbar, die unter der Oberfl\u00e4che pulsiert.<\/p>\n","protected":false},"excerpt":{"rendered":"<p>Electric Pulse f\u00e4ngt Rhythmus und Energie im Moment ein \u2013 ein Spiel aus Spannung, Bewegung&#8230;<\/p>\n","protected":false},"author":0,"featured_media":35971,"template":"","meta":{"_acf_changed":false,"iawp_total_views":0},"besichtigung":[1058],"filter_size":[1063],"filter_style":[1059],"filter_technique":[1060],"kunstler":[1540],"product_brand":[],"product_cat":[1130],"product_tag":[],"class_list":{"0":"post-35973","1":"product","2":"type-product","3":"status-publish","4":"has-post-thumbnail","6":"besichtigung-nur-online","7":"filter_size-m","8":"filter_style-paintings","9":"filter_technique-acryl","10":"kunstler-karin-ungersbaeck-en","11":"product_cat-pro","13":"first","14":"instock","15":"shipping-taxable","16":"purchasable","17":"product-type-simple"},"acf":[],"_links":{"self":[{"href":"https:\/\/winstage.at\/en\/wp-json\/wp\/v2\/product\/35973","targetHints":{"allow":["GET"]}}],"collection":[{"href":"https:\/\/winstage.at\/en\/wp-json\/wp\/v2\/product"}],"about":[{"href":"https:\/\/winstage.at\/en\/wp-json\/wp\/v2\/types\/product"}],"wp:featuredmedia":[{"embeddable":true,"href":"https:\/\/winstage.at\/en\/wp-json\/wp\/v2\/media\/35971"}],"wp:attachment":[{"href":"https:\/\/winstage.at\/en\/wp-json\/wp\/v2\/media?parent=35973"}],"wp:term":[{"taxonomy":"besichtigung","embeddable":true,"href":"https:\/\/winstage.at\/en\/wp-json\/wp\/v2\/besichtigung?post=35973"},{"taxonomy":"filter_size","embeddable":true,"href":"https:\/\/winstage.at\/en\/wp-json\/wp\/v2\/filter_size?post=35973"},{"taxonomy":"filter_style","embeddable":true,"href":"https:\/\/winstage.at\/en\/wp-json\/wp\/v2\/filter_style?post=35973"},{"taxonomy":"filter_technique","embeddable":true,"href":"https:\/\/winstage.at\/en\/wp-json\/wp\/v2\/filter_technique?post=35973"},{"taxonomy":"kunstler","embeddable":true,"href":"https:\/\/winstage.at\/en\/wp-json\/wp\/v2\/kunstler?post=35973"},{"taxonomy":"product_brand","embeddable":true,"href":"https:\/\/winstage.at\/en\/wp-json\/wp\/v2\/product_brand?post=35973"},{"taxonomy":"product_cat","embeddable":true,"href":"https:\/\/winstage.at\/en\/wp-json\/wp\/v2\/product_cat?post=35973"},{"taxonomy":"product_tag","embeddable":true,"href":"https:\/\/winstage.at\/en\/wp-json\/wp\/v2\/product_tag?post=35973"}],"curies":[{"name":"wp","href":"https:\/\/api.w.org\/{rel}","templated":true}]}}