{"id":35991,"date":"2026-03-30T11:11:21","date_gmt":"2026-03-30T09:11:21","guid":{"rendered":"https:\/\/winstage.at\/?post_type=product&#038;p=35991"},"modified":"2026-03-30T11:11:56","modified_gmt":"2026-03-30T09:11:56","slug":"ethereal-glow","status":"publish","type":"product","link":"https:\/\/winstage.at\/en\/event\/ethereal-glow\/","title":{"rendered":"Ethereal Glow"},"content":{"rendered":"<p>Ethereal Glow entsteht mit Pinsel und Spachtel auf Leinwand in Schichten aus Silber, Ros\u00e9, Gold und Wei\u00df. Die Farben wirken leicht und schwebend und schaffen eine meditative Atmosph\u00e4re von innerem Licht und Stille.<\/p>\n","protected":false},"excerpt":{"rendered":"<p>Ethereal Glow entsteht mit Pinsel und Spachtel auf Leinwand in Schichten aus Silber, Ros\u00e9, Gold&#8230;<\/p>\n","protected":false},"author":251,"featured_media":35987,"template":"","meta":{"_acf_changed":false,"iawp_total_views":0},"besichtigung":[1058],"filter_size":[1063],"filter_style":[1059],"filter_technique":[1060],"kunstler":[1540],"product_brand":[],"product_cat":[1130],"product_tag":[],"class_list":{"0":"post-35991","1":"product","2":"type-product","3":"status-publish","4":"has-post-thumbnail","6":"besichtigung-nur-online","7":"filter_size-m","8":"filter_style-paintings","9":"filter_technique-acryl","10":"kunstler-karin-ungersbaeck-en","11":"product_cat-pro","13":"first","14":"instock","15":"shipping-taxable","16":"purchasable","17":"product-type-simple"},"acf":[],"_links":{"self":[{"href":"https:\/\/winstage.at\/en\/wp-json\/wp\/v2\/product\/35991","targetHints":{"allow":["GET"]}}],"collection":[{"href":"https:\/\/winstage.at\/en\/wp-json\/wp\/v2\/product"}],"about":[{"href":"https:\/\/winstage.at\/en\/wp-json\/wp\/v2\/types\/product"}],"author":[{"embeddable":true,"href":"https:\/\/winstage.at\/en\/wp-json\/wp\/v2\/users\/251"}],"wp:featuredmedia":[{"embeddable":true,"href":"https:\/\/winstage.at\/en\/wp-json\/wp\/v2\/media\/35987"}],"wp:attachment":[{"href":"https:\/\/winstage.at\/en\/wp-json\/wp\/v2\/media?parent=35991"}],"wp:term":[{"taxonomy":"besichtigung","embeddable":true,"href":"https:\/\/winstage.at\/en\/wp-json\/wp\/v2\/besichtigung?post=35991"},{"taxonomy":"filter_size","embeddable":true,"href":"https:\/\/winstage.at\/en\/wp-json\/wp\/v2\/filter_size?post=35991"},{"taxonomy":"filter_style","embeddable":true,"href":"https:\/\/winstage.at\/en\/wp-json\/wp\/v2\/filter_style?post=35991"},{"taxonomy":"filter_technique","embeddable":true,"href":"https:\/\/winstage.at\/en\/wp-json\/wp\/v2\/filter_technique?post=35991"},{"taxonomy":"kunstler","embeddable":true,"href":"https:\/\/winstage.at\/en\/wp-json\/wp\/v2\/kunstler?post=35991"},{"taxonomy":"product_brand","embeddable":true,"href":"https:\/\/winstage.at\/en\/wp-json\/wp\/v2\/product_brand?post=35991"},{"taxonomy":"product_cat","embeddable":true,"href":"https:\/\/winstage.at\/en\/wp-json\/wp\/v2\/product_cat?post=35991"},{"taxonomy":"product_tag","embeddable":true,"href":"https:\/\/winstage.at\/en\/wp-json\/wp\/v2\/product_tag?post=35991"}],"curies":[{"name":"wp","href":"https:\/\/api.w.org\/{rel}","templated":true}]}}