{"id":36011,"date":"2026-03-30T11:14:39","date_gmt":"2026-03-30T09:14:39","guid":{"rendered":"https:\/\/winstage.at\/?post_type=product&#038;p=36011"},"modified":"2026-03-30T11:14:40","modified_gmt":"2026-03-30T09:14:40","slug":"drifting-away-part-1","status":"publish","type":"product","link":"https:\/\/winstage.at\/en\/event\/drifting-away-part-1\/","title":{"rendered":"Drifting Away &#8211; Part 1"},"content":{"rendered":"<p>Preussischblau, Wei\u00df und T\u00fcrkis verbinden sich in Spachteltechnik zu einer vielschichtigen, strukturierten Oberfl\u00e4che. Jede Bewegung schafft Tiefe \u2013 zwischen Ruhe und Bewegung. Ein stiller Moment des Loslassens, in Farbe gehalten.<\/p>\n","protected":false},"excerpt":{"rendered":"<p>Preussischblau, Wei\u00df und T\u00fcrkis verbinden sich in Spachteltechnik zu einer vielschichtigen, strukturierten Oberfl\u00e4che. Jede Bewegung&#8230;<\/p>\n","protected":false},"author":251,"featured_media":36005,"template":"","meta":{"_acf_changed":false,"iawp_total_views":0},"besichtigung":[1058],"filter_size":[1063],"filter_style":[1059],"filter_technique":[1060],"kunstler":[1540],"product_brand":[],"product_cat":[1130],"product_tag":[],"class_list":{"0":"post-36011","1":"product","2":"type-product","3":"status-publish","4":"has-post-thumbnail","6":"besichtigung-nur-online","7":"filter_size-m","8":"filter_style-paintings","9":"filter_technique-acryl","10":"kunstler-karin-ungersbaeck-en","11":"product_cat-pro","13":"first","14":"instock","15":"shipping-taxable","16":"purchasable","17":"product-type-simple"},"acf":[],"_links":{"self":[{"href":"https:\/\/winstage.at\/en\/wp-json\/wp\/v2\/product\/36011","targetHints":{"allow":["GET"]}}],"collection":[{"href":"https:\/\/winstage.at\/en\/wp-json\/wp\/v2\/product"}],"about":[{"href":"https:\/\/winstage.at\/en\/wp-json\/wp\/v2\/types\/product"}],"author":[{"embeddable":true,"href":"https:\/\/winstage.at\/en\/wp-json\/wp\/v2\/users\/251"}],"wp:featuredmedia":[{"embeddable":true,"href":"https:\/\/winstage.at\/en\/wp-json\/wp\/v2\/media\/36005"}],"wp:attachment":[{"href":"https:\/\/winstage.at\/en\/wp-json\/wp\/v2\/media?parent=36011"}],"wp:term":[{"taxonomy":"besichtigung","embeddable":true,"href":"https:\/\/winstage.at\/en\/wp-json\/wp\/v2\/besichtigung?post=36011"},{"taxonomy":"filter_size","embeddable":true,"href":"https:\/\/winstage.at\/en\/wp-json\/wp\/v2\/filter_size?post=36011"},{"taxonomy":"filter_style","embeddable":true,"href":"https:\/\/winstage.at\/en\/wp-json\/wp\/v2\/filter_style?post=36011"},{"taxonomy":"filter_technique","embeddable":true,"href":"https:\/\/winstage.at\/en\/wp-json\/wp\/v2\/filter_technique?post=36011"},{"taxonomy":"kunstler","embeddable":true,"href":"https:\/\/winstage.at\/en\/wp-json\/wp\/v2\/kunstler?post=36011"},{"taxonomy":"product_brand","embeddable":true,"href":"https:\/\/winstage.at\/en\/wp-json\/wp\/v2\/product_brand?post=36011"},{"taxonomy":"product_cat","embeddable":true,"href":"https:\/\/winstage.at\/en\/wp-json\/wp\/v2\/product_cat?post=36011"},{"taxonomy":"product_tag","embeddable":true,"href":"https:\/\/winstage.at\/en\/wp-json\/wp\/v2\/product_tag?post=36011"}],"curies":[{"name":"wp","href":"https:\/\/api.w.org\/{rel}","templated":true}]}}