{"id":36019,"date":"2026-03-30T11:12:52","date_gmt":"2026-03-30T09:12:52","guid":{"rendered":"https:\/\/winstage.at\/?post_type=product&#038;p=36019"},"modified":"2026-03-30T11:12:53","modified_gmt":"2026-03-30T09:12:53","slug":"parrots-dream","status":"publish","type":"product","link":"https:\/\/winstage.at\/en\/event\/parrots-dream\/","title":{"rendered":"Parrot&#8217;s Dream"},"content":{"rendered":"<p>Diese Arbeit in Acryl vereint erdige Gr\u00fcnt\u00f6ne mit Akzenten in Senfgelb, tiefem Waldgr\u00fcn sowie Wei\u00df und Schwarz. Mit dem Spachtel gestaltet, entsteht eine strukturierte, vielschichtige Oberfl\u00e4che. Die Komposition erinnert fl\u00fcchtig an einen Papagei im Flug \u2013 abstrakt, offen und frei interpretierbar.<\/p>\n","protected":false},"excerpt":{"rendered":"<p>Diese Arbeit in Acryl vereint erdige Gr\u00fcnt\u00f6ne mit Akzenten in Senfgelb, tiefem Waldgr\u00fcn sowie Wei\u00df&#8230;<\/p>\n","protected":false},"author":251,"featured_media":36015,"template":"","meta":{"_acf_changed":false,"iawp_total_views":0},"besichtigung":[1058],"filter_size":[1063],"filter_style":[1059],"filter_technique":[1060],"kunstler":[1540],"product_brand":[],"product_cat":[1130],"product_tag":[],"class_list":{"0":"post-36019","1":"product","2":"type-product","3":"status-publish","4":"has-post-thumbnail","6":"besichtigung-nur-online","7":"filter_size-m","8":"filter_style-paintings","9":"filter_technique-acryl","10":"kunstler-karin-ungersbaeck-en","11":"product_cat-pro","13":"first","14":"instock","15":"shipping-taxable","16":"purchasable","17":"product-type-simple"},"acf":[],"_links":{"self":[{"href":"https:\/\/winstage.at\/en\/wp-json\/wp\/v2\/product\/36019","targetHints":{"allow":["GET"]}}],"collection":[{"href":"https:\/\/winstage.at\/en\/wp-json\/wp\/v2\/product"}],"about":[{"href":"https:\/\/winstage.at\/en\/wp-json\/wp\/v2\/types\/product"}],"author":[{"embeddable":true,"href":"https:\/\/winstage.at\/en\/wp-json\/wp\/v2\/users\/251"}],"wp:featuredmedia":[{"embeddable":true,"href":"https:\/\/winstage.at\/en\/wp-json\/wp\/v2\/media\/36015"}],"wp:attachment":[{"href":"https:\/\/winstage.at\/en\/wp-json\/wp\/v2\/media?parent=36019"}],"wp:term":[{"taxonomy":"besichtigung","embeddable":true,"href":"https:\/\/winstage.at\/en\/wp-json\/wp\/v2\/besichtigung?post=36019"},{"taxonomy":"filter_size","embeddable":true,"href":"https:\/\/winstage.at\/en\/wp-json\/wp\/v2\/filter_size?post=36019"},{"taxonomy":"filter_style","embeddable":true,"href":"https:\/\/winstage.at\/en\/wp-json\/wp\/v2\/filter_style?post=36019"},{"taxonomy":"filter_technique","embeddable":true,"href":"https:\/\/winstage.at\/en\/wp-json\/wp\/v2\/filter_technique?post=36019"},{"taxonomy":"kunstler","embeddable":true,"href":"https:\/\/winstage.at\/en\/wp-json\/wp\/v2\/kunstler?post=36019"},{"taxonomy":"product_brand","embeddable":true,"href":"https:\/\/winstage.at\/en\/wp-json\/wp\/v2\/product_brand?post=36019"},{"taxonomy":"product_cat","embeddable":true,"href":"https:\/\/winstage.at\/en\/wp-json\/wp\/v2\/product_cat?post=36019"},{"taxonomy":"product_tag","embeddable":true,"href":"https:\/\/winstage.at\/en\/wp-json\/wp\/v2\/product_tag?post=36019"}],"curies":[{"name":"wp","href":"https:\/\/api.w.org\/{rel}","templated":true}]}}