{"id":36021,"date":"2026-03-30T11:13:21","date_gmt":"2026-03-30T09:13:21","guid":{"rendered":"https:\/\/winstage.at\/?post_type=product&#038;p=36021"},"modified":"2026-03-30T11:13:23","modified_gmt":"2026-03-30T09:13:23","slug":"quiet-layers","status":"publish","type":"product","link":"https:\/\/winstage.at\/en\/event\/quiet-layers\/","title":{"rendered":"Quiet Layers"},"content":{"rendered":"<p>Quiet Layers entsteht mit Pinsel, Spachtel und Strukturpaste in sanften Erdtonen aus Ocker, Braun, Gold und Ros\u00e9. Die vielschichtige Oberfl\u00e4che wirkt zur\u00fcckhaltend und l\u00e4dt dazu ein, Tiefe und feine Nuancen langsam zu entdecken.<\/p>\n","protected":false},"excerpt":{"rendered":"<p>Quiet Layers entsteht mit Pinsel, Spachtel und Strukturpaste in sanften Erdtonen aus Ocker, Braun, Gold&#8230;<\/p>\n","protected":false},"author":251,"featured_media":36017,"template":"","meta":{"_acf_changed":false,"iawp_total_views":0},"besichtigung":[1058],"filter_size":[1063],"filter_style":[1059],"filter_technique":[1060],"kunstler":[1540],"product_brand":[],"product_cat":[1130],"product_tag":[],"class_list":{"0":"post-36021","1":"product","2":"type-product","3":"status-publish","4":"has-post-thumbnail","6":"besichtigung-nur-online","7":"filter_size-m","8":"filter_style-paintings","9":"filter_technique-acryl","10":"kunstler-karin-ungersbaeck-en","11":"product_cat-pro","13":"first","14":"instock","15":"shipping-taxable","16":"purchasable","17":"product-type-simple"},"acf":[],"_links":{"self":[{"href":"https:\/\/winstage.at\/en\/wp-json\/wp\/v2\/product\/36021","targetHints":{"allow":["GET"]}}],"collection":[{"href":"https:\/\/winstage.at\/en\/wp-json\/wp\/v2\/product"}],"about":[{"href":"https:\/\/winstage.at\/en\/wp-json\/wp\/v2\/types\/product"}],"author":[{"embeddable":true,"href":"https:\/\/winstage.at\/en\/wp-json\/wp\/v2\/users\/251"}],"wp:featuredmedia":[{"embeddable":true,"href":"https:\/\/winstage.at\/en\/wp-json\/wp\/v2\/media\/36017"}],"wp:attachment":[{"href":"https:\/\/winstage.at\/en\/wp-json\/wp\/v2\/media?parent=36021"}],"wp:term":[{"taxonomy":"besichtigung","embeddable":true,"href":"https:\/\/winstage.at\/en\/wp-json\/wp\/v2\/besichtigung?post=36021"},{"taxonomy":"filter_size","embeddable":true,"href":"https:\/\/winstage.at\/en\/wp-json\/wp\/v2\/filter_size?post=36021"},{"taxonomy":"filter_style","embeddable":true,"href":"https:\/\/winstage.at\/en\/wp-json\/wp\/v2\/filter_style?post=36021"},{"taxonomy":"filter_technique","embeddable":true,"href":"https:\/\/winstage.at\/en\/wp-json\/wp\/v2\/filter_technique?post=36021"},{"taxonomy":"kunstler","embeddable":true,"href":"https:\/\/winstage.at\/en\/wp-json\/wp\/v2\/kunstler?post=36021"},{"taxonomy":"product_brand","embeddable":true,"href":"https:\/\/winstage.at\/en\/wp-json\/wp\/v2\/product_brand?post=36021"},{"taxonomy":"product_cat","embeddable":true,"href":"https:\/\/winstage.at\/en\/wp-json\/wp\/v2\/product_cat?post=36021"},{"taxonomy":"product_tag","embeddable":true,"href":"https:\/\/winstage.at\/en\/wp-json\/wp\/v2\/product_tag?post=36021"}],"curies":[{"name":"wp","href":"https:\/\/api.w.org\/{rel}","templated":true}]}}