{"id":36033,"date":"2026-03-30T11:12:24","date_gmt":"2026-03-30T09:12:24","guid":{"rendered":"https:\/\/winstage.at\/?post_type=product&#038;p=36033"},"modified":"2026-03-30T11:12:25","modified_gmt":"2026-03-30T09:12:25","slug":"sediment-ii","status":"publish","type":"product","link":"https:\/\/winstage.at\/en\/event\/sediment-ii\/","title":{"rendered":"Sediment II"},"content":{"rendered":"<p>Dieses Werk entstand intuitiv \u2013 geleitet von Farbe, Bewegung und Emotion. Die Sediment Series zeigt geschichtete Strukturen, inspiriert von geologischen Ablagerungen, und spiegelt, wie sich Zeit, Erinnerung und Gef\u00fchl verdichten und das Verborgene freilegen. Ged\u00e4mpfte Blau-, Gr\u00fcn- und Beiget\u00f6ne verschmelzen mit Akzenten in Metallic-Oliv und Wei\u00df zu einer vielschichtigen Oberfl\u00e4che.<\/p>\n","protected":false},"excerpt":{"rendered":"<p>Dieses Werk entstand intuitiv \u2013 geleitet von Farbe, Bewegung und Emotion. Die Sediment Series zeigt&#8230;<\/p>\n","protected":false},"author":251,"featured_media":36031,"template":"","meta":{"_acf_changed":false,"iawp_total_views":0},"besichtigung":[1058],"filter_size":[1063],"filter_style":[1059],"filter_technique":[1060],"kunstler":[1540],"product_brand":[],"product_cat":[1130],"product_tag":[],"class_list":{"0":"post-36033","1":"product","2":"type-product","3":"status-publish","4":"has-post-thumbnail","6":"besichtigung-nur-online","7":"filter_size-m","8":"filter_style-paintings","9":"filter_technique-acryl","10":"kunstler-karin-ungersbaeck-en","11":"product_cat-pro","13":"first","14":"instock","15":"shipping-taxable","16":"purchasable","17":"product-type-simple"},"acf":[],"_links":{"self":[{"href":"https:\/\/winstage.at\/en\/wp-json\/wp\/v2\/product\/36033","targetHints":{"allow":["GET"]}}],"collection":[{"href":"https:\/\/winstage.at\/en\/wp-json\/wp\/v2\/product"}],"about":[{"href":"https:\/\/winstage.at\/en\/wp-json\/wp\/v2\/types\/product"}],"author":[{"embeddable":true,"href":"https:\/\/winstage.at\/en\/wp-json\/wp\/v2\/users\/251"}],"wp:featuredmedia":[{"embeddable":true,"href":"https:\/\/winstage.at\/en\/wp-json\/wp\/v2\/media\/36031"}],"wp:attachment":[{"href":"https:\/\/winstage.at\/en\/wp-json\/wp\/v2\/media?parent=36033"}],"wp:term":[{"taxonomy":"besichtigung","embeddable":true,"href":"https:\/\/winstage.at\/en\/wp-json\/wp\/v2\/besichtigung?post=36033"},{"taxonomy":"filter_size","embeddable":true,"href":"https:\/\/winstage.at\/en\/wp-json\/wp\/v2\/filter_size?post=36033"},{"taxonomy":"filter_style","embeddable":true,"href":"https:\/\/winstage.at\/en\/wp-json\/wp\/v2\/filter_style?post=36033"},{"taxonomy":"filter_technique","embeddable":true,"href":"https:\/\/winstage.at\/en\/wp-json\/wp\/v2\/filter_technique?post=36033"},{"taxonomy":"kunstler","embeddable":true,"href":"https:\/\/winstage.at\/en\/wp-json\/wp\/v2\/kunstler?post=36033"},{"taxonomy":"product_brand","embeddable":true,"href":"https:\/\/winstage.at\/en\/wp-json\/wp\/v2\/product_brand?post=36033"},{"taxonomy":"product_cat","embeddable":true,"href":"https:\/\/winstage.at\/en\/wp-json\/wp\/v2\/product_cat?post=36033"},{"taxonomy":"product_tag","embeddable":true,"href":"https:\/\/winstage.at\/en\/wp-json\/wp\/v2\/product_tag?post=36033"}],"curies":[{"name":"wp","href":"https:\/\/api.w.org\/{rel}","templated":true}]}}