{"id":36222,"date":"2026-04-02T12:05:42","date_gmt":"2026-04-02T10:05:42","guid":{"rendered":"https:\/\/winstage.at\/?post_type=product&#038;p=36222"},"modified":"2026-04-02T12:05:43","modified_gmt":"2026-04-02T10:05:43","slug":"blue-sea","status":"publish","type":"product","link":"https:\/\/winstage.at\/en\/event\/blue-sea\/","title":{"rendered":"blue sea"},"content":{"rendered":"<p>In meiner Arbeit habe ich die unb\u00e4ndige Kraft und die emotionale Tiefe des Meeres verk\u00f6rpert. Die lebendigen, teils metalischen Blaut\u00f6ne mit viel Struktur vermischen sich dramatisch und erschaffen eine Szene, die sowohl mysteri\u00f6s als auch erhebend ist. Dieses Gem\u00e4lde ist eine Reflexion \u00fcber die Geheimnisse, die unter der Oberfl\u00e4che liegen, und l\u00e4dt den Betrachter ein, tiefer in seine eigenen Gedanken und Gef\u00fchle einzutauchen. Diese Kunst wird eine Atmosph\u00e4re der Inspiration und Kontemplation in jedem Raum bringen.<\/p>\n","protected":false},"excerpt":{"rendered":"<p>In meiner Arbeit habe ich die unb\u00e4ndige Kraft und die emotionale Tiefe des Meeres verk\u00f6rpert&#8230;.<\/p>\n","protected":false},"author":0,"featured_media":36218,"template":"","meta":{"_acf_changed":false,"iawp_total_views":0},"besichtigung":[1058],"filter_size":[],"filter_style":[1059],"filter_technique":[1060],"kunstler":[1542],"product_brand":[],"product_cat":[1130],"product_tag":[],"class_list":{"0":"post-36222","1":"product","2":"type-product","3":"status-publish","4":"has-post-thumbnail","6":"besichtigung-nur-online","7":"filter_style-paintings","8":"filter_technique-acryl","9":"kunstler-klaus-angeli-en","10":"product_cat-pro","12":"first","13":"instock","14":"shipping-taxable","15":"product-type-simple"},"acf":[],"_links":{"self":[{"href":"https:\/\/winstage.at\/en\/wp-json\/wp\/v2\/product\/36222","targetHints":{"allow":["GET"]}}],"collection":[{"href":"https:\/\/winstage.at\/en\/wp-json\/wp\/v2\/product"}],"about":[{"href":"https:\/\/winstage.at\/en\/wp-json\/wp\/v2\/types\/product"}],"wp:featuredmedia":[{"embeddable":true,"href":"https:\/\/winstage.at\/en\/wp-json\/wp\/v2\/media\/36218"}],"wp:attachment":[{"href":"https:\/\/winstage.at\/en\/wp-json\/wp\/v2\/media?parent=36222"}],"wp:term":[{"taxonomy":"besichtigung","embeddable":true,"href":"https:\/\/winstage.at\/en\/wp-json\/wp\/v2\/besichtigung?post=36222"},{"taxonomy":"filter_size","embeddable":true,"href":"https:\/\/winstage.at\/en\/wp-json\/wp\/v2\/filter_size?post=36222"},{"taxonomy":"filter_style","embeddable":true,"href":"https:\/\/winstage.at\/en\/wp-json\/wp\/v2\/filter_style?post=36222"},{"taxonomy":"filter_technique","embeddable":true,"href":"https:\/\/winstage.at\/en\/wp-json\/wp\/v2\/filter_technique?post=36222"},{"taxonomy":"kunstler","embeddable":true,"href":"https:\/\/winstage.at\/en\/wp-json\/wp\/v2\/kunstler?post=36222"},{"taxonomy":"product_brand","embeddable":true,"href":"https:\/\/winstage.at\/en\/wp-json\/wp\/v2\/product_brand?post=36222"},{"taxonomy":"product_cat","embeddable":true,"href":"https:\/\/winstage.at\/en\/wp-json\/wp\/v2\/product_cat?post=36222"},{"taxonomy":"product_tag","embeddable":true,"href":"https:\/\/winstage.at\/en\/wp-json\/wp\/v2\/product_tag?post=36222"}],"curies":[{"name":"wp","href":"https:\/\/api.w.org\/{rel}","templated":true}]}}