{"id":36233,"date":"2026-04-03T10:35:26","date_gmt":"2026-04-03T08:35:26","guid":{"rendered":"https:\/\/winstage.at\/?post_type=product&#038;p=36233"},"modified":"2026-04-03T10:35:27","modified_gmt":"2026-04-03T08:35:27","slug":"world-of-fantasie","status":"publish","type":"product","link":"https:\/\/winstage.at\/en\/event\/world-of-fantasie\/","title":{"rendered":"world of fantasie"},"content":{"rendered":"<p>in diesem Bild verbinde ich die Lebendigkeit der Acrylfarben mit einer abstrakten Komposition, die eine Vielzahl von Emotionen einf\u00e4ngt. Die kr\u00e4ftigen Striche und die dynamischen Farbverl\u00e4ufe spiegeln ein Kaleidoskop der Gef\u00fchle wider. Es ist eine visuelle Reise durch eine Fantasiewelt, die die Betrachter einl\u00e4dt, sich zu verlieren und gleichzeitig Inspiration und Energie zu finden<\/p>\n","protected":false},"excerpt":{"rendered":"<p>in diesem Bild verbinde ich die Lebendigkeit der Acrylfarben mit einer abstrakten Komposition, die eine&#8230;<\/p>\n","protected":false},"author":252,"featured_media":36231,"template":"","meta":{"_acf_changed":false,"iawp_total_views":0},"besichtigung":[1058],"filter_size":[1064],"filter_style":[1059],"filter_technique":[1060],"kunstler":[1542],"product_brand":[],"product_cat":[1130],"product_tag":[],"class_list":{"0":"post-36233","1":"product","2":"type-product","3":"status-publish","4":"has-post-thumbnail","6":"besichtigung-nur-online","7":"filter_size-l","8":"filter_style-paintings","9":"filter_technique-acryl","10":"kunstler-klaus-angeli-en","11":"product_cat-pro","13":"first","14":"instock","15":"shipping-taxable","16":"product-type-simple"},"acf":[],"_links":{"self":[{"href":"https:\/\/winstage.at\/en\/wp-json\/wp\/v2\/product\/36233","targetHints":{"allow":["GET"]}}],"collection":[{"href":"https:\/\/winstage.at\/en\/wp-json\/wp\/v2\/product"}],"about":[{"href":"https:\/\/winstage.at\/en\/wp-json\/wp\/v2\/types\/product"}],"author":[{"embeddable":true,"href":"https:\/\/winstage.at\/en\/wp-json\/wp\/v2\/users\/252"}],"wp:featuredmedia":[{"embeddable":true,"href":"https:\/\/winstage.at\/en\/wp-json\/wp\/v2\/media\/36231"}],"wp:attachment":[{"href":"https:\/\/winstage.at\/en\/wp-json\/wp\/v2\/media?parent=36233"}],"wp:term":[{"taxonomy":"besichtigung","embeddable":true,"href":"https:\/\/winstage.at\/en\/wp-json\/wp\/v2\/besichtigung?post=36233"},{"taxonomy":"filter_size","embeddable":true,"href":"https:\/\/winstage.at\/en\/wp-json\/wp\/v2\/filter_size?post=36233"},{"taxonomy":"filter_style","embeddable":true,"href":"https:\/\/winstage.at\/en\/wp-json\/wp\/v2\/filter_style?post=36233"},{"taxonomy":"filter_technique","embeddable":true,"href":"https:\/\/winstage.at\/en\/wp-json\/wp\/v2\/filter_technique?post=36233"},{"taxonomy":"kunstler","embeddable":true,"href":"https:\/\/winstage.at\/en\/wp-json\/wp\/v2\/kunstler?post=36233"},{"taxonomy":"product_brand","embeddable":true,"href":"https:\/\/winstage.at\/en\/wp-json\/wp\/v2\/product_brand?post=36233"},{"taxonomy":"product_cat","embeddable":true,"href":"https:\/\/winstage.at\/en\/wp-json\/wp\/v2\/product_cat?post=36233"},{"taxonomy":"product_tag","embeddable":true,"href":"https:\/\/winstage.at\/en\/wp-json\/wp\/v2\/product_tag?post=36233"}],"curies":[{"name":"wp","href":"https:\/\/api.w.org\/{rel}","templated":true}]}}