{"id":36237,"date":"2026-04-03T10:35:06","date_gmt":"2026-04-03T08:35:06","guid":{"rendered":"https:\/\/winstage.at\/?post_type=product&#038;p=36237"},"modified":"2026-04-03T10:35:07","modified_gmt":"2026-04-03T08:35:07","slug":"light-objekt-changing-colors","status":"publish","type":"product","link":"https:\/\/winstage.at\/en\/event\/light-objekt-changing-colors\/","title":{"rendered":"light objekt &#8222;changing colors&#8220;"},"content":{"rendered":"<p>In dieser Skulptur verbinde ich LED-Beleuchtung mit Holz gespachtelt in Betonoptik und Epoxidharz, um ein freistehendes Lichtobjekt zu kreieren, das Stimmungen und Atmosph\u00e4ren beeinflusst. Dieses Kunstwerk bringt dynamische Energie und ein farbenfrohes Leuchten in jeden Raum, wodurch eine inspirierende und stimmungsvolle Umgebung geschaffen wird.Der W\u00fcrfel aus Epoxidharz wiegt etwa 19 kg, kann aber gedreht und mit jeder seiner sechs Seiten auf die S\u00e4ule aufgesetzt werden, so dass immer wieder neue Lichteffekte entstehen. Die in der S\u00e4ule eingebaute LED Technik ist \u00fcber eine kostenlose App selbst programmierbar und steuerbar. Den oberen Abschluss der S\u00e4ule bildet ein aus hochgl\u00e4nzendem Metall erstelltes Viereck. Lichtobjekte fertige ich auch als Auftragsarbeit in meinem Stil, mit ihren Farben und Stands\u00e4ulen passend zu ihrem Ambiente. Die Stands\u00e4ule hier zum W\u00fcrfel kann auf Kundenwunsch ge\u00e4ndert werden.<\/p>\n","protected":false},"excerpt":{"rendered":"<p>In dieser Skulptur verbinde ich LED-Beleuchtung mit Holz gespachtelt in Betonoptik und Epoxidharz, um ein&#8230;<\/p>\n","protected":false},"author":252,"featured_media":36235,"template":"","meta":{"_acf_changed":false,"iawp_total_views":0},"besichtigung":[1058],"filter_size":[1064],"filter_style":[1071],"filter_technique":[1076],"kunstler":[1542],"product_brand":[],"product_cat":[1130],"product_tag":[],"class_list":{"0":"post-36237","1":"product","2":"type-product","3":"status-publish","4":"has-post-thumbnail","6":"besichtigung-nur-online","7":"filter_size-l","8":"filter_style-sculpture","9":"filter_technique-art","10":"kunstler-klaus-angeli-en","11":"product_cat-pro","13":"first","14":"instock","15":"shipping-taxable","16":"product-type-simple"},"acf":[],"_links":{"self":[{"href":"https:\/\/winstage.at\/en\/wp-json\/wp\/v2\/product\/36237","targetHints":{"allow":["GET"]}}],"collection":[{"href":"https:\/\/winstage.at\/en\/wp-json\/wp\/v2\/product"}],"about":[{"href":"https:\/\/winstage.at\/en\/wp-json\/wp\/v2\/types\/product"}],"author":[{"embeddable":true,"href":"https:\/\/winstage.at\/en\/wp-json\/wp\/v2\/users\/252"}],"wp:featuredmedia":[{"embeddable":true,"href":"https:\/\/winstage.at\/en\/wp-json\/wp\/v2\/media\/36235"}],"wp:attachment":[{"href":"https:\/\/winstage.at\/en\/wp-json\/wp\/v2\/media?parent=36237"}],"wp:term":[{"taxonomy":"besichtigung","embeddable":true,"href":"https:\/\/winstage.at\/en\/wp-json\/wp\/v2\/besichtigung?post=36237"},{"taxonomy":"filter_size","embeddable":true,"href":"https:\/\/winstage.at\/en\/wp-json\/wp\/v2\/filter_size?post=36237"},{"taxonomy":"filter_style","embeddable":true,"href":"https:\/\/winstage.at\/en\/wp-json\/wp\/v2\/filter_style?post=36237"},{"taxonomy":"filter_technique","embeddable":true,"href":"https:\/\/winstage.at\/en\/wp-json\/wp\/v2\/filter_technique?post=36237"},{"taxonomy":"kunstler","embeddable":true,"href":"https:\/\/winstage.at\/en\/wp-json\/wp\/v2\/kunstler?post=36237"},{"taxonomy":"product_brand","embeddable":true,"href":"https:\/\/winstage.at\/en\/wp-json\/wp\/v2\/product_brand?post=36237"},{"taxonomy":"product_cat","embeddable":true,"href":"https:\/\/winstage.at\/en\/wp-json\/wp\/v2\/product_cat?post=36237"},{"taxonomy":"product_tag","embeddable":true,"href":"https:\/\/winstage.at\/en\/wp-json\/wp\/v2\/product_tag?post=36237"}],"curies":[{"name":"wp","href":"https:\/\/api.w.org\/{rel}","templated":true}]}}