{"id":36245,"date":"2026-04-03T10:34:25","date_gmt":"2026-04-03T08:34:25","guid":{"rendered":"https:\/\/winstage.at\/?post_type=product&#038;p=36245"},"modified":"2026-04-03T10:34:26","modified_gmt":"2026-04-03T08:34:26","slug":"flowery","status":"publish","type":"product","link":"https:\/\/winstage.at\/en\/event\/flowery\/","title":{"rendered":"flowery"},"content":{"rendered":"<p>Diese abstrakte Acrylmalerei entfaltet ein lebendiges Spiel aus Farben und Formen, die Emotionen und Natur verschmelzen lassen. Tiefe Blau- und Gr\u00fcn-T\u00f6ne durchziehen das Werk und erzeugen ein Gef\u00fchl von Wachstum und Vitalit\u00e4t. Diese Leinwand strahlt eine dynamische Energie aus, die jede Umgebung belebt und den Betrachter in eine Welt voller Leben und kreativer Inspiration entf\u00fchrt.<\/p>\n","protected":false},"excerpt":{"rendered":"<p>Diese abstrakte Acrylmalerei entfaltet ein lebendiges Spiel aus Farben und Formen, die Emotionen und Natur&#8230;<\/p>\n","protected":false},"author":252,"featured_media":36243,"template":"","meta":{"_acf_changed":false,"iawp_total_views":0},"besichtigung":[1058],"filter_size":[1064],"filter_style":[1059],"filter_technique":[1060],"kunstler":[1542],"product_brand":[],"product_cat":[1130],"product_tag":[],"class_list":{"0":"post-36245","1":"product","2":"type-product","3":"status-publish","4":"has-post-thumbnail","6":"besichtigung-nur-online","7":"filter_size-l","8":"filter_style-paintings","9":"filter_technique-acryl","10":"kunstler-klaus-angeli-en","11":"product_cat-pro","13":"first","14":"instock","15":"shipping-taxable","16":"product-type-simple"},"acf":[],"_links":{"self":[{"href":"https:\/\/winstage.at\/en\/wp-json\/wp\/v2\/product\/36245","targetHints":{"allow":["GET"]}}],"collection":[{"href":"https:\/\/winstage.at\/en\/wp-json\/wp\/v2\/product"}],"about":[{"href":"https:\/\/winstage.at\/en\/wp-json\/wp\/v2\/types\/product"}],"author":[{"embeddable":true,"href":"https:\/\/winstage.at\/en\/wp-json\/wp\/v2\/users\/252"}],"wp:featuredmedia":[{"embeddable":true,"href":"https:\/\/winstage.at\/en\/wp-json\/wp\/v2\/media\/36243"}],"wp:attachment":[{"href":"https:\/\/winstage.at\/en\/wp-json\/wp\/v2\/media?parent=36245"}],"wp:term":[{"taxonomy":"besichtigung","embeddable":true,"href":"https:\/\/winstage.at\/en\/wp-json\/wp\/v2\/besichtigung?post=36245"},{"taxonomy":"filter_size","embeddable":true,"href":"https:\/\/winstage.at\/en\/wp-json\/wp\/v2\/filter_size?post=36245"},{"taxonomy":"filter_style","embeddable":true,"href":"https:\/\/winstage.at\/en\/wp-json\/wp\/v2\/filter_style?post=36245"},{"taxonomy":"filter_technique","embeddable":true,"href":"https:\/\/winstage.at\/en\/wp-json\/wp\/v2\/filter_technique?post=36245"},{"taxonomy":"kunstler","embeddable":true,"href":"https:\/\/winstage.at\/en\/wp-json\/wp\/v2\/kunstler?post=36245"},{"taxonomy":"product_brand","embeddable":true,"href":"https:\/\/winstage.at\/en\/wp-json\/wp\/v2\/product_brand?post=36245"},{"taxonomy":"product_cat","embeddable":true,"href":"https:\/\/winstage.at\/en\/wp-json\/wp\/v2\/product_cat?post=36245"},{"taxonomy":"product_tag","embeddable":true,"href":"https:\/\/winstage.at\/en\/wp-json\/wp\/v2\/product_tag?post=36245"}],"curies":[{"name":"wp","href":"https:\/\/api.w.org\/{rel}","templated":true}]}}