{"id":36249,"date":"2026-04-03T10:34:04","date_gmt":"2026-04-03T08:34:04","guid":{"rendered":"https:\/\/winstage.at\/?post_type=product&#038;p=36249"},"modified":"2026-04-03T10:34:06","modified_gmt":"2026-04-03T08:34:06","slug":"playful","status":"publish","type":"product","link":"https:\/\/winstage.at\/en\/event\/playful\/","title":{"rendered":"playful"},"content":{"rendered":"<p>In diesem Acrylgem\u00e4lde habe ich einen Wirbel aus Emotionen und Energie eingefangen. Die abstrakten Formen und kr\u00e4ftigen Farben feiern das Chaos und die Ordnung des Lebens gleicherma\u00dfen. Jeder Pinselstrich ist ein Tanz der Gef\u00fchle, der die Lebendigkeit und Dynamik des menschlichen Geistes darstellt. Dieses Kunstwerk soll ein Feuerwerk der Inspiration in Ihrem Zuhause entfachen und zur t\u00e4glichen Reflexion und Entdeckung einladen.<\/p>\n","protected":false},"excerpt":{"rendered":"<p>In diesem Acrylgem\u00e4lde habe ich einen Wirbel aus Emotionen und Energie eingefangen. Die abstrakten Formen&#8230;<\/p>\n","protected":false},"author":252,"featured_media":36247,"template":"","meta":{"_acf_changed":false,"iawp_total_views":0},"besichtigung":[1058],"filter_size":[1063],"filter_style":[1059],"filter_technique":[1060],"kunstler":[1542],"product_brand":[],"product_cat":[1130],"product_tag":[],"class_list":{"0":"post-36249","1":"product","2":"type-product","3":"status-publish","4":"has-post-thumbnail","6":"besichtigung-nur-online","7":"filter_size-m","8":"filter_style-paintings","9":"filter_technique-acryl","10":"kunstler-klaus-angeli-en","11":"product_cat-pro","13":"first","14":"instock","15":"shipping-taxable","16":"product-type-simple"},"acf":[],"_links":{"self":[{"href":"https:\/\/winstage.at\/en\/wp-json\/wp\/v2\/product\/36249","targetHints":{"allow":["GET"]}}],"collection":[{"href":"https:\/\/winstage.at\/en\/wp-json\/wp\/v2\/product"}],"about":[{"href":"https:\/\/winstage.at\/en\/wp-json\/wp\/v2\/types\/product"}],"author":[{"embeddable":true,"href":"https:\/\/winstage.at\/en\/wp-json\/wp\/v2\/users\/252"}],"wp:featuredmedia":[{"embeddable":true,"href":"https:\/\/winstage.at\/en\/wp-json\/wp\/v2\/media\/36247"}],"wp:attachment":[{"href":"https:\/\/winstage.at\/en\/wp-json\/wp\/v2\/media?parent=36249"}],"wp:term":[{"taxonomy":"besichtigung","embeddable":true,"href":"https:\/\/winstage.at\/en\/wp-json\/wp\/v2\/besichtigung?post=36249"},{"taxonomy":"filter_size","embeddable":true,"href":"https:\/\/winstage.at\/en\/wp-json\/wp\/v2\/filter_size?post=36249"},{"taxonomy":"filter_style","embeddable":true,"href":"https:\/\/winstage.at\/en\/wp-json\/wp\/v2\/filter_style?post=36249"},{"taxonomy":"filter_technique","embeddable":true,"href":"https:\/\/winstage.at\/en\/wp-json\/wp\/v2\/filter_technique?post=36249"},{"taxonomy":"kunstler","embeddable":true,"href":"https:\/\/winstage.at\/en\/wp-json\/wp\/v2\/kunstler?post=36249"},{"taxonomy":"product_brand","embeddable":true,"href":"https:\/\/winstage.at\/en\/wp-json\/wp\/v2\/product_brand?post=36249"},{"taxonomy":"product_cat","embeddable":true,"href":"https:\/\/winstage.at\/en\/wp-json\/wp\/v2\/product_cat?post=36249"},{"taxonomy":"product_tag","embeddable":true,"href":"https:\/\/winstage.at\/en\/wp-json\/wp\/v2\/product_tag?post=36249"}],"curies":[{"name":"wp","href":"https:\/\/api.w.org\/{rel}","templated":true}]}}