{"id":36253,"date":"2026-04-03T10:33:45","date_gmt":"2026-04-03T08:33:45","guid":{"rendered":"https:\/\/winstage.at\/?post_type=product&#038;p=36253"},"modified":"2026-04-03T10:33:47","modified_gmt":"2026-04-03T08:33:47","slug":"light-objekt-deep-sea","status":"publish","type":"product","link":"https:\/\/winstage.at\/en\/event\/light-objekt-deep-sea\/","title":{"rendered":"light objekt &#8222;deep sea&#8220;"},"content":{"rendered":"<p>Aus meiner Leidenschaft, Licht und Natur in einem harmonischen Spiel zu verbindenentstand dieses Lichtobjekt. Mit LED, Holz und Epoxidharz habe ich eine lebendige Skulptur geschaffen, die W\u00e4rme und Energie ausstrahlt. Sie f\u00e4ngt das tiefe, innere Leuchten ein und bringt einen strahlenden Akzent voller Leben und Kraft in jeden Raum. Ein echtes Erlebnis f\u00fcr die Sinne! Die Stands\u00e4ule ist auf Wunsch in anderer Optik und H\u00f6he austauschbar bis 50 cm ohne Aufpreis. Die LED Lichttechnik kann selbst programiert und gesteuert werden. Der W\u00fcrfel ist lose aufgelegt und kann gedreht werden um immer wieder neue Lichteffekte zu zeigen.<\/p>\n","protected":false},"excerpt":{"rendered":"<p>Aus meiner Leidenschaft, Licht und Natur in einem harmonischen Spiel zu verbindenentstand dieses Lichtobjekt. Mit&#8230;<\/p>\n","protected":false},"author":252,"featured_media":36251,"template":"","meta":{"_acf_changed":false,"iawp_total_views":0},"besichtigung":[1058],"filter_size":[1063],"filter_style":[1071],"filter_technique":[1076],"kunstler":[1542],"product_brand":[],"product_cat":[1130],"product_tag":[],"class_list":{"0":"post-36253","1":"product","2":"type-product","3":"status-publish","4":"has-post-thumbnail","6":"besichtigung-nur-online","7":"filter_size-m","8":"filter_style-sculpture","9":"filter_technique-art","10":"kunstler-klaus-angeli-en","11":"product_cat-pro","13":"first","14":"instock","15":"shipping-taxable","16":"product-type-simple"},"acf":[],"_links":{"self":[{"href":"https:\/\/winstage.at\/en\/wp-json\/wp\/v2\/product\/36253","targetHints":{"allow":["GET"]}}],"collection":[{"href":"https:\/\/winstage.at\/en\/wp-json\/wp\/v2\/product"}],"about":[{"href":"https:\/\/winstage.at\/en\/wp-json\/wp\/v2\/types\/product"}],"author":[{"embeddable":true,"href":"https:\/\/winstage.at\/en\/wp-json\/wp\/v2\/users\/252"}],"wp:featuredmedia":[{"embeddable":true,"href":"https:\/\/winstage.at\/en\/wp-json\/wp\/v2\/media\/36251"}],"wp:attachment":[{"href":"https:\/\/winstage.at\/en\/wp-json\/wp\/v2\/media?parent=36253"}],"wp:term":[{"taxonomy":"besichtigung","embeddable":true,"href":"https:\/\/winstage.at\/en\/wp-json\/wp\/v2\/besichtigung?post=36253"},{"taxonomy":"filter_size","embeddable":true,"href":"https:\/\/winstage.at\/en\/wp-json\/wp\/v2\/filter_size?post=36253"},{"taxonomy":"filter_style","embeddable":true,"href":"https:\/\/winstage.at\/en\/wp-json\/wp\/v2\/filter_style?post=36253"},{"taxonomy":"filter_technique","embeddable":true,"href":"https:\/\/winstage.at\/en\/wp-json\/wp\/v2\/filter_technique?post=36253"},{"taxonomy":"kunstler","embeddable":true,"href":"https:\/\/winstage.at\/en\/wp-json\/wp\/v2\/kunstler?post=36253"},{"taxonomy":"product_brand","embeddable":true,"href":"https:\/\/winstage.at\/en\/wp-json\/wp\/v2\/product_brand?post=36253"},{"taxonomy":"product_cat","embeddable":true,"href":"https:\/\/winstage.at\/en\/wp-json\/wp\/v2\/product_cat?post=36253"},{"taxonomy":"product_tag","embeddable":true,"href":"https:\/\/winstage.at\/en\/wp-json\/wp\/v2\/product_tag?post=36253"}],"curies":[{"name":"wp","href":"https:\/\/api.w.org\/{rel}","templated":true}]}}