{"id":36257,"date":"2026-04-03T10:33:06","date_gmt":"2026-04-03T08:33:06","guid":{"rendered":"https:\/\/winstage.at\/?post_type=product&#038;p=36257"},"modified":"2026-04-03T10:33:08","modified_gmt":"2026-04-03T08:33:08","slug":"spread","status":"publish","type":"product","link":"https:\/\/winstage.at\/en\/event\/spread\/","title":{"rendered":"spread"},"content":{"rendered":"<p>In diesem bisher gr\u00f6\u00dften Werk habe ich mit leidenschaftlichen Bewegungen und intensiven Farbkombinationen gearbeitet, um Gef\u00fchle von Freiheit und Energie zu erfassen. Diese Acrylmalerei spiegelt eine Welt der Emotionen und Eindr\u00fccke wider, die sich in einem Zusammenspiel aus abstraktem Expressionismus entfaltet. Jeder Pinselstrich ist ein Echo meiner Gedankenwelt, und ich hoffe, dass es die gleiche Lebendigkeit und Inspiration in Ihrem Zuhause entfacht. Auch als Auftragsarbeit in anderer Gr\u00f6\u00dfe in ihrem Raum passend m\u00f6glich.<\/p>\n","protected":false},"excerpt":{"rendered":"<p>In diesem bisher gr\u00f6\u00dften Werk habe ich mit leidenschaftlichen Bewegungen und intensiven Farbkombinationen gearbeitet, um&#8230;<\/p>\n","protected":false},"author":252,"featured_media":36255,"template":"","meta":{"_acf_changed":false,"iawp_total_views":0},"besichtigung":[1058],"filter_size":[1064],"filter_style":[1059],"filter_technique":[1076],"kunstler":[1542],"product_brand":[],"product_cat":[1130],"product_tag":[],"class_list":{"0":"post-36257","1":"product","2":"type-product","3":"status-publish","4":"has-post-thumbnail","6":"besichtigung-nur-online","7":"filter_size-l","8":"filter_style-paintings","9":"filter_technique-art","10":"kunstler-klaus-angeli-en","11":"product_cat-pro","13":"first","14":"instock","15":"shipping-taxable","16":"product-type-simple"},"acf":[],"_links":{"self":[{"href":"https:\/\/winstage.at\/en\/wp-json\/wp\/v2\/product\/36257","targetHints":{"allow":["GET"]}}],"collection":[{"href":"https:\/\/winstage.at\/en\/wp-json\/wp\/v2\/product"}],"about":[{"href":"https:\/\/winstage.at\/en\/wp-json\/wp\/v2\/types\/product"}],"author":[{"embeddable":true,"href":"https:\/\/winstage.at\/en\/wp-json\/wp\/v2\/users\/252"}],"wp:featuredmedia":[{"embeddable":true,"href":"https:\/\/winstage.at\/en\/wp-json\/wp\/v2\/media\/36255"}],"wp:attachment":[{"href":"https:\/\/winstage.at\/en\/wp-json\/wp\/v2\/media?parent=36257"}],"wp:term":[{"taxonomy":"besichtigung","embeddable":true,"href":"https:\/\/winstage.at\/en\/wp-json\/wp\/v2\/besichtigung?post=36257"},{"taxonomy":"filter_size","embeddable":true,"href":"https:\/\/winstage.at\/en\/wp-json\/wp\/v2\/filter_size?post=36257"},{"taxonomy":"filter_style","embeddable":true,"href":"https:\/\/winstage.at\/en\/wp-json\/wp\/v2\/filter_style?post=36257"},{"taxonomy":"filter_technique","embeddable":true,"href":"https:\/\/winstage.at\/en\/wp-json\/wp\/v2\/filter_technique?post=36257"},{"taxonomy":"kunstler","embeddable":true,"href":"https:\/\/winstage.at\/en\/wp-json\/wp\/v2\/kunstler?post=36257"},{"taxonomy":"product_brand","embeddable":true,"href":"https:\/\/winstage.at\/en\/wp-json\/wp\/v2\/product_brand?post=36257"},{"taxonomy":"product_cat","embeddable":true,"href":"https:\/\/winstage.at\/en\/wp-json\/wp\/v2\/product_cat?post=36257"},{"taxonomy":"product_tag","embeddable":true,"href":"https:\/\/winstage.at\/en\/wp-json\/wp\/v2\/product_tag?post=36257"}],"curies":[{"name":"wp","href":"https:\/\/api.w.org\/{rel}","templated":true}]}}