{"id":36261,"date":"2026-04-03T10:31:48","date_gmt":"2026-04-03T08:31:48","guid":{"rendered":"https:\/\/winstage.at\/?post_type=product&#038;p=36261"},"modified":"2026-04-03T10:32:13","modified_gmt":"2026-04-03T08:32:13","slug":"swirled","status":"publish","type":"product","link":"https:\/\/winstage.at\/en\/event\/swirled\/","title":{"rendered":"swirled"},"content":{"rendered":"<p>Die Leidenschaft und Dynamik der Emotionen durch die Verwendung intensiver Rot- und Blaut\u00f6ne habe ich hier in einem abstrakten Stil zum Ausdruck gebracht. Die kraftvollen Wirbel und verschlungenen Linien symbolisieren den st\u00e4ndigen Fluss und die Ver\u00e4nderlichkeit unserer Gef\u00fchle. Es ist ein Bild, das Bewegung und lebendige Energie in jeden Raum bringt, eine t\u00e4gliche Erinnerung an die Sch\u00f6nheit und Tiefe menschlicher Emotionen.<\/p>\n","protected":false},"excerpt":{"rendered":"<p>Die Leidenschaft und Dynamik der Emotionen durch die Verwendung intensiver Rot- und Blaut\u00f6ne habe ich&#8230;<\/p>\n","protected":false},"author":252,"featured_media":36259,"template":"","meta":{"_acf_changed":false,"iawp_total_views":0},"besichtigung":[1058],"filter_size":[1064],"filter_style":[1059],"filter_technique":[1060],"kunstler":[1542],"product_brand":[],"product_cat":[1130],"product_tag":[],"class_list":{"0":"post-36261","1":"product","2":"type-product","3":"status-publish","4":"has-post-thumbnail","6":"besichtigung-nur-online","7":"filter_size-l","8":"filter_style-paintings","9":"filter_technique-acryl","10":"kunstler-klaus-angeli-en","11":"product_cat-pro","13":"first","14":"instock","15":"shipping-taxable","16":"product-type-simple"},"acf":[],"_links":{"self":[{"href":"https:\/\/winstage.at\/en\/wp-json\/wp\/v2\/product\/36261","targetHints":{"allow":["GET"]}}],"collection":[{"href":"https:\/\/winstage.at\/en\/wp-json\/wp\/v2\/product"}],"about":[{"href":"https:\/\/winstage.at\/en\/wp-json\/wp\/v2\/types\/product"}],"author":[{"embeddable":true,"href":"https:\/\/winstage.at\/en\/wp-json\/wp\/v2\/users\/252"}],"wp:featuredmedia":[{"embeddable":true,"href":"https:\/\/winstage.at\/en\/wp-json\/wp\/v2\/media\/36259"}],"wp:attachment":[{"href":"https:\/\/winstage.at\/en\/wp-json\/wp\/v2\/media?parent=36261"}],"wp:term":[{"taxonomy":"besichtigung","embeddable":true,"href":"https:\/\/winstage.at\/en\/wp-json\/wp\/v2\/besichtigung?post=36261"},{"taxonomy":"filter_size","embeddable":true,"href":"https:\/\/winstage.at\/en\/wp-json\/wp\/v2\/filter_size?post=36261"},{"taxonomy":"filter_style","embeddable":true,"href":"https:\/\/winstage.at\/en\/wp-json\/wp\/v2\/filter_style?post=36261"},{"taxonomy":"filter_technique","embeddable":true,"href":"https:\/\/winstage.at\/en\/wp-json\/wp\/v2\/filter_technique?post=36261"},{"taxonomy":"kunstler","embeddable":true,"href":"https:\/\/winstage.at\/en\/wp-json\/wp\/v2\/kunstler?post=36261"},{"taxonomy":"product_brand","embeddable":true,"href":"https:\/\/winstage.at\/en\/wp-json\/wp\/v2\/product_brand?post=36261"},{"taxonomy":"product_cat","embeddable":true,"href":"https:\/\/winstage.at\/en\/wp-json\/wp\/v2\/product_cat?post=36261"},{"taxonomy":"product_tag","embeddable":true,"href":"https:\/\/winstage.at\/en\/wp-json\/wp\/v2\/product_tag?post=36261"}],"curies":[{"name":"wp","href":"https:\/\/api.w.org\/{rel}","templated":true}]}}