{"id":36266,"date":"2026-04-03T10:37:28","date_gmt":"2026-04-03T08:37:28","guid":{"rendered":"https:\/\/winstage.at\/?post_type=product&#038;p=36266"},"modified":"2026-04-03T10:37:29","modified_gmt":"2026-04-03T08:37:29","slug":"flying-dragon","status":"publish","type":"product","link":"https:\/\/winstage.at\/en\/event\/flying-dragon\/","title":{"rendered":"flying dragon"},"content":{"rendered":"<p>In meinem Acrylgem\u00e4lde flie\u00dfen Energie und Leidenschaft zusammen. Ich habe intensive Rott\u00f6ne verwendet, um eine kraftvolle Stimmung einzufangen, die die Dynamik und das Feuer des Lebens symbolisiert. Die tiefschwarzen Akzente bieten einen starken Kontrast, der die Komplexit\u00e4t und die Tiefen der menschlichen Erfahrung widerspiegelt. Durch den stuckturierten Untergrund gewinnt das Werk an Tiefe. Das Werk soll im Betrachter eine starke emotionale Reaktion hervorrufen und seinem Raum eine lebhafte Energie verleihen.<\/p>\n","protected":false},"excerpt":{"rendered":"<p>In meinem Acrylgem\u00e4lde flie\u00dfen Energie und Leidenschaft zusammen. Ich habe intensive Rott\u00f6ne verwendet, um eine&#8230;<\/p>\n","protected":false},"author":252,"featured_media":36263,"template":"","meta":{"_acf_changed":false,"iawp_total_views":0},"besichtigung":[1058],"filter_size":[1064],"filter_style":[1059],"filter_technique":[1060],"kunstler":[1542],"product_brand":[],"product_cat":[1130],"product_tag":[],"class_list":{"0":"post-36266","1":"product","2":"type-product","3":"status-publish","4":"has-post-thumbnail","6":"besichtigung-nur-online","7":"filter_size-l","8":"filter_style-paintings","9":"filter_technique-acryl","10":"kunstler-klaus-angeli-en","11":"product_cat-pro","13":"first","14":"instock","15":"shipping-taxable","16":"product-type-simple"},"acf":[],"_links":{"self":[{"href":"https:\/\/winstage.at\/en\/wp-json\/wp\/v2\/product\/36266","targetHints":{"allow":["GET"]}}],"collection":[{"href":"https:\/\/winstage.at\/en\/wp-json\/wp\/v2\/product"}],"about":[{"href":"https:\/\/winstage.at\/en\/wp-json\/wp\/v2\/types\/product"}],"author":[{"embeddable":true,"href":"https:\/\/winstage.at\/en\/wp-json\/wp\/v2\/users\/252"}],"wp:featuredmedia":[{"embeddable":true,"href":"https:\/\/winstage.at\/en\/wp-json\/wp\/v2\/media\/36263"}],"wp:attachment":[{"href":"https:\/\/winstage.at\/en\/wp-json\/wp\/v2\/media?parent=36266"}],"wp:term":[{"taxonomy":"besichtigung","embeddable":true,"href":"https:\/\/winstage.at\/en\/wp-json\/wp\/v2\/besichtigung?post=36266"},{"taxonomy":"filter_size","embeddable":true,"href":"https:\/\/winstage.at\/en\/wp-json\/wp\/v2\/filter_size?post=36266"},{"taxonomy":"filter_style","embeddable":true,"href":"https:\/\/winstage.at\/en\/wp-json\/wp\/v2\/filter_style?post=36266"},{"taxonomy":"filter_technique","embeddable":true,"href":"https:\/\/winstage.at\/en\/wp-json\/wp\/v2\/filter_technique?post=36266"},{"taxonomy":"kunstler","embeddable":true,"href":"https:\/\/winstage.at\/en\/wp-json\/wp\/v2\/kunstler?post=36266"},{"taxonomy":"product_brand","embeddable":true,"href":"https:\/\/winstage.at\/en\/wp-json\/wp\/v2\/product_brand?post=36266"},{"taxonomy":"product_cat","embeddable":true,"href":"https:\/\/winstage.at\/en\/wp-json\/wp\/v2\/product_cat?post=36266"},{"taxonomy":"product_tag","embeddable":true,"href":"https:\/\/winstage.at\/en\/wp-json\/wp\/v2\/product_tag?post=36266"}],"curies":[{"name":"wp","href":"https:\/\/api.w.org\/{rel}","templated":true}]}}