{"id":36287,"date":"2026-04-03T18:32:41","date_gmt":"2026-04-03T16:32:41","guid":{"rendered":"https:\/\/winstage.at\/?post_type=product&#038;p=36287"},"modified":"2026-04-03T18:32:43","modified_gmt":"2026-04-03T16:32:43","slug":"supernatural","status":"publish","type":"product","link":"https:\/\/winstage.at\/en\/event\/supernatural\/","title":{"rendered":"supernatural"},"content":{"rendered":"<p>Hier manifestiert sich das Metaphysische, das Unfassbare. Man sp\u00fcrt den Puls des Unbekannten, die feinen Linien und dynamischen Strudel sprechen von einer anderen Welt. Ich wollte die St\u00e4rke und Macht des \u00dcbersinnlichen einfangen, ein Fenster zu einer Dimension \u00f6ffnen, die jenseits unseres greifbaren Universums liegt. Diese Arbeit soll ein Gef\u00fchl von Ehrfurcht und Wunder entfachen und t\u00e4glich zum Nachdenken anregen. Farblich angelegt mit metalilschen Effekten und viel Strucktur.<\/p>\n","protected":false},"excerpt":{"rendered":"<p>Hier manifestiert sich das Metaphysische, das Unfassbare. Man sp\u00fcrt den Puls des Unbekannten, die feinen&#8230;<\/p>\n","protected":false},"author":252,"featured_media":36285,"template":"","meta":{"_acf_changed":false,"iawp_total_views":0},"besichtigung":[1058],"filter_size":[],"filter_style":[1059],"filter_technique":[1060],"kunstler":[1542],"product_brand":[],"product_cat":[1130],"product_tag":[],"class_list":{"0":"post-36287","1":"product","2":"type-product","3":"status-publish","4":"has-post-thumbnail","6":"besichtigung-nur-online","7":"filter_style-paintings","8":"filter_technique-acryl","9":"kunstler-klaus-angeli-en","10":"product_cat-pro","12":"first","13":"instock","14":"shipping-taxable","15":"product-type-simple"},"acf":[],"_links":{"self":[{"href":"https:\/\/winstage.at\/en\/wp-json\/wp\/v2\/product\/36287","targetHints":{"allow":["GET"]}}],"collection":[{"href":"https:\/\/winstage.at\/en\/wp-json\/wp\/v2\/product"}],"about":[{"href":"https:\/\/winstage.at\/en\/wp-json\/wp\/v2\/types\/product"}],"author":[{"embeddable":true,"href":"https:\/\/winstage.at\/en\/wp-json\/wp\/v2\/users\/252"}],"wp:featuredmedia":[{"embeddable":true,"href":"https:\/\/winstage.at\/en\/wp-json\/wp\/v2\/media\/36285"}],"wp:attachment":[{"href":"https:\/\/winstage.at\/en\/wp-json\/wp\/v2\/media?parent=36287"}],"wp:term":[{"taxonomy":"besichtigung","embeddable":true,"href":"https:\/\/winstage.at\/en\/wp-json\/wp\/v2\/besichtigung?post=36287"},{"taxonomy":"filter_size","embeddable":true,"href":"https:\/\/winstage.at\/en\/wp-json\/wp\/v2\/filter_size?post=36287"},{"taxonomy":"filter_style","embeddable":true,"href":"https:\/\/winstage.at\/en\/wp-json\/wp\/v2\/filter_style?post=36287"},{"taxonomy":"filter_technique","embeddable":true,"href":"https:\/\/winstage.at\/en\/wp-json\/wp\/v2\/filter_technique?post=36287"},{"taxonomy":"kunstler","embeddable":true,"href":"https:\/\/winstage.at\/en\/wp-json\/wp\/v2\/kunstler?post=36287"},{"taxonomy":"product_brand","embeddable":true,"href":"https:\/\/winstage.at\/en\/wp-json\/wp\/v2\/product_brand?post=36287"},{"taxonomy":"product_cat","embeddable":true,"href":"https:\/\/winstage.at\/en\/wp-json\/wp\/v2\/product_cat?post=36287"},{"taxonomy":"product_tag","embeddable":true,"href":"https:\/\/winstage.at\/en\/wp-json\/wp\/v2\/product_tag?post=36287"}],"curies":[{"name":"wp","href":"https:\/\/api.w.org\/{rel}","templated":true}]}}